{"id":4,"date":"2026-04-03T09:17:03","date_gmt":"2026-04-03T07:17:03","guid":{"rendered":"https:\/\/wordpress.h3campus.fr\/louann-fernandes\/?page_id=4"},"modified":"2026-04-30T23:56:39","modified_gmt":"2026-04-30T21:56:39","slug":"accueil","status":"publish","type":"page","link":"https:\/\/wordpress.h3campus.fr\/louann-fernandes\/","title":{"rendered":"Accueil"},"content":{"rendered":"\n<div class=\"wp-block-media-text is-stacked-on-mobile\" style=\"border-style:none;border-width:0px;grid-template-columns:28% auto\"><figure class=\"wp-block-media-text__media\"><img fetchpriority=\"high\" decoding=\"async\" width=\"736\" height=\"981\" src=\"https:\/\/wordpress.h3campus.fr\/louann-fernandes\/wp-content\/uploads\/sites\/17\/2026\/04\/Initial-Bouquet-Luxury-red-roses-2.jpg\" alt=\"\" class=\"wp-image-103 size-full\" srcset=\"https:\/\/wordpress.h3campus.fr\/louann-fernandes\/wp-content\/uploads\/sites\/17\/2026\/04\/Initial-Bouquet-Luxury-red-roses-2.jpg 736w, https:\/\/wordpress.h3campus.fr\/louann-fernandes\/wp-content\/uploads\/sites\/17\/2026\/04\/Initial-Bouquet-Luxury-red-roses-2-225x300.jpg 225w, https:\/\/wordpress.h3campus.fr\/louann-fernandes\/wp-content\/uploads\/sites\/17\/2026\/04\/Initial-Bouquet-Luxury-red-roses-2-600x800.jpg 600w\" sizes=\"(max-width: 736px) 100vw, 736px\" \/><\/figure><div class=\"wp-block-media-text__content\">\n<p class=\"has-ast-global-color-5-color has-text-color has-link-color has-large-font-size wp-elements-51ab3b5fbf768c139e357b4b287d3d92\"><strong>Offrez un bouquet unique qui ne fane jamais<\/strong><\/p>\n\n\n\n<p class=\"has-medium-font-size\">Cr\u00e9ez votre bouquet de roses artificielles personnalis\u00e9<\/p>\n\n\n\n<div class=\"wp-block-buttons is-content-justification-center is-layout-flex wp-container-core-buttons-is-layout-a89b3969 wp-block-buttons-is-layout-flex\">\n<div class=\"wp-block-button\"><a class=\"wp-block-button__link wp-element-button\">Cr\u00e9ez mon bouquet<\/a><\/div>\n\n\n\n<div class=\"wp-block-button is-style-outline is-style-outline--1\"><a class=\"wp-block-button__link wp-element-button\">Voir la collection<\/a><\/div>\n<\/div>\n<\/div><\/div>\n\n\n\n<p class=\"has-text-align-center has-x-large-font-size\">Produits Populaire<\/p>\n\n\n\n<figure class=\"wp-block-gallery has-nested-images columns-default is-cropped wp-block-gallery-2 is-layout-flex wp-block-gallery-is-layout-flex\">\n<figure class=\"wp-block-image size-large is-style-rounded\"><img decoding=\"async\" width=\"709\" height=\"1024\" data-id=\"104\" src=\"https:\/\/wordpress.h3campus.fr\/louann-fernandes\/wp-content\/uploads\/sites\/17\/2026\/04\/unnamed-file-1-709x1024.jpg\" alt=\"\" class=\"wp-image-104\" srcset=\"https:\/\/wordpress.h3campus.fr\/louann-fernandes\/wp-content\/uploads\/sites\/17\/2026\/04\/unnamed-file-1-709x1024.jpg 709w, https:\/\/wordpress.h3campus.fr\/louann-fernandes\/wp-content\/uploads\/sites\/17\/2026\/04\/unnamed-file-1-208x300.jpg 208w, https:\/\/wordpress.h3campus.fr\/louann-fernandes\/wp-content\/uploads\/sites\/17\/2026\/04\/unnamed-file-1-600x867.jpg 600w, https:\/\/wordpress.h3campus.fr\/louann-fernandes\/wp-content\/uploads\/sites\/17\/2026\/04\/unnamed-file-1.jpg 720w\" sizes=\"(max-width: 709px) 100vw, 709px\" \/><\/figure>\n\n\n\n<figure class=\"wp-block-image size-large is-style-rounded\" style=\"margin-top:0;margin-bottom:0\"><img decoding=\"async\" width=\"736\" height=\"736\" data-id=\"105\" src=\"https:\/\/wordpress.h3campus.fr\/louann-fernandes\/wp-content\/uploads\/sites\/17\/2026\/04\/3.jpg\" alt=\"\" class=\"wp-image-105\" srcset=\"https:\/\/wordpress.h3campus.fr\/louann-fernandes\/wp-content\/uploads\/sites\/17\/2026\/04\/3.jpg 736w, https:\/\/wordpress.h3campus.fr\/louann-fernandes\/wp-content\/uploads\/sites\/17\/2026\/04\/3-300x300.jpg 300w, https:\/\/wordpress.h3campus.fr\/louann-fernandes\/wp-content\/uploads\/sites\/17\/2026\/04\/3-150x150.jpg 150w, https:\/\/wordpress.h3campus.fr\/louann-fernandes\/wp-content\/uploads\/sites\/17\/2026\/04\/3-600x600.jpg 600w, https:\/\/wordpress.h3campus.fr\/louann-fernandes\/wp-content\/uploads\/sites\/17\/2026\/04\/3-100x100.jpg 100w\" sizes=\"(max-width: 736px) 100vw, 736px\" \/><\/figure>\n\n\n\n<figure class=\"wp-block-image size-large is-style-rounded\" style=\"margin-top:0;margin-bottom:0\"><img loading=\"lazy\" decoding=\"async\" width=\"585\" height=\"1024\" data-id=\"106\" src=\"https:\/\/wordpress.h3campus.fr\/louann-fernandes\/wp-content\/uploads\/sites\/17\/2026\/04\/2-2-585x1024.jpg\" alt=\"\" class=\"wp-image-106\" srcset=\"https:\/\/wordpress.h3campus.fr\/louann-fernandes\/wp-content\/uploads\/sites\/17\/2026\/04\/2-2-585x1024.jpg 585w, https:\/\/wordpress.h3campus.fr\/louann-fernandes\/wp-content\/uploads\/sites\/17\/2026\/04\/2-2-172x300.jpg 172w, https:\/\/wordpress.h3campus.fr\/louann-fernandes\/wp-content\/uploads\/sites\/17\/2026\/04\/2-2-600x1050.jpg 600w, https:\/\/wordpress.h3campus.fr\/louann-fernandes\/wp-content\/uploads\/sites\/17\/2026\/04\/2-2.jpg 686w\" sizes=\"(max-width: 585px) 100vw, 585px\" \/><\/figure>\n<\/figure>\n\n\n\n<div class=\"wp-block-columns are-vertically-aligned-top is-layout-flex wp-container-core-columns-is-layout-fa0e320e wp-block-columns-is-layout-flex\" style=\"margin-top:0;margin-bottom:0;padding-top:0;padding-bottom:0\">\n<div class=\"wp-block-column is-vertically-aligned-top is-layout-flow wp-block-column-is-layout-flow\">\n<p class=\"has-text-align-left has-medium-font-size\"><strong>Bouquet 50 roses<\/strong> <\/p>\n\n\n\n<p class=\"has-medium-font-size\">129 \u20ac <\/p>\n<\/div>\n\n\n\n<div class=\"wp-block-column is-vertically-aligned-top is-layout-flow wp-block-column-is-layout-flow\">\n<p class=\"has-text-align-center has-medium-font-size\">     <strong>Bouquet initiale \u00ab\u00a0L\u00a0\u00bb<\/strong><\/p>\n\n\n\n<p class=\"has-text-align-center has-medium-font-size\">     249 \u20ac<\/p>\n<\/div>\n\n\n\n<div class=\"wp-block-column is-vertically-aligned-top is-layout-flow wp-block-column-is-layout-flow\">\n<p class=\"has-text-align-center has-medium-font-size\">        <strong>Bouquet garni maquillage<\/strong><\/p>\n\n\n\n<p class=\"has-text-align-center has-medium-font-size\">        99 \u20ac (fournir le maquillage) <\/p>\n<\/div>\n<\/div>\n\n\n\n<p class=\"has-text-align-center has-x-large-font-size\">Comment \u00e7a marche ?<\/p>\n\n\n\n<div class=\"wp-block-media-text is-stacked-on-mobile\" style=\"grid-template-columns:22% auto\"><figure class=\"wp-block-media-text__media\"><img loading=\"lazy\" decoding=\"async\" width=\"350\" height=\"398\" src=\"https:\/\/wordpress.h3campus.fr\/louann-fernandes\/wp-content\/uploads\/sites\/17\/2026\/04\/Capture-decran-2026-04-30-a-11.29.39.png\" alt=\"\" class=\"wp-image-108 size-full\" srcset=\"https:\/\/wordpress.h3campus.fr\/louann-fernandes\/wp-content\/uploads\/sites\/17\/2026\/04\/Capture-decran-2026-04-30-a-11.29.39.png 350w, https:\/\/wordpress.h3campus.fr\/louann-fernandes\/wp-content\/uploads\/sites\/17\/2026\/04\/Capture-decran-2026-04-30-a-11.29.39-264x300.png 264w\" sizes=\"(max-width: 350px) 100vw, 350px\" \/><\/figure><div class=\"wp-block-media-text__content\">\n<p class=\"has-ast-global-color-5-color has-text-color has-link-color has-large-font-size wp-elements-55f21d4386db30b054f4927df6b7f033\"><strong>1. Choisissez le nombre de roses<\/strong><\/p>\n\n\n\n<p class=\"has-medium-font-size\">10, 20, 30, 50, 100\u2026<\/p>\n<\/div><\/div>\n\n\n\n<div class=\"wp-block-media-text is-stacked-on-mobile\" style=\"grid-template-columns:22% auto\"><figure class=\"wp-block-media-text__media\"><img loading=\"lazy\" decoding=\"async\" width=\"788\" height=\"920\" src=\"https:\/\/wordpress.h3campus.fr\/louann-fernandes\/wp-content\/uploads\/sites\/17\/2026\/04\/Capture-decran-2026-04-30-a-11.31.49.png\" alt=\"\" class=\"wp-image-110 size-full\" srcset=\"https:\/\/wordpress.h3campus.fr\/louann-fernandes\/wp-content\/uploads\/sites\/17\/2026\/04\/Capture-decran-2026-04-30-a-11.31.49.png 788w, https:\/\/wordpress.h3campus.fr\/louann-fernandes\/wp-content\/uploads\/sites\/17\/2026\/04\/Capture-decran-2026-04-30-a-11.31.49-257x300.png 257w, https:\/\/wordpress.h3campus.fr\/louann-fernandes\/wp-content\/uploads\/sites\/17\/2026\/04\/Capture-decran-2026-04-30-a-11.31.49-768x897.png 768w, https:\/\/wordpress.h3campus.fr\/louann-fernandes\/wp-content\/uploads\/sites\/17\/2026\/04\/Capture-decran-2026-04-30-a-11.31.49-600x701.png 600w\" sizes=\"(max-width: 788px) 100vw, 788px\" \/><\/figure><div class=\"wp-block-media-text__content\">\n<p class=\"has-ast-global-color-5-color has-text-color has-link-color has-large-font-size wp-elements-614f715ba37ee2f07bf37f590ac0b8f5\"><strong>2. Personnalisez votre bouquet<\/strong><\/p>\n\n\n\n<p class=\"has-medium-font-size\">Couleur, initiale, LED, emballage,maquillage&#8230;<\/p>\n<\/div><\/div>\n\n\n\n<div class=\"wp-block-media-text is-stacked-on-mobile\" style=\"grid-template-columns:22% auto\"><figure class=\"wp-block-media-text__media\"><img loading=\"lazy\" decoding=\"async\" width=\"788\" height=\"802\" src=\"https:\/\/wordpress.h3campus.fr\/louann-fernandes\/wp-content\/uploads\/sites\/17\/2026\/04\/Capture-decran-2026-04-30-a-11.34.16.png\" alt=\"\" class=\"wp-image-112 size-full\" srcset=\"https:\/\/wordpress.h3campus.fr\/louann-fernandes\/wp-content\/uploads\/sites\/17\/2026\/04\/Capture-decran-2026-04-30-a-11.34.16.png 788w, https:\/\/wordpress.h3campus.fr\/louann-fernandes\/wp-content\/uploads\/sites\/17\/2026\/04\/Capture-decran-2026-04-30-a-11.34.16-295x300.png 295w, https:\/\/wordpress.h3campus.fr\/louann-fernandes\/wp-content\/uploads\/sites\/17\/2026\/04\/Capture-decran-2026-04-30-a-11.34.16-768x782.png 768w, https:\/\/wordpress.h3campus.fr\/louann-fernandes\/wp-content\/uploads\/sites\/17\/2026\/04\/Capture-decran-2026-04-30-a-11.34.16-600x611.png 600w\" sizes=\"(max-width: 788px) 100vw, 788px\" \/><\/figure><div class=\"wp-block-media-text__content\">\n<p class=\"has-ast-global-color-5-color has-text-color has-link-color has-large-font-size wp-elements-a128bb886644d3d3c9fb87e04946774c\"><strong>3. Recevez votre cr\u00e9ation<\/strong><\/p>\n\n\n\n<p class=\"has-medium-font-size\">Un bouquet \u00e9l\u00e9gant pr\u00eat \u00e0 offrir<\/p>\n<\/div><\/div>\n\n\n\n<p class=\"has-text-align-center has-x-large-font-size\">Pourquoi nous choisir ?<\/p>\n\n\n\n<div class=\"wp-block-columns is-layout-flex wp-container-core-columns-is-layout-ec2e7a44 wp-block-columns-is-layout-flex\" style=\"padding-top:0;padding-bottom:0\">\n<div class=\"wp-block-column is-layout-flow wp-block-column-is-layout-flow\">\n<figure class=\"wp-block-image size-large\" style=\"margin-right:var(--wp--preset--spacing--50);margin-left:var(--wp--preset--spacing--50)\"><img loading=\"lazy\" decoding=\"async\" width=\"1024\" height=\"265\" src=\"https:\/\/wordpress.h3campus.fr\/louann-fernandes\/wp-content\/uploads\/sites\/17\/2026\/04\/Capture-decran-2026-04-30-a-11.46.17-1024x265.png\" alt=\"\" class=\"wp-image-123\" srcset=\"https:\/\/wordpress.h3campus.fr\/louann-fernandes\/wp-content\/uploads\/sites\/17\/2026\/04\/Capture-decran-2026-04-30-a-11.46.17-1024x265.png 1024w, https:\/\/wordpress.h3campus.fr\/louann-fernandes\/wp-content\/uploads\/sites\/17\/2026\/04\/Capture-decran-2026-04-30-a-11.46.17-300x78.png 300w, https:\/\/wordpress.h3campus.fr\/louann-fernandes\/wp-content\/uploads\/sites\/17\/2026\/04\/Capture-decran-2026-04-30-a-11.46.17-768x199.png 768w, https:\/\/wordpress.h3campus.fr\/louann-fernandes\/wp-content\/uploads\/sites\/17\/2026\/04\/Capture-decran-2026-04-30-a-11.46.17-1536x397.png 1536w, https:\/\/wordpress.h3campus.fr\/louann-fernandes\/wp-content\/uploads\/sites\/17\/2026\/04\/Capture-decran-2026-04-30-a-11.46.17-600x155.png 600w, https:\/\/wordpress.h3campus.fr\/louann-fernandes\/wp-content\/uploads\/sites\/17\/2026\/04\/Capture-decran-2026-04-30-a-11.46.17.png 1756w\" sizes=\"(max-width: 1024px) 100vw, 1024px\" \/><\/figure>\n<\/div>\n<\/div>\n\n\n\n<div class=\"wp-block-columns is-layout-flex wp-container-core-columns-is-layout-d0d447cb wp-block-columns-is-layout-flex\" style=\"padding-top:0;padding-bottom:0\">\n<div class=\"wp-block-column is-layout-flow wp-block-column-is-layout-flow\">\n<p class=\"has-text-align-center\"><strong>Personnalisation unique<\/strong><\/p>\n<\/div>\n\n\n\n<div class=\"wp-block-column is-layout-flow wp-block-column-is-layout-flow\">\n<p class=\"has-text-align-center\"><strong>Roses artificielles durables<\/strong><\/p>\n<\/div>\n\n\n\n<div class=\"wp-block-column is-layout-flow wp-block-column-is-layout-flow\">\n<p class=\"has-text-align-center\"><strong>Id\u00e9al pour offrir<\/strong><\/p>\n<\/div>\n\n\n\n<div class=\"wp-block-column is-layout-flow wp-block-column-is-layout-flow\">\n<p class=\"has-text-align-center\"><strong>Finition \u00e9l\u00e9gante<\/strong><\/p>\n<\/div>\n<\/div>\n\n\n\n<p><\/p>\n","protected":false},"excerpt":{"rendered":"<p>Produits Populaire Bouquet 50 roses 129 \u20ac Bouquet initiale \u00ab\u00a0L\u00a0\u00bb 249 \u20ac Bouquet garni maquillage 99 \u20ac (fournir le maquillage) [&hellip;]<\/p>\n","protected":false},"author":14,"featured_media":0,"parent":0,"menu_order":0,"comment_status":"closed","ping_status":"closed","template":"","meta":{"site-sidebar-layout":"default","site-content-layout":"","ast-site-content-layout":"default","site-content-style":"default","site-sidebar-style":"default","ast-global-header-display":"","ast-banner-title-visibility":"","ast-main-header-display":"","ast-hfb-above-header-display":"","ast-hfb-below-header-display":"","ast-hfb-mobile-header-display":"","site-post-title":"disabled","ast-breadcrumbs-content":"","ast-featured-img":"","footer-sml-layout":"","ast-disable-related-posts":"","theme-transparent-header-meta":"","adv-header-id-meta":"","stick-header-meta":"","header-above-stick-meta":"","header-main-stick-meta":"","header-below-stick-meta":"","astra-migrate-meta-layouts":"default","ast-page-background-enabled":"default","ast-page-background-meta":{"desktop":{"background-color":"var(--ast-global-color-5)","background-image":"","background-repeat":"repeat","background-position":"center center","background-size":"auto","background-attachment":"scroll","background-type":"","background-media":"","overlay-type":"","overlay-color":"","overlay-opacity":"","overlay-gradient":""},"tablet":{"background-color":"","background-image":"","background-repeat":"repeat","background-position":"center center","background-size":"auto","background-attachment":"scroll","background-type":"","background-media":"","overlay-type":"","overlay-color":"","overlay-opacity":"","overlay-gradient":""},"mobile":{"background-color":"","background-image":"","background-repeat":"repeat","background-position":"center center","background-size":"auto","background-attachment":"scroll","background-type":"","background-media":"","overlay-type":"","overlay-color":"","overlay-opacity":"","overlay-gradient":""}},"ast-content-background-meta":{"desktop":{"background-color":"var(--ast-global-color-4)","background-image":"","background-repeat":"repeat","background-position":"center center","background-size":"auto","background-attachment":"scroll","background-type":"","background-media":"","overlay-type":"","overlay-color":"","overlay-opacity":"","overlay-gradient":""},"tablet":{"background-color":"var(--ast-global-color-4)","background-image":"","background-repeat":"repeat","background-position":"center center","background-size":"auto","background-attachment":"scroll","background-type":"","background-media":"","overlay-type":"","overlay-color":"","overlay-opacity":"","overlay-gradient":""},"mobile":{"background-color":"var(--ast-global-color-4)","background-image":"","background-repeat":"repeat","background-position":"center center","background-size":"auto","background-attachment":"scroll","background-type":"","background-media":"","overlay-type":"","overlay-color":"","overlay-opacity":"","overlay-gradient":""}},"footnotes":""},"class_list":["post-4","page","type-page","status-publish","hentry"],"yoast_head":"<!-- This site is optimized with the Yoast SEO plugin v27.4 - https:\/\/yoast.com\/product\/yoast-seo-wordpress\/ -->\n<title>Accueil -<\/title>\n<meta name=\"robots\" content=\"index, follow, max-snippet:-1, max-image-preview:large, max-video-preview:-1\" \/>\n<link rel=\"canonical\" href=\"https:\/\/wordpress.h3campus.fr\/louann-fernandes\/\" \/>\n<meta property=\"og:locale\" content=\"fr_FR\" \/>\n<meta property=\"og:type\" content=\"article\" \/>\n<meta property=\"og:title\" content=\"Accueil -\" \/>\n<meta property=\"og:description\" content=\"Produits Populaire Bouquet 50 roses 129 \u20ac Bouquet initiale \u00ab\u00a0L\u00a0\u00bb 249 \u20ac Bouquet garni maquillage 99 \u20ac (fournir le maquillage) [&hellip;]\" \/>\n<meta property=\"og:url\" content=\"https:\/\/wordpress.h3campus.fr\/louann-fernandes\/\" \/>\n<meta property=\"article:modified_time\" content=\"2026-04-30T21:56:39+00:00\" \/>\n<meta property=\"og:image\" content=\"https:\/\/wordpress.h3campus.fr\/louann-fernandes\/wp-content\/uploads\/sites\/17\/2026\/04\/Initial-Bouquet-Luxury-red-roses-2.jpg\" \/>\n\t<meta property=\"og:image:width\" content=\"736\" \/>\n\t<meta property=\"og:image:height\" content=\"981\" \/>\n\t<meta property=\"og:image:type\" content=\"image\/jpeg\" \/>\n<meta name=\"twitter:card\" content=\"summary_large_image\" \/>\n<meta name=\"twitter:label1\" content=\"Est. reading time\" \/>\n\t<meta name=\"twitter:data1\" content=\"3 minutes\" \/>\n<script type=\"application\/ld+json\" class=\"yoast-schema-graph\">{\"@context\":\"https:\\\/\\\/schema.org\",\"@graph\":[{\"@type\":\"WebPage\",\"@id\":\"https:\\\/\\\/wordpress.h3campus.fr\\\/louann-fernandes\\\/\",\"url\":\"https:\\\/\\\/wordpress.h3campus.fr\\\/louann-fernandes\\\/\",\"name\":\"Accueil -\",\"isPartOf\":{\"@id\":\"https:\\\/\\\/wordpress.h3campus.fr\\\/louann-fernandes\\\/#website\"},\"primaryImageOfPage\":{\"@id\":\"https:\\\/\\\/wordpress.h3campus.fr\\\/louann-fernandes\\\/#primaryimage\"},\"image\":{\"@id\":\"https:\\\/\\\/wordpress.h3campus.fr\\\/louann-fernandes\\\/#primaryimage\"},\"thumbnailUrl\":\"https:\\\/\\\/wordpress.h3campus.fr\\\/louann-fernandes\\\/wp-content\\\/uploads\\\/sites\\\/17\\\/2026\\\/04\\\/Initial-Bouquet-Luxury-red-roses-2.jpg\",\"datePublished\":\"2026-04-03T07:17:03+00:00\",\"dateModified\":\"2026-04-30T21:56:39+00:00\",\"breadcrumb\":{\"@id\":\"https:\\\/\\\/wordpress.h3campus.fr\\\/louann-fernandes\\\/#breadcrumb\"},\"inLanguage\":\"fr-FR\",\"potentialAction\":[{\"@type\":\"ReadAction\",\"target\":[\"https:\\\/\\\/wordpress.h3campus.fr\\\/louann-fernandes\\\/\"]}]},{\"@type\":\"ImageObject\",\"inLanguage\":\"fr-FR\",\"@id\":\"https:\\\/\\\/wordpress.h3campus.fr\\\/louann-fernandes\\\/#primaryimage\",\"url\":\"https:\\\/\\\/wordpress.h3campus.fr\\\/louann-fernandes\\\/wp-content\\\/uploads\\\/sites\\\/17\\\/2026\\\/04\\\/Initial-Bouquet-Luxury-red-roses-2.jpg\",\"contentUrl\":\"https:\\\/\\\/wordpress.h3campus.fr\\\/louann-fernandes\\\/wp-content\\\/uploads\\\/sites\\\/17\\\/2026\\\/04\\\/Initial-Bouquet-Luxury-red-roses-2.jpg\",\"width\":736,\"height\":981},{\"@type\":\"BreadcrumbList\",\"@id\":\"https:\\\/\\\/wordpress.h3campus.fr\\\/louann-fernandes\\\/#breadcrumb\",\"itemListElement\":[{\"@type\":\"ListItem\",\"position\":1,\"name\":\"Home\",\"item\":\"https:\\\/\\\/wordpress.h3campus.fr\\\/louann-fernandes\\\/\"},{\"@type\":\"ListItem\",\"position\":2,\"name\":\"Accueil\"}]},{\"@type\":\"WebSite\",\"@id\":\"https:\\\/\\\/wordpress.h3campus.fr\\\/louann-fernandes\\\/#website\",\"url\":\"https:\\\/\\\/wordpress.h3campus.fr\\\/louann-fernandes\\\/\",\"name\":\"\",\"description\":\"L\u2019\u00e9l\u00e9gance qui ne fane jamais.\",\"potentialAction\":[{\"@type\":\"SearchAction\",\"target\":{\"@type\":\"EntryPoint\",\"urlTemplate\":\"https:\\\/\\\/wordpress.h3campus.fr\\\/louann-fernandes\\\/?s={search_term_string}\"},\"query-input\":{\"@type\":\"PropertyValueSpecification\",\"valueRequired\":true,\"valueName\":\"search_term_string\"}}],\"inLanguage\":\"fr-FR\"}]}<\/script>\n<!-- \/ Yoast SEO plugin. -->","yoast_head_json":{"title":"Accueil -","robots":{"index":"index","follow":"follow","max-snippet":"max-snippet:-1","max-image-preview":"max-image-preview:large","max-video-preview":"max-video-preview:-1"},"canonical":"https:\/\/wordpress.h3campus.fr\/louann-fernandes\/","og_locale":"fr_FR","og_type":"article","og_title":"Accueil -","og_description":"Produits Populaire Bouquet 50 roses 129 \u20ac Bouquet initiale \u00ab\u00a0L\u00a0\u00bb 249 \u20ac Bouquet garni maquillage 99 \u20ac (fournir le maquillage) [&hellip;]","og_url":"https:\/\/wordpress.h3campus.fr\/louann-fernandes\/","article_modified_time":"2026-04-30T21:56:39+00:00","og_image":[{"width":736,"height":981,"url":"https:\/\/wordpress.h3campus.fr\/louann-fernandes\/wp-content\/uploads\/sites\/17\/2026\/04\/Initial-Bouquet-Luxury-red-roses-2.jpg","type":"image\/jpeg"}],"twitter_card":"summary_large_image","twitter_misc":{"Est. reading time":"3 minutes"},"schema":{"@context":"https:\/\/schema.org","@graph":[{"@type":"WebPage","@id":"https:\/\/wordpress.h3campus.fr\/louann-fernandes\/","url":"https:\/\/wordpress.h3campus.fr\/louann-fernandes\/","name":"Accueil -","isPartOf":{"@id":"https:\/\/wordpress.h3campus.fr\/louann-fernandes\/#website"},"primaryImageOfPage":{"@id":"https:\/\/wordpress.h3campus.fr\/louann-fernandes\/#primaryimage"},"image":{"@id":"https:\/\/wordpress.h3campus.fr\/louann-fernandes\/#primaryimage"},"thumbnailUrl":"https:\/\/wordpress.h3campus.fr\/louann-fernandes\/wp-content\/uploads\/sites\/17\/2026\/04\/Initial-Bouquet-Luxury-red-roses-2.jpg","datePublished":"2026-04-03T07:17:03+00:00","dateModified":"2026-04-30T21:56:39+00:00","breadcrumb":{"@id":"https:\/\/wordpress.h3campus.fr\/louann-fernandes\/#breadcrumb"},"inLanguage":"fr-FR","potentialAction":[{"@type":"ReadAction","target":["https:\/\/wordpress.h3campus.fr\/louann-fernandes\/"]}]},{"@type":"ImageObject","inLanguage":"fr-FR","@id":"https:\/\/wordpress.h3campus.fr\/louann-fernandes\/#primaryimage","url":"https:\/\/wordpress.h3campus.fr\/louann-fernandes\/wp-content\/uploads\/sites\/17\/2026\/04\/Initial-Bouquet-Luxury-red-roses-2.jpg","contentUrl":"https:\/\/wordpress.h3campus.fr\/louann-fernandes\/wp-content\/uploads\/sites\/17\/2026\/04\/Initial-Bouquet-Luxury-red-roses-2.jpg","width":736,"height":981},{"@type":"BreadcrumbList","@id":"https:\/\/wordpress.h3campus.fr\/louann-fernandes\/#breadcrumb","itemListElement":[{"@type":"ListItem","position":1,"name":"Home","item":"https:\/\/wordpress.h3campus.fr\/louann-fernandes\/"},{"@type":"ListItem","position":2,"name":"Accueil"}]},{"@type":"WebSite","@id":"https:\/\/wordpress.h3campus.fr\/louann-fernandes\/#website","url":"https:\/\/wordpress.h3campus.fr\/louann-fernandes\/","name":"","description":"L\u2019\u00e9l\u00e9gance qui ne fane jamais.","potentialAction":[{"@type":"SearchAction","target":{"@type":"EntryPoint","urlTemplate":"https:\/\/wordpress.h3campus.fr\/louann-fernandes\/?s={search_term_string}"},"query-input":{"@type":"PropertyValueSpecification","valueRequired":true,"valueName":"search_term_string"}}],"inLanguage":"fr-FR"}]}},"_links":{"self":[{"href":"https:\/\/wordpress.h3campus.fr\/louann-fernandes\/wp-json\/wp\/v2\/pages\/4","targetHints":{"allow":["GET"]}}],"collection":[{"href":"https:\/\/wordpress.h3campus.fr\/louann-fernandes\/wp-json\/wp\/v2\/pages"}],"about":[{"href":"https:\/\/wordpress.h3campus.fr\/louann-fernandes\/wp-json\/wp\/v2\/types\/page"}],"author":[{"embeddable":true,"href":"https:\/\/wordpress.h3campus.fr\/louann-fernandes\/wp-json\/wp\/v2\/users\/14"}],"replies":[{"embeddable":true,"href":"https:\/\/wordpress.h3campus.fr\/louann-fernandes\/wp-json\/wp\/v2\/comments?post=4"}],"version-history":[{"count":13,"href":"https:\/\/wordpress.h3campus.fr\/louann-fernandes\/wp-json\/wp\/v2\/pages\/4\/revisions"}],"predecessor-version":[{"id":141,"href":"https:\/\/wordpress.h3campus.fr\/louann-fernandes\/wp-json\/wp\/v2\/pages\/4\/revisions\/141"}],"wp:attachment":[{"href":"https:\/\/wordpress.h3campus.fr\/louann-fernandes\/wp-json\/wp\/v2\/media?parent=4"}],"curies":[{"name":"wp","href":"https:\/\/api.w.org\/{rel}","templated":true}]}}