{"id":143,"date":"2026-04-25T21:46:14","date_gmt":"2026-04-25T19:46:14","guid":{"rendered":"https:\/\/wordpress.h3campus.fr\/carla-simon\/?post_type=product&#038;p=143"},"modified":"2026-04-27T16:04:42","modified_gmt":"2026-04-27T14:04:42","slug":"bouquet-pink-exotic","status":"publish","type":"product","link":"https:\/\/wordpress.h3campus.fr\/carla-simon\/product\/bouquet-pink-exotic\/","title":{"rendered":"Bouquet Pink Exotic"},"content":{"rendered":"","protected":false},"excerpt":{"rendered":"<p data-start=\"0\" data-end=\"63\"><strong data-start=\"0\" data-end=\"63\">\u00c9l\u00e9gance audacieuse et vibe tropicale<\/strong><\/p>\n<p data-start=\"65\" data-end=\"279\">Le bouquet Pink Exotic, c\u2019est une composition florale qui sort clairement des classiques. Il m\u00e9lange des fleurs aux tons roses intenses et des vari\u00e9t\u00e9s plus exotiques pour un rendu moderne, original et tr\u00e8s visuel.<\/p>\n<p data-start=\"281\" data-end=\"470\">R\u00e9sultat : un bouquet qui attire l\u2019\u0153il direct, avec une vraie personnalit\u00e9. C\u2019est frais, styl\u00e9, un peu inattendu, parfait pour donner du caract\u00e8re \u00e0 une d\u00e9co ou offrir un cadeau qui change.<\/p>\n<p data-start=\"472\" data-end=\"496\">\n","protected":false},"featured_media":79,"comment_status":"open","ping_status":"closed","template":"","meta":{"site-sidebar-layout":"default","site-content-layout":"","ast-site-content-layout":"default","site-content-style":"default","site-sidebar-style":"default","ast-global-header-display":"","ast-banner-title-visibility":"","ast-main-header-display":"","ast-hfb-above-header-display":"","ast-hfb-below-header-display":"","ast-hfb-mobile-header-display":"","site-post-title":"","ast-breadcrumbs-content":"","ast-featured-img":"","footer-sml-layout":"","ast-disable-related-posts":"","theme-transparent-header-meta":"default","adv-header-id-meta":"","stick-header-meta":"","header-above-stick-meta":"","header-main-stick-meta":"","header-below-stick-meta":"","astra-migrate-meta-layouts":"set","ast-page-background-enabled":"default","ast-page-background-meta":{"desktop":{"background-color":"var(--ast-global-color-5)","background-image":"","background-repeat":"repeat","background-position":"center center","background-size":"auto","background-attachment":"scroll","background-type":"","background-media":"","overlay-type":"","overlay-color":"","overlay-opacity":"","overlay-gradient":""},"tablet":{"background-color":"","background-image":"","background-repeat":"repeat","background-position":"center center","background-size":"auto","background-attachment":"scroll","background-type":"","background-media":"","overlay-type":"","overlay-color":"","overlay-opacity":"","overlay-gradient":""},"mobile":{"background-color":"","background-image":"","background-repeat":"repeat","background-position":"center center","background-size":"auto","background-attachment":"scroll","background-type":"","background-media":"","overlay-type":"","overlay-color":"","overlay-opacity":"","overlay-gradient":""}},"ast-content-background-meta":{"desktop":{"background-color":"var(--ast-global-color-4)","background-image":"","background-repeat":"repeat","background-position":"center center","background-size":"auto","background-attachment":"scroll","background-type":"","background-media":"","overlay-type":"","overlay-color":"","overlay-opacity":"","overlay-gradient":""},"tablet":{"background-color":"var(--ast-global-color-4)","background-image":"","background-repeat":"repeat","background-position":"center center","background-size":"auto","background-attachment":"scroll","background-type":"","background-media":"","overlay-type":"","overlay-color":"","overlay-opacity":"","overlay-gradient":""},"mobile":{"background-color":"var(--ast-global-color-4)","background-image":"","background-repeat":"repeat","background-position":"center center","background-size":"auto","background-attachment":"scroll","background-type":"","background-media":"","overlay-type":"","overlay-color":"","overlay-opacity":"","overlay-gradient":""}}},"product_brand":[],"product_cat":[29,26],"product_tag":[],"class_list":{"0":"post-143","1":"product","2":"type-product","3":"status-publish","4":"has-post-thumbnail","6":"product_cat-m","7":"product_cat-nos-bouquets","8":"desktop-align-left","9":"tablet-align-left","10":"mobile-align-left","12":"first","13":"instock","14":"shipping-taxable","15":"product-type-simple"},"yoast_head":"<!-- This site is optimized with the Yoast SEO plugin v27.4 - https:\/\/yoast.com\/product\/yoast-seo-wordpress\/ -->\n<title>Bouquet Pink Exotic - Mira<\/title>\n<meta name=\"robots\" content=\"index, follow, max-snippet:-1, max-image-preview:large, max-video-preview:-1\" \/>\n<link rel=\"canonical\" href=\"https:\/\/wordpress.h3campus.fr\/carla-simon\/product\/bouquet-pink-exotic\/\" \/>\n<meta property=\"og:locale\" content=\"fr_FR\" \/>\n<meta property=\"og:type\" content=\"article\" \/>\n<meta property=\"og:title\" content=\"Bouquet Pink Exotic - Mira\" \/>\n<meta property=\"og:description\" content=\"\u00c9l\u00e9gance audacieuse et vibe tropicale Le bouquet Pink Exotic, c\u2019est une composition florale qui sort clairement des classiques. Il m\u00e9lange des fleurs aux tons roses intenses et des vari\u00e9t\u00e9s plus exotiques pour un rendu moderne, original et tr\u00e8s visuel. R\u00e9sultat : un bouquet qui attire l\u2019\u0153il direct, avec une vraie personnalit\u00e9. C\u2019est frais, styl\u00e9, un peu inattendu, parfait pour donner du caract\u00e8re \u00e0 une d\u00e9co ou offrir un cadeau qui change.\" \/>\n<meta property=\"og:url\" content=\"https:\/\/wordpress.h3campus.fr\/carla-simon\/product\/bouquet-pink-exotic\/\" \/>\n<meta property=\"og:site_name\" content=\"Mira\" \/>\n<meta property=\"article:modified_time\" content=\"2026-04-27T14:04:42+00:00\" \/>\n<meta property=\"og:image\" content=\"https:\/\/wordpress.h3campus.fr\/carla-simon\/wp-content\/uploads\/sites\/28\/2026\/04\/Lily-and-roses.jpeg\" \/>\n\t<meta property=\"og:image:width\" content=\"736\" \/>\n\t<meta property=\"og:image:height\" content=\"982\" \/>\n\t<meta property=\"og:image:type\" content=\"image\/jpeg\" \/>\n<meta name=\"twitter:card\" content=\"summary_large_image\" \/>\n<meta name=\"twitter:label1\" content=\"Est. reading time\" \/>\n\t<meta name=\"twitter:data1\" content=\"1 minute\" \/>\n<script type=\"application\/ld+json\" class=\"yoast-schema-graph\">{\"@context\":\"https:\\\/\\\/schema.org\",\"@graph\":[{\"@type\":\"WebPage\",\"@id\":\"https:\\\/\\\/wordpress.h3campus.fr\\\/carla-simon\\\/product\\\/bouquet-pink-exotic\\\/\",\"url\":\"https:\\\/\\\/wordpress.h3campus.fr\\\/carla-simon\\\/product\\\/bouquet-pink-exotic\\\/\",\"name\":\"Bouquet Pink Exotic - Mira\",\"isPartOf\":{\"@id\":\"https:\\\/\\\/wordpress.h3campus.fr\\\/carla-simon\\\/#website\"},\"primaryImageOfPage\":{\"@id\":\"https:\\\/\\\/wordpress.h3campus.fr\\\/carla-simon\\\/product\\\/bouquet-pink-exotic\\\/#primaryimage\"},\"image\":{\"@id\":\"https:\\\/\\\/wordpress.h3campus.fr\\\/carla-simon\\\/product\\\/bouquet-pink-exotic\\\/#primaryimage\"},\"thumbnailUrl\":\"https:\\\/\\\/wordpress.h3campus.fr\\\/carla-simon\\\/wp-content\\\/uploads\\\/sites\\\/28\\\/2026\\\/04\\\/Lily-and-roses.jpeg\",\"datePublished\":\"2026-04-25T19:46:14+00:00\",\"dateModified\":\"2026-04-27T14:04:42+00:00\",\"breadcrumb\":{\"@id\":\"https:\\\/\\\/wordpress.h3campus.fr\\\/carla-simon\\\/product\\\/bouquet-pink-exotic\\\/#breadcrumb\"},\"inLanguage\":\"fr-FR\",\"potentialAction\":[{\"@type\":\"ReadAction\",\"target\":[\"https:\\\/\\\/wordpress.h3campus.fr\\\/carla-simon\\\/product\\\/bouquet-pink-exotic\\\/\"]}]},{\"@type\":\"ImageObject\",\"inLanguage\":\"fr-FR\",\"@id\":\"https:\\\/\\\/wordpress.h3campus.fr\\\/carla-simon\\\/product\\\/bouquet-pink-exotic\\\/#primaryimage\",\"url\":\"https:\\\/\\\/wordpress.h3campus.fr\\\/carla-simon\\\/wp-content\\\/uploads\\\/sites\\\/28\\\/2026\\\/04\\\/Lily-and-roses.jpeg\",\"contentUrl\":\"https:\\\/\\\/wordpress.h3campus.fr\\\/carla-simon\\\/wp-content\\\/uploads\\\/sites\\\/28\\\/2026\\\/04\\\/Lily-and-roses.jpeg\",\"width\":736,\"height\":982},{\"@type\":\"BreadcrumbList\",\"@id\":\"https:\\\/\\\/wordpress.h3campus.fr\\\/carla-simon\\\/product\\\/bouquet-pink-exotic\\\/#breadcrumb\",\"itemListElement\":[{\"@type\":\"ListItem\",\"position\":1,\"name\":\"Home\",\"item\":\"https:\\\/\\\/wordpress.h3campus.fr\\\/carla-simon\\\/\"},{\"@type\":\"ListItem\",\"position\":2,\"name\":\"Shop\",\"item\":\"https:\\\/\\\/wordpress.h3campus.fr\\\/carla-simon\\\/?page_id=37\"},{\"@type\":\"ListItem\",\"position\":3,\"name\":\"Bouquet Pink Exotic\"}]},{\"@type\":\"WebSite\",\"@id\":\"https:\\\/\\\/wordpress.h3campus.fr\\\/carla-simon\\\/#website\",\"url\":\"https:\\\/\\\/wordpress.h3campus.fr\\\/carla-simon\\\/\",\"name\":\"Mira\",\"description\":\"Le bouquet qui fait la diff\u00e9rence !\",\"publisher\":{\"@id\":\"https:\\\/\\\/wordpress.h3campus.fr\\\/carla-simon\\\/#organization\"},\"potentialAction\":[{\"@type\":\"SearchAction\",\"target\":{\"@type\":\"EntryPoint\",\"urlTemplate\":\"https:\\\/\\\/wordpress.h3campus.fr\\\/carla-simon\\\/?s={search_term_string}\"},\"query-input\":{\"@type\":\"PropertyValueSpecification\",\"valueRequired\":true,\"valueName\":\"search_term_string\"}}],\"inLanguage\":\"fr-FR\"},{\"@type\":\"Organization\",\"@id\":\"https:\\\/\\\/wordpress.h3campus.fr\\\/carla-simon\\\/#organization\",\"name\":\"Mira\",\"url\":\"https:\\\/\\\/wordpress.h3campus.fr\\\/carla-simon\\\/\",\"logo\":{\"@type\":\"ImageObject\",\"inLanguage\":\"fr-FR\",\"@id\":\"https:\\\/\\\/wordpress.h3campus.fr\\\/carla-simon\\\/#\\\/schema\\\/logo\\\/image\\\/\",\"url\":\"https:\\\/\\\/wordpress.h3campus.fr\\\/carla-simon\\\/wp-content\\\/uploads\\\/sites\\\/28\\\/2026\\\/04\\\/cropped-cropped-Logo-Mira-MKTG-Digital.png\",\"contentUrl\":\"https:\\\/\\\/wordpress.h3campus.fr\\\/carla-simon\\\/wp-content\\\/uploads\\\/sites\\\/28\\\/2026\\\/04\\\/cropped-cropped-Logo-Mira-MKTG-Digital.png\",\"width\":255,\"height\":284,\"caption\":\"Mira\"},\"image\":{\"@id\":\"https:\\\/\\\/wordpress.h3campus.fr\\\/carla-simon\\\/#\\\/schema\\\/logo\\\/image\\\/\"}}]}<\/script>\n<!-- \/ Yoast SEO plugin. -->","yoast_head_json":{"title":"Bouquet Pink Exotic - Mira","robots":{"index":"index","follow":"follow","max-snippet":"max-snippet:-1","max-image-preview":"max-image-preview:large","max-video-preview":"max-video-preview:-1"},"canonical":"https:\/\/wordpress.h3campus.fr\/carla-simon\/product\/bouquet-pink-exotic\/","og_locale":"fr_FR","og_type":"article","og_title":"Bouquet Pink Exotic - Mira","og_description":"\u00c9l\u00e9gance audacieuse et vibe tropicale Le bouquet Pink Exotic, c\u2019est une composition florale qui sort clairement des classiques. Il m\u00e9lange des fleurs aux tons roses intenses et des vari\u00e9t\u00e9s plus exotiques pour un rendu moderne, original et tr\u00e8s visuel. R\u00e9sultat : un bouquet qui attire l\u2019\u0153il direct, avec une vraie personnalit\u00e9. C\u2019est frais, styl\u00e9, un peu inattendu, parfait pour donner du caract\u00e8re \u00e0 une d\u00e9co ou offrir un cadeau qui change.","og_url":"https:\/\/wordpress.h3campus.fr\/carla-simon\/product\/bouquet-pink-exotic\/","og_site_name":"Mira","article_modified_time":"2026-04-27T14:04:42+00:00","og_image":[{"width":736,"height":982,"url":"https:\/\/wordpress.h3campus.fr\/carla-simon\/wp-content\/uploads\/sites\/28\/2026\/04\/Lily-and-roses.jpeg","type":"image\/jpeg"}],"twitter_card":"summary_large_image","twitter_misc":{"Est. reading time":"1 minute"},"schema":{"@context":"https:\/\/schema.org","@graph":[{"@type":"WebPage","@id":"https:\/\/wordpress.h3campus.fr\/carla-simon\/product\/bouquet-pink-exotic\/","url":"https:\/\/wordpress.h3campus.fr\/carla-simon\/product\/bouquet-pink-exotic\/","name":"Bouquet Pink Exotic - Mira","isPartOf":{"@id":"https:\/\/wordpress.h3campus.fr\/carla-simon\/#website"},"primaryImageOfPage":{"@id":"https:\/\/wordpress.h3campus.fr\/carla-simon\/product\/bouquet-pink-exotic\/#primaryimage"},"image":{"@id":"https:\/\/wordpress.h3campus.fr\/carla-simon\/product\/bouquet-pink-exotic\/#primaryimage"},"thumbnailUrl":"https:\/\/wordpress.h3campus.fr\/carla-simon\/wp-content\/uploads\/sites\/28\/2026\/04\/Lily-and-roses.jpeg","datePublished":"2026-04-25T19:46:14+00:00","dateModified":"2026-04-27T14:04:42+00:00","breadcrumb":{"@id":"https:\/\/wordpress.h3campus.fr\/carla-simon\/product\/bouquet-pink-exotic\/#breadcrumb"},"inLanguage":"fr-FR","potentialAction":[{"@type":"ReadAction","target":["https:\/\/wordpress.h3campus.fr\/carla-simon\/product\/bouquet-pink-exotic\/"]}]},{"@type":"ImageObject","inLanguage":"fr-FR","@id":"https:\/\/wordpress.h3campus.fr\/carla-simon\/product\/bouquet-pink-exotic\/#primaryimage","url":"https:\/\/wordpress.h3campus.fr\/carla-simon\/wp-content\/uploads\/sites\/28\/2026\/04\/Lily-and-roses.jpeg","contentUrl":"https:\/\/wordpress.h3campus.fr\/carla-simon\/wp-content\/uploads\/sites\/28\/2026\/04\/Lily-and-roses.jpeg","width":736,"height":982},{"@type":"BreadcrumbList","@id":"https:\/\/wordpress.h3campus.fr\/carla-simon\/product\/bouquet-pink-exotic\/#breadcrumb","itemListElement":[{"@type":"ListItem","position":1,"name":"Home","item":"https:\/\/wordpress.h3campus.fr\/carla-simon\/"},{"@type":"ListItem","position":2,"name":"Shop","item":"https:\/\/wordpress.h3campus.fr\/carla-simon\/?page_id=37"},{"@type":"ListItem","position":3,"name":"Bouquet Pink Exotic"}]},{"@type":"WebSite","@id":"https:\/\/wordpress.h3campus.fr\/carla-simon\/#website","url":"https:\/\/wordpress.h3campus.fr\/carla-simon\/","name":"Mira","description":"Le bouquet qui fait la diff\u00e9rence !","publisher":{"@id":"https:\/\/wordpress.h3campus.fr\/carla-simon\/#organization"},"potentialAction":[{"@type":"SearchAction","target":{"@type":"EntryPoint","urlTemplate":"https:\/\/wordpress.h3campus.fr\/carla-simon\/?s={search_term_string}"},"query-input":{"@type":"PropertyValueSpecification","valueRequired":true,"valueName":"search_term_string"}}],"inLanguage":"fr-FR"},{"@type":"Organization","@id":"https:\/\/wordpress.h3campus.fr\/carla-simon\/#organization","name":"Mira","url":"https:\/\/wordpress.h3campus.fr\/carla-simon\/","logo":{"@type":"ImageObject","inLanguage":"fr-FR","@id":"https:\/\/wordpress.h3campus.fr\/carla-simon\/#\/schema\/logo\/image\/","url":"https:\/\/wordpress.h3campus.fr\/carla-simon\/wp-content\/uploads\/sites\/28\/2026\/04\/cropped-cropped-Logo-Mira-MKTG-Digital.png","contentUrl":"https:\/\/wordpress.h3campus.fr\/carla-simon\/wp-content\/uploads\/sites\/28\/2026\/04\/cropped-cropped-Logo-Mira-MKTG-Digital.png","width":255,"height":284,"caption":"Mira"},"image":{"@id":"https:\/\/wordpress.h3campus.fr\/carla-simon\/#\/schema\/logo\/image\/"}}]}},"_links":{"self":[{"href":"https:\/\/wordpress.h3campus.fr\/carla-simon\/wp-json\/wp\/v2\/product\/143","targetHints":{"allow":["GET"]}}],"collection":[{"href":"https:\/\/wordpress.h3campus.fr\/carla-simon\/wp-json\/wp\/v2\/product"}],"about":[{"href":"https:\/\/wordpress.h3campus.fr\/carla-simon\/wp-json\/wp\/v2\/types\/product"}],"replies":[{"embeddable":true,"href":"https:\/\/wordpress.h3campus.fr\/carla-simon\/wp-json\/wp\/v2\/comments?post=143"}],"wp:featuredmedia":[{"embeddable":true,"href":"https:\/\/wordpress.h3campus.fr\/carla-simon\/wp-json\/wp\/v2\/media\/79"}],"wp:attachment":[{"href":"https:\/\/wordpress.h3campus.fr\/carla-simon\/wp-json\/wp\/v2\/media?parent=143"}],"wp:term":[{"taxonomy":"product_brand","embeddable":true,"href":"https:\/\/wordpress.h3campus.fr\/carla-simon\/wp-json\/wp\/v2\/product_brand?post=143"},{"taxonomy":"product_cat","embeddable":true,"href":"https:\/\/wordpress.h3campus.fr\/carla-simon\/wp-json\/wp\/v2\/product_cat?post=143"},{"taxonomy":"product_tag","embeddable":true,"href":"https:\/\/wordpress.h3campus.fr\/carla-simon\/wp-json\/wp\/v2\/product_tag?post=143"}],"curies":[{"name":"wp","href":"https:\/\/api.w.org\/{rel}","templated":true}]}}