{"id":124,"date":"2026-04-25T21:28:38","date_gmt":"2026-04-25T19:28:38","guid":{"rendered":"https:\/\/wordpress.h3campus.fr\/carla-simon\/?post_type=product&#038;p=124"},"modified":"2026-04-27T15:52:11","modified_gmt":"2026-04-27T13:52:11","slug":"lys-jaune","status":"publish","type":"product","link":"https:\/\/wordpress.h3campus.fr\/carla-simon\/product\/lys-jaune\/","title":{"rendered":"Lys jaune"},"content":{"rendered":"","protected":false},"excerpt":{"rendered":"<p data-start=\"34\" data-end=\"84\"><strong data-start=\"34\" data-end=\"84\">\u00c9clat lumineux et \u00e9nergie positive<\/strong><\/p>\n<p data-start=\"86\" data-end=\"326\">Le lys jaune apporte une touche de lumi\u00e8re instantan\u00e9e. Avec ses grandes fleurs \u00e9l\u00e9gantes et sa couleur solaire, il symbolise la joie, l\u2019amiti\u00e9 et la vitalit\u00e9. C\u2019est une fleur qui dynamise une composition tout en gardant une vraie \u00e9l\u00e9gance.<\/p>\n<p data-start=\"328\" data-end=\"420\">Parfait pour illuminer un bouquet ou apporter une note chaleureuse \u00e0 une d\u00e9coration florale.<\/p>\n","protected":false},"featured_media":95,"comment_status":"open","ping_status":"closed","template":"","meta":{"site-sidebar-layout":"default","site-content-layout":"","ast-site-content-layout":"default","site-content-style":"default","site-sidebar-style":"default","ast-global-header-display":"","ast-banner-title-visibility":"","ast-main-header-display":"","ast-hfb-above-header-display":"","ast-hfb-below-header-display":"","ast-hfb-mobile-header-display":"","site-post-title":"","ast-breadcrumbs-content":"","ast-featured-img":"","footer-sml-layout":"","ast-disable-related-posts":"","theme-transparent-header-meta":"default","adv-header-id-meta":"","stick-header-meta":"","header-above-stick-meta":"","header-main-stick-meta":"","header-below-stick-meta":"","astra-migrate-meta-layouts":"set","ast-page-background-enabled":"default","ast-page-background-meta":{"desktop":{"background-color":"var(--ast-global-color-5)","background-image":"","background-repeat":"repeat","background-position":"center center","background-size":"auto","background-attachment":"scroll","background-type":"","background-media":"","overlay-type":"","overlay-color":"","overlay-opacity":"","overlay-gradient":""},"tablet":{"background-color":"","background-image":"","background-repeat":"repeat","background-position":"center center","background-size":"auto","background-attachment":"scroll","background-type":"","background-media":"","overlay-type":"","overlay-color":"","overlay-opacity":"","overlay-gradient":""},"mobile":{"background-color":"","background-image":"","background-repeat":"repeat","background-position":"center center","background-size":"auto","background-attachment":"scroll","background-type":"","background-media":"","overlay-type":"","overlay-color":"","overlay-opacity":"","overlay-gradient":""}},"ast-content-background-meta":{"desktop":{"background-color":"var(--ast-global-color-4)","background-image":"","background-repeat":"repeat","background-position":"center center","background-size":"auto","background-attachment":"scroll","background-type":"","background-media":"","overlay-type":"","overlay-color":"","overlay-opacity":"","overlay-gradient":""},"tablet":{"background-color":"var(--ast-global-color-4)","background-image":"","background-repeat":"repeat","background-position":"center center","background-size":"auto","background-attachment":"scroll","background-type":"","background-media":"","overlay-type":"","overlay-color":"","overlay-opacity":"","overlay-gradient":""},"mobile":{"background-color":"var(--ast-global-color-4)","background-image":"","background-repeat":"repeat","background-position":"center center","background-size":"auto","background-attachment":"scroll","background-type":"","background-media":"","overlay-type":"","overlay-color":"","overlay-opacity":"","overlay-gradient":""}}},"product_brand":[],"product_cat":[20,23],"product_tag":[],"class_list":{"0":"post-124","1":"product","2":"type-product","3":"status-publish","4":"has-post-thumbnail","6":"product_cat-nos-fleurs","7":"product_cat-nos-lys","8":"desktop-align-left","9":"tablet-align-left","10":"mobile-align-left","12":"first","13":"instock","14":"shipping-taxable","15":"product-type-simple"},"yoast_head":"<!-- This site is optimized with the Yoast SEO plugin v27.4 - https:\/\/yoast.com\/product\/yoast-seo-wordpress\/ -->\n<title>Lys jaune - Mira<\/title>\n<meta name=\"robots\" content=\"index, follow, max-snippet:-1, max-image-preview:large, max-video-preview:-1\" \/>\n<link rel=\"canonical\" href=\"https:\/\/wordpress.h3campus.fr\/carla-simon\/product\/lys-jaune\/\" \/>\n<meta property=\"og:locale\" content=\"fr_FR\" \/>\n<meta property=\"og:type\" content=\"article\" \/>\n<meta property=\"og:title\" content=\"Lys jaune - Mira\" \/>\n<meta property=\"og:description\" content=\"\u00c9clat lumineux et \u00e9nergie positive Le lys jaune apporte une touche de lumi\u00e8re instantan\u00e9e. Avec ses grandes fleurs \u00e9l\u00e9gantes et sa couleur solaire, il symbolise la joie, l\u2019amiti\u00e9 et la vitalit\u00e9. C\u2019est une fleur qui dynamise une composition tout en gardant une vraie \u00e9l\u00e9gance. Parfait pour illuminer un bouquet ou apporter une note chaleureuse \u00e0 une d\u00e9coration florale.\" \/>\n<meta property=\"og:url\" content=\"https:\/\/wordpress.h3campus.fr\/carla-simon\/product\/lys-jaune\/\" \/>\n<meta property=\"og:site_name\" content=\"Mira\" \/>\n<meta property=\"article:modified_time\" content=\"2026-04-27T13:52:11+00:00\" \/>\n<meta property=\"og:image\" content=\"https:\/\/wordpress.h3campus.fr\/carla-simon\/wp-content\/uploads\/sites\/28\/2026\/04\/5.jpeg\" \/>\n\t<meta property=\"og:image:width\" content=\"736\" \/>\n\t<meta property=\"og:image:height\" content=\"736\" \/>\n\t<meta property=\"og:image:type\" content=\"image\/jpeg\" \/>\n<meta name=\"twitter:card\" content=\"summary_large_image\" \/>\n<meta name=\"twitter:label1\" content=\"Est. reading time\" \/>\n\t<meta name=\"twitter:data1\" content=\"1 minute\" \/>\n<script type=\"application\/ld+json\" class=\"yoast-schema-graph\">{\"@context\":\"https:\\\/\\\/schema.org\",\"@graph\":[{\"@type\":\"WebPage\",\"@id\":\"https:\\\/\\\/wordpress.h3campus.fr\\\/carla-simon\\\/product\\\/lys-jaune\\\/\",\"url\":\"https:\\\/\\\/wordpress.h3campus.fr\\\/carla-simon\\\/product\\\/lys-jaune\\\/\",\"name\":\"Lys jaune - Mira\",\"isPartOf\":{\"@id\":\"https:\\\/\\\/wordpress.h3campus.fr\\\/carla-simon\\\/#website\"},\"primaryImageOfPage\":{\"@id\":\"https:\\\/\\\/wordpress.h3campus.fr\\\/carla-simon\\\/product\\\/lys-jaune\\\/#primaryimage\"},\"image\":{\"@id\":\"https:\\\/\\\/wordpress.h3campus.fr\\\/carla-simon\\\/product\\\/lys-jaune\\\/#primaryimage\"},\"thumbnailUrl\":\"https:\\\/\\\/wordpress.h3campus.fr\\\/carla-simon\\\/wp-content\\\/uploads\\\/sites\\\/28\\\/2026\\\/04\\\/5.jpeg\",\"datePublished\":\"2026-04-25T19:28:38+00:00\",\"dateModified\":\"2026-04-27T13:52:11+00:00\",\"breadcrumb\":{\"@id\":\"https:\\\/\\\/wordpress.h3campus.fr\\\/carla-simon\\\/product\\\/lys-jaune\\\/#breadcrumb\"},\"inLanguage\":\"fr-FR\",\"potentialAction\":[{\"@type\":\"ReadAction\",\"target\":[\"https:\\\/\\\/wordpress.h3campus.fr\\\/carla-simon\\\/product\\\/lys-jaune\\\/\"]}]},{\"@type\":\"ImageObject\",\"inLanguage\":\"fr-FR\",\"@id\":\"https:\\\/\\\/wordpress.h3campus.fr\\\/carla-simon\\\/product\\\/lys-jaune\\\/#primaryimage\",\"url\":\"https:\\\/\\\/wordpress.h3campus.fr\\\/carla-simon\\\/wp-content\\\/uploads\\\/sites\\\/28\\\/2026\\\/04\\\/5.jpeg\",\"contentUrl\":\"https:\\\/\\\/wordpress.h3campus.fr\\\/carla-simon\\\/wp-content\\\/uploads\\\/sites\\\/28\\\/2026\\\/04\\\/5.jpeg\",\"width\":736,\"height\":736},{\"@type\":\"BreadcrumbList\",\"@id\":\"https:\\\/\\\/wordpress.h3campus.fr\\\/carla-simon\\\/product\\\/lys-jaune\\\/#breadcrumb\",\"itemListElement\":[{\"@type\":\"ListItem\",\"position\":1,\"name\":\"Home\",\"item\":\"https:\\\/\\\/wordpress.h3campus.fr\\\/carla-simon\\\/\"},{\"@type\":\"ListItem\",\"position\":2,\"name\":\"Shop\",\"item\":\"https:\\\/\\\/wordpress.h3campus.fr\\\/carla-simon\\\/?page_id=37\"},{\"@type\":\"ListItem\",\"position\":3,\"name\":\"Lys jaune\"}]},{\"@type\":\"WebSite\",\"@id\":\"https:\\\/\\\/wordpress.h3campus.fr\\\/carla-simon\\\/#website\",\"url\":\"https:\\\/\\\/wordpress.h3campus.fr\\\/carla-simon\\\/\",\"name\":\"Mira\",\"description\":\"Le bouquet qui fait la diff\u00e9rence !\",\"publisher\":{\"@id\":\"https:\\\/\\\/wordpress.h3campus.fr\\\/carla-simon\\\/#organization\"},\"potentialAction\":[{\"@type\":\"SearchAction\",\"target\":{\"@type\":\"EntryPoint\",\"urlTemplate\":\"https:\\\/\\\/wordpress.h3campus.fr\\\/carla-simon\\\/?s={search_term_string}\"},\"query-input\":{\"@type\":\"PropertyValueSpecification\",\"valueRequired\":true,\"valueName\":\"search_term_string\"}}],\"inLanguage\":\"fr-FR\"},{\"@type\":\"Organization\",\"@id\":\"https:\\\/\\\/wordpress.h3campus.fr\\\/carla-simon\\\/#organization\",\"name\":\"Mira\",\"url\":\"https:\\\/\\\/wordpress.h3campus.fr\\\/carla-simon\\\/\",\"logo\":{\"@type\":\"ImageObject\",\"inLanguage\":\"fr-FR\",\"@id\":\"https:\\\/\\\/wordpress.h3campus.fr\\\/carla-simon\\\/#\\\/schema\\\/logo\\\/image\\\/\",\"url\":\"https:\\\/\\\/wordpress.h3campus.fr\\\/carla-simon\\\/wp-content\\\/uploads\\\/sites\\\/28\\\/2026\\\/04\\\/cropped-cropped-Logo-Mira-MKTG-Digital.png\",\"contentUrl\":\"https:\\\/\\\/wordpress.h3campus.fr\\\/carla-simon\\\/wp-content\\\/uploads\\\/sites\\\/28\\\/2026\\\/04\\\/cropped-cropped-Logo-Mira-MKTG-Digital.png\",\"width\":255,\"height\":284,\"caption\":\"Mira\"},\"image\":{\"@id\":\"https:\\\/\\\/wordpress.h3campus.fr\\\/carla-simon\\\/#\\\/schema\\\/logo\\\/image\\\/\"}}]}<\/script>\n<!-- \/ Yoast SEO plugin. -->","yoast_head_json":{"title":"Lys jaune - Mira","robots":{"index":"index","follow":"follow","max-snippet":"max-snippet:-1","max-image-preview":"max-image-preview:large","max-video-preview":"max-video-preview:-1"},"canonical":"https:\/\/wordpress.h3campus.fr\/carla-simon\/product\/lys-jaune\/","og_locale":"fr_FR","og_type":"article","og_title":"Lys jaune - Mira","og_description":"\u00c9clat lumineux et \u00e9nergie positive Le lys jaune apporte une touche de lumi\u00e8re instantan\u00e9e. Avec ses grandes fleurs \u00e9l\u00e9gantes et sa couleur solaire, il symbolise la joie, l\u2019amiti\u00e9 et la vitalit\u00e9. C\u2019est une fleur qui dynamise une composition tout en gardant une vraie \u00e9l\u00e9gance. Parfait pour illuminer un bouquet ou apporter une note chaleureuse \u00e0 une d\u00e9coration florale.","og_url":"https:\/\/wordpress.h3campus.fr\/carla-simon\/product\/lys-jaune\/","og_site_name":"Mira","article_modified_time":"2026-04-27T13:52:11+00:00","og_image":[{"width":736,"height":736,"url":"https:\/\/wordpress.h3campus.fr\/carla-simon\/wp-content\/uploads\/sites\/28\/2026\/04\/5.jpeg","type":"image\/jpeg"}],"twitter_card":"summary_large_image","twitter_misc":{"Est. reading time":"1 minute"},"schema":{"@context":"https:\/\/schema.org","@graph":[{"@type":"WebPage","@id":"https:\/\/wordpress.h3campus.fr\/carla-simon\/product\/lys-jaune\/","url":"https:\/\/wordpress.h3campus.fr\/carla-simon\/product\/lys-jaune\/","name":"Lys jaune - Mira","isPartOf":{"@id":"https:\/\/wordpress.h3campus.fr\/carla-simon\/#website"},"primaryImageOfPage":{"@id":"https:\/\/wordpress.h3campus.fr\/carla-simon\/product\/lys-jaune\/#primaryimage"},"image":{"@id":"https:\/\/wordpress.h3campus.fr\/carla-simon\/product\/lys-jaune\/#primaryimage"},"thumbnailUrl":"https:\/\/wordpress.h3campus.fr\/carla-simon\/wp-content\/uploads\/sites\/28\/2026\/04\/5.jpeg","datePublished":"2026-04-25T19:28:38+00:00","dateModified":"2026-04-27T13:52:11+00:00","breadcrumb":{"@id":"https:\/\/wordpress.h3campus.fr\/carla-simon\/product\/lys-jaune\/#breadcrumb"},"inLanguage":"fr-FR","potentialAction":[{"@type":"ReadAction","target":["https:\/\/wordpress.h3campus.fr\/carla-simon\/product\/lys-jaune\/"]}]},{"@type":"ImageObject","inLanguage":"fr-FR","@id":"https:\/\/wordpress.h3campus.fr\/carla-simon\/product\/lys-jaune\/#primaryimage","url":"https:\/\/wordpress.h3campus.fr\/carla-simon\/wp-content\/uploads\/sites\/28\/2026\/04\/5.jpeg","contentUrl":"https:\/\/wordpress.h3campus.fr\/carla-simon\/wp-content\/uploads\/sites\/28\/2026\/04\/5.jpeg","width":736,"height":736},{"@type":"BreadcrumbList","@id":"https:\/\/wordpress.h3campus.fr\/carla-simon\/product\/lys-jaune\/#breadcrumb","itemListElement":[{"@type":"ListItem","position":1,"name":"Home","item":"https:\/\/wordpress.h3campus.fr\/carla-simon\/"},{"@type":"ListItem","position":2,"name":"Shop","item":"https:\/\/wordpress.h3campus.fr\/carla-simon\/?page_id=37"},{"@type":"ListItem","position":3,"name":"Lys jaune"}]},{"@type":"WebSite","@id":"https:\/\/wordpress.h3campus.fr\/carla-simon\/#website","url":"https:\/\/wordpress.h3campus.fr\/carla-simon\/","name":"Mira","description":"Le bouquet qui fait la diff\u00e9rence !","publisher":{"@id":"https:\/\/wordpress.h3campus.fr\/carla-simon\/#organization"},"potentialAction":[{"@type":"SearchAction","target":{"@type":"EntryPoint","urlTemplate":"https:\/\/wordpress.h3campus.fr\/carla-simon\/?s={search_term_string}"},"query-input":{"@type":"PropertyValueSpecification","valueRequired":true,"valueName":"search_term_string"}}],"inLanguage":"fr-FR"},{"@type":"Organization","@id":"https:\/\/wordpress.h3campus.fr\/carla-simon\/#organization","name":"Mira","url":"https:\/\/wordpress.h3campus.fr\/carla-simon\/","logo":{"@type":"ImageObject","inLanguage":"fr-FR","@id":"https:\/\/wordpress.h3campus.fr\/carla-simon\/#\/schema\/logo\/image\/","url":"https:\/\/wordpress.h3campus.fr\/carla-simon\/wp-content\/uploads\/sites\/28\/2026\/04\/cropped-cropped-Logo-Mira-MKTG-Digital.png","contentUrl":"https:\/\/wordpress.h3campus.fr\/carla-simon\/wp-content\/uploads\/sites\/28\/2026\/04\/cropped-cropped-Logo-Mira-MKTG-Digital.png","width":255,"height":284,"caption":"Mira"},"image":{"@id":"https:\/\/wordpress.h3campus.fr\/carla-simon\/#\/schema\/logo\/image\/"}}]}},"_links":{"self":[{"href":"https:\/\/wordpress.h3campus.fr\/carla-simon\/wp-json\/wp\/v2\/product\/124","targetHints":{"allow":["GET"]}}],"collection":[{"href":"https:\/\/wordpress.h3campus.fr\/carla-simon\/wp-json\/wp\/v2\/product"}],"about":[{"href":"https:\/\/wordpress.h3campus.fr\/carla-simon\/wp-json\/wp\/v2\/types\/product"}],"replies":[{"embeddable":true,"href":"https:\/\/wordpress.h3campus.fr\/carla-simon\/wp-json\/wp\/v2\/comments?post=124"}],"wp:featuredmedia":[{"embeddable":true,"href":"https:\/\/wordpress.h3campus.fr\/carla-simon\/wp-json\/wp\/v2\/media\/95"}],"wp:attachment":[{"href":"https:\/\/wordpress.h3campus.fr\/carla-simon\/wp-json\/wp\/v2\/media?parent=124"}],"wp:term":[{"taxonomy":"product_brand","embeddable":true,"href":"https:\/\/wordpress.h3campus.fr\/carla-simon\/wp-json\/wp\/v2\/product_brand?post=124"},{"taxonomy":"product_cat","embeddable":true,"href":"https:\/\/wordpress.h3campus.fr\/carla-simon\/wp-json\/wp\/v2\/product_cat?post=124"},{"taxonomy":"product_tag","embeddable":true,"href":"https:\/\/wordpress.h3campus.fr\/carla-simon\/wp-json\/wp\/v2\/product_tag?post=124"}],"curies":[{"name":"wp","href":"https:\/\/api.w.org\/{rel}","templated":true}]}}