{"id":120,"date":"2026-04-25T21:25:07","date_gmt":"2026-04-25T19:25:07","guid":{"rendered":"https:\/\/wordpress.h3campus.fr\/carla-simon\/?post_type=product&#038;p=120"},"modified":"2026-04-27T15:50:45","modified_gmt":"2026-04-27T13:50:45","slug":"pivoine-rose","status":"publish","type":"product","link":"https:\/\/wordpress.h3campus.fr\/carla-simon\/product\/pivoine-rose\/","title":{"rendered":"Pivoine rose"},"content":{"rendered":"","protected":false},"excerpt":{"rendered":"<section class=\"text-token-text-primary w-full focus:outline-none [--shadow-height:45px] has-data-writing-block:pointer-events-none has-data-writing-block:-mt-(--shadow-height) has-data-writing-block:pt-(--shadow-height) [&amp;:has([data-writing-block])&gt;*]:pointer-events-auto R6Vx5W_threadScrollVars scroll-mb-[calc(var(--scroll-root-safe-area-inset-bottom,0px)+var(--thread-response-height))] scroll-mt-(--header-height)\" dir=\"auto\" data-turn-id=\"bd526ca5-b930-4960-9de3-2c0ce67b3e3c\" data-testid=\"conversation-turn-7\" data-scroll-anchor=\"false\" data-turn=\"user\">\n<div class=\"text-base my-auto mx-auto pt-12 [--thread-content-margin:var(--thread-content-margin-xs,calc(var(--spacing)*4))] @w-sm\/main:[--thread-content-margin:var(--thread-content-margin-sm,calc(var(--spacing)*6))] @w-lg\/main:[--thread-content-margin:var(--thread-content-margin-lg,calc(var(--spacing)*16))] px-(--thread-content-margin)\">\n<div class=\"[--thread-content-max-width:40rem] @w-lg\/main:[--thread-content-max-width:48rem] mx-auto max-w-(--thread-content-max-width) flex-1 group\/turn-messages focus-visible:outline-hidden relative flex w-full min-w-0 flex-col\">\n<div class=\"flex max-w-full flex-col gap-4 grow\">\n<div class=\"min-h-8 text-message relative flex w-full flex-col items-end gap-2 text-start break-words whitespace-normal outline-none keyboard-focused:focus-ring [.text-message+&amp;]:mt-1\" dir=\"auto\" data-message-author-role=\"user\" data-message-id=\"bd526ca5-b930-4960-9de3-2c0ce67b3e3c\">\n<div class=\"flex w-full flex-col gap-1 empty:hidden items-end rtl:items-start\">\n<div class=\"flex flex-col w-fit max-w-(--user-chat-width,70%) items-start self-end rtl:items-end rtl:self-start\">\n<div class=\"user-message-bubble-color corner-superellipse\/0.98 relative min-w-0 rounded-[22px] px-4 py-2.5 leading-6 w-full\">\n<div class=\"-fBEMq_root\" data-testid=\"collapsible-user-message-root\">\n<div id=\"_r_a0_\" class=\"-fBEMq_content\" data-testid=\"collapsible-user-message-content\">\n<div class=\"[overflow-wrap:anywhere] whitespace-pre-wrap\"><strong style=\"font-size: 16px\" data-start=\"0\" data-end=\"57\">Volume g\u00e9n\u00e9reux et \u00e9l\u00e9gance romantique<\/strong><\/div>\n<\/div>\n<\/div>\n<\/div>\n<\/div>\n<\/div>\n<\/div>\n<\/div>\n<\/div>\n<\/div>\n<\/section>\n<section class=\"text-token-text-primary w-full focus:outline-none [--shadow-height:45px] has-data-writing-block:pointer-events-none has-data-writing-block:-mt-(--shadow-height) has-data-writing-block:pt-(--shadow-height) [&amp;:has([data-writing-block])&gt;*]:pointer-events-auto [content-visibility:auto] supports-[content-visibility:auto]:[contain-intrinsic-size:auto_100lvh] R6Vx5W_threadScrollVars scroll-mb-[calc(var(--scroll-root-safe-area-inset-bottom,0px)+var(--thread-response-height))] scroll-mt-[calc(var(--header-height)+min(200px,max(70px,20svh)))]\" dir=\"auto\" data-turn-id=\"request-WEB:5ef52cd7-88aa-4f78-9be8-32596625d17b-3\" data-testid=\"conversation-turn-8\" data-scroll-anchor=\"false\" data-turn=\"assistant\">\n<div class=\"text-base my-auto mx-auto pb-10 [--thread-content-margin:var(--thread-content-margin-xs,calc(var(--spacing)*4))] @w-sm\/main:[--thread-content-margin:var(--thread-content-margin-sm,calc(var(--spacing)*6))] @w-lg\/main:[--thread-content-margin:var(--thread-content-margin-lg,calc(var(--spacing)*16))] px-(--thread-content-margin)\">\n<div class=\"[--thread-content-max-width:40rem] @w-lg\/main:[--thread-content-max-width:48rem] mx-auto max-w-(--thread-content-max-width) flex-1 group\/turn-messages focus-visible:outline-hidden relative flex w-full min-w-0 flex-col agent-turn\">\n<div class=\"flex max-w-full flex-col gap-4 grow\">\n<div class=\"min-h-8 text-message relative flex w-full flex-col items-end gap-2 text-start break-words whitespace-normal outline-none keyboard-focused:focus-ring [.text-message+&amp;]:mt-1\" dir=\"auto\" data-message-author-role=\"assistant\" data-message-id=\"e1244e57-b4fa-47fa-901c-776bd4c6f7f2\" data-message-model-slug=\"gpt-5-3-mini\" data-turn-start-message=\"true\">\n<div class=\"flex w-full flex-col gap-1 empty:hidden\">\n<div class=\"markdown prose dark:prose-invert w-full wrap-break-word light markdown-new-styling\">\n<p data-start=\"59\" data-end=\"264\">La pivoine rose, c\u2019est la fleur qui en impose sans effort. Avec ses p\u00e9tales abondants et sa forme g\u00e9n\u00e9reuse, elle apporte instantan\u00e9ment une touche chic, douce et ultra romantique \u00e0 n\u2019importe quel bouquet.<\/p>\n<p data-start=\"266\" data-end=\"513\">Sa teinte rose d\u00e9licate varie subtilement selon l\u2019ouverture de la fleur, ce qui lui donne un rendu vivant et naturel. C\u2019est une fleur tr\u00e8s appr\u00e9ci\u00e9e pour les compositions \u00e9l\u00e9gantes, les mariages ou simplement pour sublimer un int\u00e9rieur avec style.<\/p>\n<p data-start=\"515\" data-end=\"597\">Fra\u00eeche et raffin\u00e9e, elle capte l\u2019attention tout en restant douce et sophistiqu\u00e9e.<\/p>\n<\/div>\n<\/div>\n<\/div>\n<\/div>\n<\/div>\n<\/div>\n<\/section>\n","protected":false},"featured_media":92,"comment_status":"open","ping_status":"closed","template":"","meta":{"site-sidebar-layout":"default","site-content-layout":"","ast-site-content-layout":"default","site-content-style":"default","site-sidebar-style":"default","ast-global-header-display":"","ast-banner-title-visibility":"","ast-main-header-display":"","ast-hfb-above-header-display":"","ast-hfb-below-header-display":"","ast-hfb-mobile-header-display":"","site-post-title":"","ast-breadcrumbs-content":"","ast-featured-img":"","footer-sml-layout":"","ast-disable-related-posts":"","theme-transparent-header-meta":"default","adv-header-id-meta":"","stick-header-meta":"","header-above-stick-meta":"","header-main-stick-meta":"","header-below-stick-meta":"","astra-migrate-meta-layouts":"set","ast-page-background-enabled":"default","ast-page-background-meta":{"desktop":{"background-color":"var(--ast-global-color-5)","background-image":"","background-repeat":"repeat","background-position":"center center","background-size":"auto","background-attachment":"scroll","background-type":"","background-media":"","overlay-type":"","overlay-color":"","overlay-opacity":"","overlay-gradient":""},"tablet":{"background-color":"","background-image":"","background-repeat":"repeat","background-position":"center center","background-size":"auto","background-attachment":"scroll","background-type":"","background-media":"","overlay-type":"","overlay-color":"","overlay-opacity":"","overlay-gradient":""},"mobile":{"background-color":"","background-image":"","background-repeat":"repeat","background-position":"center center","background-size":"auto","background-attachment":"scroll","background-type":"","background-media":"","overlay-type":"","overlay-color":"","overlay-opacity":"","overlay-gradient":""}},"ast-content-background-meta":{"desktop":{"background-color":"var(--ast-global-color-4)","background-image":"","background-repeat":"repeat","background-position":"center center","background-size":"auto","background-attachment":"scroll","background-type":"","background-media":"","overlay-type":"","overlay-color":"","overlay-opacity":"","overlay-gradient":""},"tablet":{"background-color":"var(--ast-global-color-4)","background-image":"","background-repeat":"repeat","background-position":"center center","background-size":"auto","background-attachment":"scroll","background-type":"","background-media":"","overlay-type":"","overlay-color":"","overlay-opacity":"","overlay-gradient":""},"mobile":{"background-color":"var(--ast-global-color-4)","background-image":"","background-repeat":"repeat","background-position":"center center","background-size":"auto","background-attachment":"scroll","background-type":"","background-media":"","overlay-type":"","overlay-color":"","overlay-opacity":"","overlay-gradient":""}}},"product_brand":[],"product_cat":[20,22],"product_tag":[],"class_list":{"0":"post-120","1":"product","2":"type-product","3":"status-publish","4":"has-post-thumbnail","6":"product_cat-nos-fleurs","7":"product_cat-nos-pivoines","8":"desktop-align-left","9":"tablet-align-left","10":"mobile-align-left","12":"first","13":"instock","14":"shipping-taxable","15":"product-type-simple"},"yoast_head":"<!-- This site is optimized with the Yoast SEO plugin v27.4 - https:\/\/yoast.com\/product\/yoast-seo-wordpress\/ -->\n<title>Pivoine rose - Mira<\/title>\n<meta name=\"robots\" content=\"index, follow, max-snippet:-1, max-image-preview:large, max-video-preview:-1\" \/>\n<link rel=\"canonical\" href=\"https:\/\/wordpress.h3campus.fr\/carla-simon\/product\/pivoine-rose\/\" \/>\n<meta property=\"og:locale\" content=\"fr_FR\" \/>\n<meta property=\"og:type\" content=\"article\" \/>\n<meta property=\"og:title\" content=\"Pivoine rose - Mira\" \/>\n<meta property=\"og:description\" content=\"Volume g\u00e9n\u00e9reux et \u00e9l\u00e9gance romantique                 La pivoine rose, c\u2019est la fleur qui en impose sans effort. Avec ses p\u00e9tales abondants et sa forme g\u00e9n\u00e9reuse, elle apporte instantan\u00e9ment une touche chic, douce et ultra romantique \u00e0 n\u2019importe quel bouquet. Sa teinte rose d\u00e9licate varie subtilement selon l\u2019ouverture de la fleur, ce qui lui donne un rendu vivant et naturel. C\u2019est une fleur tr\u00e8s appr\u00e9ci\u00e9e pour les compositions \u00e9l\u00e9gantes, les mariages ou simplement pour sublimer un int\u00e9rieur avec style. Fra\u00eeche et raffin\u00e9e, elle capte l\u2019attention tout en restant douce et sophistiqu\u00e9e.\" \/>\n<meta property=\"og:url\" content=\"https:\/\/wordpress.h3campus.fr\/carla-simon\/product\/pivoine-rose\/\" \/>\n<meta property=\"og:site_name\" content=\"Mira\" \/>\n<meta property=\"article:modified_time\" content=\"2026-04-27T13:50:45+00:00\" \/>\n<meta property=\"og:image\" content=\"https:\/\/wordpress.h3campus.fr\/carla-simon\/wp-content\/uploads\/sites\/28\/2026\/04\/2.jpeg\" \/>\n\t<meta property=\"og:image:width\" content=\"736\" \/>\n\t<meta property=\"og:image:height\" content=\"736\" \/>\n\t<meta property=\"og:image:type\" content=\"image\/jpeg\" \/>\n<meta name=\"twitter:card\" content=\"summary_large_image\" \/>\n<meta name=\"twitter:label1\" content=\"Est. reading time\" \/>\n\t<meta name=\"twitter:data1\" content=\"1 minute\" \/>\n<script type=\"application\/ld+json\" class=\"yoast-schema-graph\">{\"@context\":\"https:\\\/\\\/schema.org\",\"@graph\":[{\"@type\":\"WebPage\",\"@id\":\"https:\\\/\\\/wordpress.h3campus.fr\\\/carla-simon\\\/product\\\/pivoine-rose\\\/\",\"url\":\"https:\\\/\\\/wordpress.h3campus.fr\\\/carla-simon\\\/product\\\/pivoine-rose\\\/\",\"name\":\"Pivoine rose - Mira\",\"isPartOf\":{\"@id\":\"https:\\\/\\\/wordpress.h3campus.fr\\\/carla-simon\\\/#website\"},\"primaryImageOfPage\":{\"@id\":\"https:\\\/\\\/wordpress.h3campus.fr\\\/carla-simon\\\/product\\\/pivoine-rose\\\/#primaryimage\"},\"image\":{\"@id\":\"https:\\\/\\\/wordpress.h3campus.fr\\\/carla-simon\\\/product\\\/pivoine-rose\\\/#primaryimage\"},\"thumbnailUrl\":\"https:\\\/\\\/wordpress.h3campus.fr\\\/carla-simon\\\/wp-content\\\/uploads\\\/sites\\\/28\\\/2026\\\/04\\\/2.jpeg\",\"datePublished\":\"2026-04-25T19:25:07+00:00\",\"dateModified\":\"2026-04-27T13:50:45+00:00\",\"breadcrumb\":{\"@id\":\"https:\\\/\\\/wordpress.h3campus.fr\\\/carla-simon\\\/product\\\/pivoine-rose\\\/#breadcrumb\"},\"inLanguage\":\"fr-FR\",\"potentialAction\":[{\"@type\":\"ReadAction\",\"target\":[\"https:\\\/\\\/wordpress.h3campus.fr\\\/carla-simon\\\/product\\\/pivoine-rose\\\/\"]}]},{\"@type\":\"ImageObject\",\"inLanguage\":\"fr-FR\",\"@id\":\"https:\\\/\\\/wordpress.h3campus.fr\\\/carla-simon\\\/product\\\/pivoine-rose\\\/#primaryimage\",\"url\":\"https:\\\/\\\/wordpress.h3campus.fr\\\/carla-simon\\\/wp-content\\\/uploads\\\/sites\\\/28\\\/2026\\\/04\\\/2.jpeg\",\"contentUrl\":\"https:\\\/\\\/wordpress.h3campus.fr\\\/carla-simon\\\/wp-content\\\/uploads\\\/sites\\\/28\\\/2026\\\/04\\\/2.jpeg\",\"width\":736,\"height\":736},{\"@type\":\"BreadcrumbList\",\"@id\":\"https:\\\/\\\/wordpress.h3campus.fr\\\/carla-simon\\\/product\\\/pivoine-rose\\\/#breadcrumb\",\"itemListElement\":[{\"@type\":\"ListItem\",\"position\":1,\"name\":\"Home\",\"item\":\"https:\\\/\\\/wordpress.h3campus.fr\\\/carla-simon\\\/\"},{\"@type\":\"ListItem\",\"position\":2,\"name\":\"Shop\",\"item\":\"https:\\\/\\\/wordpress.h3campus.fr\\\/carla-simon\\\/?page_id=37\"},{\"@type\":\"ListItem\",\"position\":3,\"name\":\"Pivoine rose\"}]},{\"@type\":\"WebSite\",\"@id\":\"https:\\\/\\\/wordpress.h3campus.fr\\\/carla-simon\\\/#website\",\"url\":\"https:\\\/\\\/wordpress.h3campus.fr\\\/carla-simon\\\/\",\"name\":\"Mira\",\"description\":\"Le bouquet qui fait la diff\u00e9rence !\",\"publisher\":{\"@id\":\"https:\\\/\\\/wordpress.h3campus.fr\\\/carla-simon\\\/#organization\"},\"potentialAction\":[{\"@type\":\"SearchAction\",\"target\":{\"@type\":\"EntryPoint\",\"urlTemplate\":\"https:\\\/\\\/wordpress.h3campus.fr\\\/carla-simon\\\/?s={search_term_string}\"},\"query-input\":{\"@type\":\"PropertyValueSpecification\",\"valueRequired\":true,\"valueName\":\"search_term_string\"}}],\"inLanguage\":\"fr-FR\"},{\"@type\":\"Organization\",\"@id\":\"https:\\\/\\\/wordpress.h3campus.fr\\\/carla-simon\\\/#organization\",\"name\":\"Mira\",\"url\":\"https:\\\/\\\/wordpress.h3campus.fr\\\/carla-simon\\\/\",\"logo\":{\"@type\":\"ImageObject\",\"inLanguage\":\"fr-FR\",\"@id\":\"https:\\\/\\\/wordpress.h3campus.fr\\\/carla-simon\\\/#\\\/schema\\\/logo\\\/image\\\/\",\"url\":\"https:\\\/\\\/wordpress.h3campus.fr\\\/carla-simon\\\/wp-content\\\/uploads\\\/sites\\\/28\\\/2026\\\/04\\\/cropped-cropped-Logo-Mira-MKTG-Digital.png\",\"contentUrl\":\"https:\\\/\\\/wordpress.h3campus.fr\\\/carla-simon\\\/wp-content\\\/uploads\\\/sites\\\/28\\\/2026\\\/04\\\/cropped-cropped-Logo-Mira-MKTG-Digital.png\",\"width\":255,\"height\":284,\"caption\":\"Mira\"},\"image\":{\"@id\":\"https:\\\/\\\/wordpress.h3campus.fr\\\/carla-simon\\\/#\\\/schema\\\/logo\\\/image\\\/\"}}]}<\/script>\n<!-- \/ Yoast SEO plugin. -->","yoast_head_json":{"title":"Pivoine rose - Mira","robots":{"index":"index","follow":"follow","max-snippet":"max-snippet:-1","max-image-preview":"max-image-preview:large","max-video-preview":"max-video-preview:-1"},"canonical":"https:\/\/wordpress.h3campus.fr\/carla-simon\/product\/pivoine-rose\/","og_locale":"fr_FR","og_type":"article","og_title":"Pivoine rose - Mira","og_description":"Volume g\u00e9n\u00e9reux et \u00e9l\u00e9gance romantique                 La pivoine rose, c\u2019est la fleur qui en impose sans effort. Avec ses p\u00e9tales abondants et sa forme g\u00e9n\u00e9reuse, elle apporte instantan\u00e9ment une touche chic, douce et ultra romantique \u00e0 n\u2019importe quel bouquet. Sa teinte rose d\u00e9licate varie subtilement selon l\u2019ouverture de la fleur, ce qui lui donne un rendu vivant et naturel. C\u2019est une fleur tr\u00e8s appr\u00e9ci\u00e9e pour les compositions \u00e9l\u00e9gantes, les mariages ou simplement pour sublimer un int\u00e9rieur avec style. Fra\u00eeche et raffin\u00e9e, elle capte l\u2019attention tout en restant douce et sophistiqu\u00e9e.","og_url":"https:\/\/wordpress.h3campus.fr\/carla-simon\/product\/pivoine-rose\/","og_site_name":"Mira","article_modified_time":"2026-04-27T13:50:45+00:00","og_image":[{"width":736,"height":736,"url":"https:\/\/wordpress.h3campus.fr\/carla-simon\/wp-content\/uploads\/sites\/28\/2026\/04\/2.jpeg","type":"image\/jpeg"}],"twitter_card":"summary_large_image","twitter_misc":{"Est. reading time":"1 minute"},"schema":{"@context":"https:\/\/schema.org","@graph":[{"@type":"WebPage","@id":"https:\/\/wordpress.h3campus.fr\/carla-simon\/product\/pivoine-rose\/","url":"https:\/\/wordpress.h3campus.fr\/carla-simon\/product\/pivoine-rose\/","name":"Pivoine rose - Mira","isPartOf":{"@id":"https:\/\/wordpress.h3campus.fr\/carla-simon\/#website"},"primaryImageOfPage":{"@id":"https:\/\/wordpress.h3campus.fr\/carla-simon\/product\/pivoine-rose\/#primaryimage"},"image":{"@id":"https:\/\/wordpress.h3campus.fr\/carla-simon\/product\/pivoine-rose\/#primaryimage"},"thumbnailUrl":"https:\/\/wordpress.h3campus.fr\/carla-simon\/wp-content\/uploads\/sites\/28\/2026\/04\/2.jpeg","datePublished":"2026-04-25T19:25:07+00:00","dateModified":"2026-04-27T13:50:45+00:00","breadcrumb":{"@id":"https:\/\/wordpress.h3campus.fr\/carla-simon\/product\/pivoine-rose\/#breadcrumb"},"inLanguage":"fr-FR","potentialAction":[{"@type":"ReadAction","target":["https:\/\/wordpress.h3campus.fr\/carla-simon\/product\/pivoine-rose\/"]}]},{"@type":"ImageObject","inLanguage":"fr-FR","@id":"https:\/\/wordpress.h3campus.fr\/carla-simon\/product\/pivoine-rose\/#primaryimage","url":"https:\/\/wordpress.h3campus.fr\/carla-simon\/wp-content\/uploads\/sites\/28\/2026\/04\/2.jpeg","contentUrl":"https:\/\/wordpress.h3campus.fr\/carla-simon\/wp-content\/uploads\/sites\/28\/2026\/04\/2.jpeg","width":736,"height":736},{"@type":"BreadcrumbList","@id":"https:\/\/wordpress.h3campus.fr\/carla-simon\/product\/pivoine-rose\/#breadcrumb","itemListElement":[{"@type":"ListItem","position":1,"name":"Home","item":"https:\/\/wordpress.h3campus.fr\/carla-simon\/"},{"@type":"ListItem","position":2,"name":"Shop","item":"https:\/\/wordpress.h3campus.fr\/carla-simon\/?page_id=37"},{"@type":"ListItem","position":3,"name":"Pivoine rose"}]},{"@type":"WebSite","@id":"https:\/\/wordpress.h3campus.fr\/carla-simon\/#website","url":"https:\/\/wordpress.h3campus.fr\/carla-simon\/","name":"Mira","description":"Le bouquet qui fait la diff\u00e9rence !","publisher":{"@id":"https:\/\/wordpress.h3campus.fr\/carla-simon\/#organization"},"potentialAction":[{"@type":"SearchAction","target":{"@type":"EntryPoint","urlTemplate":"https:\/\/wordpress.h3campus.fr\/carla-simon\/?s={search_term_string}"},"query-input":{"@type":"PropertyValueSpecification","valueRequired":true,"valueName":"search_term_string"}}],"inLanguage":"fr-FR"},{"@type":"Organization","@id":"https:\/\/wordpress.h3campus.fr\/carla-simon\/#organization","name":"Mira","url":"https:\/\/wordpress.h3campus.fr\/carla-simon\/","logo":{"@type":"ImageObject","inLanguage":"fr-FR","@id":"https:\/\/wordpress.h3campus.fr\/carla-simon\/#\/schema\/logo\/image\/","url":"https:\/\/wordpress.h3campus.fr\/carla-simon\/wp-content\/uploads\/sites\/28\/2026\/04\/cropped-cropped-Logo-Mira-MKTG-Digital.png","contentUrl":"https:\/\/wordpress.h3campus.fr\/carla-simon\/wp-content\/uploads\/sites\/28\/2026\/04\/cropped-cropped-Logo-Mira-MKTG-Digital.png","width":255,"height":284,"caption":"Mira"},"image":{"@id":"https:\/\/wordpress.h3campus.fr\/carla-simon\/#\/schema\/logo\/image\/"}}]}},"_links":{"self":[{"href":"https:\/\/wordpress.h3campus.fr\/carla-simon\/wp-json\/wp\/v2\/product\/120","targetHints":{"allow":["GET"]}}],"collection":[{"href":"https:\/\/wordpress.h3campus.fr\/carla-simon\/wp-json\/wp\/v2\/product"}],"about":[{"href":"https:\/\/wordpress.h3campus.fr\/carla-simon\/wp-json\/wp\/v2\/types\/product"}],"replies":[{"embeddable":true,"href":"https:\/\/wordpress.h3campus.fr\/carla-simon\/wp-json\/wp\/v2\/comments?post=120"}],"wp:featuredmedia":[{"embeddable":true,"href":"https:\/\/wordpress.h3campus.fr\/carla-simon\/wp-json\/wp\/v2\/media\/92"}],"wp:attachment":[{"href":"https:\/\/wordpress.h3campus.fr\/carla-simon\/wp-json\/wp\/v2\/media?parent=120"}],"wp:term":[{"taxonomy":"product_brand","embeddable":true,"href":"https:\/\/wordpress.h3campus.fr\/carla-simon\/wp-json\/wp\/v2\/product_brand?post=120"},{"taxonomy":"product_cat","embeddable":true,"href":"https:\/\/wordpress.h3campus.fr\/carla-simon\/wp-json\/wp\/v2\/product_cat?post=120"},{"taxonomy":"product_tag","embeddable":true,"href":"https:\/\/wordpress.h3campus.fr\/carla-simon\/wp-json\/wp\/v2\/product_tag?post=120"}],"curies":[{"name":"wp","href":"https:\/\/api.w.org\/{rel}","templated":true}]}}