{"id":61,"date":"2026-04-10T11:59:12","date_gmt":"2026-04-10T09:59:12","guid":{"rendered":"https:\/\/wordpress.h3campus.fr\/carla-simon\/?page_id=61"},"modified":"2026-04-30T09:37:52","modified_gmt":"2026-04-30T07:37:52","slug":"dou-viennent-nos-fleurs","status":"publish","type":"page","link":"https:\/\/wordpress.h3campus.fr\/carla-simon\/dou-viennent-nos-fleurs\/","title":{"rendered":"D&rsquo;o\u00f9 viennent nos fleurs ?"},"content":{"rendered":"\n<div style=\"height:55px\" aria-hidden=\"true\" class=\"wp-block-spacer\"><\/div>\n\n\n\n<h2 class=\"wp-block-heading has-text-align-center\">D&rsquo;o\u00f9 viennent nos fleurs ?<\/h2>\n\n\n\n<p class=\"has-text-align-center\"><em>Chez un fleuriste, la provenance des fleurs est bien plus qu\u2019un d\u00e9tail. C\u2019est une question de saison, de savoir-faire et d\u2019engagement. Aujourd\u2019hui, de plus en plus de fleurs propos\u00e9es en boutique viennent de productions fran\u00e7aises, s\u00e9lectionn\u00e9es avec soin pour garantir fra\u00eecheur, qualit\u00e9 et respect des cycles naturels.<\/em><\/p>\n\n\n\n<p class=\"has-text-align-center\"><em>Voici un aper\u00e7u clair et transparent de l\u2019origine de nos fleurs.<\/em><\/p>\n\n\n\n<div class=\"wp-block-buttons is-content-justification-center is-layout-flex wp-container-core-buttons-is-layout-a89b3969 wp-block-buttons-is-layout-flex\">\n<div class=\"wp-block-button\"><a class=\"wp-block-button__link wp-element-button\">D\u00e9couvrir nos fleurs<\/a><\/div>\n<\/div>\n\n\n\n<div style=\"height:41px\" aria-hidden=\"true\" class=\"wp-block-spacer\"><\/div>\n\n\n\n<div class=\"wp-block-media-text is-stacked-on-mobile is-image-fill-element has-border-color has-ast-global-color-3-border-color\" style=\"border-width:1px;grid-template-columns:44% auto\"><figure class=\"wp-block-media-text__media\"><img fetchpriority=\"high\" decoding=\"async\" width=\"592\" height=\"1024\" src=\"https:\/\/wordpress.h3campus.fr\/carla-simon\/wp-content\/uploads\/sites\/28\/2026\/04\/1-2-592x1024.jpeg\" alt=\"\" class=\"wp-image-204 size-full\" style=\"object-position:50% 50%\" srcset=\"https:\/\/wordpress.h3campus.fr\/carla-simon\/wp-content\/uploads\/sites\/28\/2026\/04\/1-2-592x1024.jpeg 592w, https:\/\/wordpress.h3campus.fr\/carla-simon\/wp-content\/uploads\/sites\/28\/2026\/04\/1-2-173x300.jpeg 173w, https:\/\/wordpress.h3campus.fr\/carla-simon\/wp-content\/uploads\/sites\/28\/2026\/04\/1-2-600x1039.jpeg 600w, https:\/\/wordpress.h3campus.fr\/carla-simon\/wp-content\/uploads\/sites\/28\/2026\/04\/1-2.jpeg 736w\" sizes=\"(max-width: 592px) 100vw, 592px\" \/><\/figure><div class=\"wp-block-media-text__content\">\n<h3 class=\"wp-block-heading has-text-align-center\"><em>Une grande partie de nos fleurs vient de France <\/em><strong><em>\ud83c\uddeb\ud83c\uddf7<\/em><\/strong><\/h3>\n\n\n\n<p class=\"has-text-align-center\">Nos fleurs sont principalement issues de producteurs locaux r\u00e9partis sur le territoire. En choisissant des fleurs fran\u00e7aises, nous privil\u00e9gions :<\/p>\n\n\n\n<ul class=\"wp-block-list\">\n<li>la fra\u00eecheur (circuits courts)<\/li>\n\n\n\n<li>la saisonnalit\u00e9<\/li>\n\n\n\n<li>un impact environnemental r\u00e9duit<\/li>\n\n\n\n<li>le soutien aux producteurs locaux<\/li>\n<\/ul>\n\n\n\n<p class=\"has-text-align-center\">Les r\u00e9gions fran\u00e7aises jouent un r\u00f4le cl\u00e9 dans cette production florale :<\/p>\n\n\n\n<ul class=\"wp-block-list\">\n<li>le Var et la r\u00e9gion PACA pour les fleurs m\u00e9diterran\u00e9ennes (mimosa, roses, pivoines\u2026)<\/li>\n\n\n\n<li>la Bretagne pour certaines fleurs de plein champ<\/li>\n\n\n\n<li>la r\u00e9gion Auvergne-Rh\u00f4ne-Alpes pour les cultures de montagne et de saison<\/li>\n<\/ul>\n\n\n\n<p class=\"has-text-align-center\">Ce maillage permet d\u2019avoir des fleurs fra\u00eeches et vari\u00e9es une grande partie de l\u2019ann\u00e9e.<\/p>\n<\/div><\/div>\n\n\n\n<div style=\"height:100px\" aria-hidden=\"true\" class=\"wp-block-spacer\"><\/div>\n\n\n\n<div class=\"wp-block-media-text has-media-on-the-right is-stacked-on-mobile is-image-fill-element has-border-color has-ast-global-color-1-border-color\" style=\"border-width:1px\"><div class=\"wp-block-media-text__content\">\n<h3 class=\"wp-block-heading has-text-align-center\"> <em>Une s\u00e9lection rigoureuse de producteurs<\/em><\/h3>\n\n\n\n<p class=\"has-text-align-center\"> Nous collaborons avec des horticulteurs et producteurs engag\u00e9s dans        une d\u00e9marche de qualit\u00e9. Certains sont labellis\u00e9s (comme le label \u201cFleurs  de France\u201d), garantissant une production locale et responsable.<\/p>\n\n\n\n<p class=\"has-text-align-center\">Cette exigence permet de proposer des fleurs :<\/p>\n\n\n\n<ul class=\"wp-block-list\">\n<li>s\u00e9lectionn\u00e9es pour leur tenue en vase<\/li>\n<\/ul>\n\n\n\n<ul class=\"wp-block-list\">\n<li>fra\u00eechement coup\u00e9es<\/li>\n<\/ul>\n\n\n\n<ul class=\"wp-block-list\">\n<li>cultiv\u00e9es dans de bonnes conditions.<\/li>\n<\/ul>\n<\/div><figure class=\"wp-block-media-text__media\"><img decoding=\"async\" width=\"888\" height=\"818\" src=\"https:\/\/wordpress.h3campus.fr\/carla-simon\/wp-content\/uploads\/sites\/28\/2026\/04\/Capture-decran-2026-04-27-a-16.31.30.png\" alt=\"\" class=\"wp-image-201 size-full\" style=\"object-position:50% 50%\" srcset=\"https:\/\/wordpress.h3campus.fr\/carla-simon\/wp-content\/uploads\/sites\/28\/2026\/04\/Capture-decran-2026-04-27-a-16.31.30.png 888w, https:\/\/wordpress.h3campus.fr\/carla-simon\/wp-content\/uploads\/sites\/28\/2026\/04\/Capture-decran-2026-04-27-a-16.31.30-300x276.png 300w, https:\/\/wordpress.h3campus.fr\/carla-simon\/wp-content\/uploads\/sites\/28\/2026\/04\/Capture-decran-2026-04-27-a-16.31.30-768x707.png 768w, https:\/\/wordpress.h3campus.fr\/carla-simon\/wp-content\/uploads\/sites\/28\/2026\/04\/Capture-decran-2026-04-27-a-16.31.30-600x553.png 600w\" sizes=\"(max-width: 888px) 100vw, 888px\" \/><\/figure><\/div>\n\n\n\n<p class=\"has-ast-global-color-4-color has-text-color has-link-color wp-elements-9653c95f4ab131544f6d6140024b14c3\">Dans ce cas, nous travaillons avec des producteurs europ\u00e9ens ou internationaux, choisis avec soin pour leur qualit\u00e9 et leurs pratiques responsables.<\/p>\n\n\n\n<div style=\"height:46px\" aria-hidden=\"true\" class=\"wp-block-spacer\"><\/div>\n\n\n\n<blockquote class=\"wp-block-quote has-ast-global-color-0-background-color has-background is-layout-flow wp-block-quote-is-layout-flow\">\n<h4 class=\"wp-block-heading has-text-align-center\"><em>\u00ab\u00a0Les fleurs rappellent que la beaut\u00e9 na\u00eet souvent des choses les plus simples.\u00a0\u00bb<\/em><\/h4>\n<\/blockquote>\n\n\n\n<p><\/p>\n","protected":false},"excerpt":{"rendered":"<p>D&rsquo;o\u00f9 viennent nos fleurs ? Chez un fleuriste, la provenance des fleurs est bien plus qu\u2019un d\u00e9tail. C\u2019est une question [&hellip;]<\/p>\n","protected":false},"author":25,"featured_media":0,"parent":0,"menu_order":0,"comment_status":"closed","ping_status":"closed","template":"","meta":{"site-sidebar-layout":"default","site-content-layout":"","ast-site-content-layout":"default","site-content-style":"default","site-sidebar-style":"default","ast-global-header-display":"","ast-banner-title-visibility":"","ast-main-header-display":"","ast-hfb-above-header-display":"","ast-hfb-below-header-display":"","ast-hfb-mobile-header-display":"","site-post-title":"disabled","ast-breadcrumbs-content":"","ast-featured-img":"","footer-sml-layout":"","ast-disable-related-posts":"","theme-transparent-header-meta":"","adv-header-id-meta":"","stick-header-meta":"","header-above-stick-meta":"","header-main-stick-meta":"","header-below-stick-meta":"","astra-migrate-meta-layouts":"default","ast-page-background-enabled":"default","ast-page-background-meta":{"desktop":{"background-color":"var(--ast-global-color-5)","background-image":"","background-repeat":"repeat","background-position":"center center","background-size":"auto","background-attachment":"scroll","background-type":"","background-media":"","overlay-type":"","overlay-color":"","overlay-opacity":"","overlay-gradient":""},"tablet":{"background-color":"","background-image":"","background-repeat":"repeat","background-position":"center center","background-size":"auto","background-attachment":"scroll","background-type":"","background-media":"","overlay-type":"","overlay-color":"","overlay-opacity":"","overlay-gradient":""},"mobile":{"background-color":"","background-image":"","background-repeat":"repeat","background-position":"center center","background-size":"auto","background-attachment":"scroll","background-type":"","background-media":"","overlay-type":"","overlay-color":"","overlay-opacity":"","overlay-gradient":""}},"ast-content-background-meta":{"desktop":{"background-color":"var(--ast-global-color-4)","background-image":"","background-repeat":"repeat","background-position":"center center","background-size":"auto","background-attachment":"scroll","background-type":"","background-media":"","overlay-type":"","overlay-color":"","overlay-opacity":"","overlay-gradient":""},"tablet":{"background-color":"var(--ast-global-color-4)","background-image":"","background-repeat":"repeat","background-position":"center center","background-size":"auto","background-attachment":"scroll","background-type":"","background-media":"","overlay-type":"","overlay-color":"","overlay-opacity":"","overlay-gradient":""},"mobile":{"background-color":"var(--ast-global-color-4)","background-image":"","background-repeat":"repeat","background-position":"center center","background-size":"auto","background-attachment":"scroll","background-type":"","background-media":"","overlay-type":"","overlay-color":"","overlay-opacity":"","overlay-gradient":""}},"footnotes":""},"class_list":["post-61","page","type-page","status-publish","hentry"],"yoast_head":"<!-- This site is optimized with the Yoast SEO plugin v27.4 - https:\/\/yoast.com\/product\/yoast-seo-wordpress\/ -->\n<title>D&#039;o\u00f9 viennent nos fleurs ? - Mira<\/title>\n<meta name=\"robots\" content=\"index, follow, max-snippet:-1, max-image-preview:large, max-video-preview:-1\" \/>\n<link rel=\"canonical\" href=\"https:\/\/wordpress.h3campus.fr\/carla-simon\/dou-viennent-nos-fleurs\/\" \/>\n<meta property=\"og:locale\" content=\"fr_FR\" \/>\n<meta property=\"og:type\" content=\"article\" \/>\n<meta property=\"og:title\" content=\"D&#039;o\u00f9 viennent nos fleurs ? - Mira\" \/>\n<meta property=\"og:description\" content=\"D&rsquo;o\u00f9 viennent nos fleurs ? Chez un fleuriste, la provenance des fleurs est bien plus qu\u2019un d\u00e9tail. C\u2019est une question [&hellip;]\" \/>\n<meta property=\"og:url\" content=\"https:\/\/wordpress.h3campus.fr\/carla-simon\/dou-viennent-nos-fleurs\/\" \/>\n<meta property=\"og:site_name\" content=\"Mira\" \/>\n<meta property=\"article:modified_time\" content=\"2026-04-30T07:37:52+00:00\" \/>\n<meta property=\"og:image\" content=\"https:\/\/wordpress.h3campus.fr\/carla-simon\/wp-content\/uploads\/sites\/28\/2026\/04\/1-2.jpeg\" \/>\n\t<meta property=\"og:image:width\" content=\"736\" \/>\n\t<meta property=\"og:image:height\" content=\"1274\" \/>\n\t<meta property=\"og:image:type\" content=\"image\/jpeg\" \/>\n<meta name=\"twitter:card\" content=\"summary_large_image\" \/>\n<meta name=\"twitter:label1\" content=\"Est. reading time\" \/>\n\t<meta name=\"twitter:data1\" content=\"2 minutes\" \/>\n<script type=\"application\/ld+json\" class=\"yoast-schema-graph\">{\"@context\":\"https:\\\/\\\/schema.org\",\"@graph\":[{\"@type\":\"WebPage\",\"@id\":\"https:\\\/\\\/wordpress.h3campus.fr\\\/carla-simon\\\/dou-viennent-nos-fleurs\\\/\",\"url\":\"https:\\\/\\\/wordpress.h3campus.fr\\\/carla-simon\\\/dou-viennent-nos-fleurs\\\/\",\"name\":\"D'o\u00f9 viennent nos fleurs ? - Mira\",\"isPartOf\":{\"@id\":\"https:\\\/\\\/wordpress.h3campus.fr\\\/carla-simon\\\/#website\"},\"primaryImageOfPage\":{\"@id\":\"https:\\\/\\\/wordpress.h3campus.fr\\\/carla-simon\\\/dou-viennent-nos-fleurs\\\/#primaryimage\"},\"image\":{\"@id\":\"https:\\\/\\\/wordpress.h3campus.fr\\\/carla-simon\\\/dou-viennent-nos-fleurs\\\/#primaryimage\"},\"thumbnailUrl\":\"https:\\\/\\\/wordpress.h3campus.fr\\\/carla-simon\\\/wp-content\\\/uploads\\\/sites\\\/28\\\/2026\\\/04\\\/1-2-592x1024.jpeg\",\"datePublished\":\"2026-04-10T09:59:12+00:00\",\"dateModified\":\"2026-04-30T07:37:52+00:00\",\"breadcrumb\":{\"@id\":\"https:\\\/\\\/wordpress.h3campus.fr\\\/carla-simon\\\/dou-viennent-nos-fleurs\\\/#breadcrumb\"},\"inLanguage\":\"fr-FR\",\"potentialAction\":[{\"@type\":\"ReadAction\",\"target\":[\"https:\\\/\\\/wordpress.h3campus.fr\\\/carla-simon\\\/dou-viennent-nos-fleurs\\\/\"]}]},{\"@type\":\"ImageObject\",\"inLanguage\":\"fr-FR\",\"@id\":\"https:\\\/\\\/wordpress.h3campus.fr\\\/carla-simon\\\/dou-viennent-nos-fleurs\\\/#primaryimage\",\"url\":\"https:\\\/\\\/wordpress.h3campus.fr\\\/carla-simon\\\/wp-content\\\/uploads\\\/sites\\\/28\\\/2026\\\/04\\\/1-2.jpeg\",\"contentUrl\":\"https:\\\/\\\/wordpress.h3campus.fr\\\/carla-simon\\\/wp-content\\\/uploads\\\/sites\\\/28\\\/2026\\\/04\\\/1-2.jpeg\",\"width\":736,\"height\":1274},{\"@type\":\"BreadcrumbList\",\"@id\":\"https:\\\/\\\/wordpress.h3campus.fr\\\/carla-simon\\\/dou-viennent-nos-fleurs\\\/#breadcrumb\",\"itemListElement\":[{\"@type\":\"ListItem\",\"position\":1,\"name\":\"Home\",\"item\":\"https:\\\/\\\/wordpress.h3campus.fr\\\/carla-simon\\\/\"},{\"@type\":\"ListItem\",\"position\":2,\"name\":\"D&rsquo;o\u00f9 viennent nos fleurs ?\"}]},{\"@type\":\"WebSite\",\"@id\":\"https:\\\/\\\/wordpress.h3campus.fr\\\/carla-simon\\\/#website\",\"url\":\"https:\\\/\\\/wordpress.h3campus.fr\\\/carla-simon\\\/\",\"name\":\"Mira\",\"description\":\"Le bouquet qui fait la diff\u00e9rence !\",\"publisher\":{\"@id\":\"https:\\\/\\\/wordpress.h3campus.fr\\\/carla-simon\\\/#organization\"},\"potentialAction\":[{\"@type\":\"SearchAction\",\"target\":{\"@type\":\"EntryPoint\",\"urlTemplate\":\"https:\\\/\\\/wordpress.h3campus.fr\\\/carla-simon\\\/?s={search_term_string}\"},\"query-input\":{\"@type\":\"PropertyValueSpecification\",\"valueRequired\":true,\"valueName\":\"search_term_string\"}}],\"inLanguage\":\"fr-FR\"},{\"@type\":\"Organization\",\"@id\":\"https:\\\/\\\/wordpress.h3campus.fr\\\/carla-simon\\\/#organization\",\"name\":\"Mira\",\"url\":\"https:\\\/\\\/wordpress.h3campus.fr\\\/carla-simon\\\/\",\"logo\":{\"@type\":\"ImageObject\",\"inLanguage\":\"fr-FR\",\"@id\":\"https:\\\/\\\/wordpress.h3campus.fr\\\/carla-simon\\\/#\\\/schema\\\/logo\\\/image\\\/\",\"url\":\"https:\\\/\\\/wordpress.h3campus.fr\\\/carla-simon\\\/wp-content\\\/uploads\\\/sites\\\/28\\\/2026\\\/04\\\/cropped-cropped-Logo-Mira-MKTG-Digital.png\",\"contentUrl\":\"https:\\\/\\\/wordpress.h3campus.fr\\\/carla-simon\\\/wp-content\\\/uploads\\\/sites\\\/28\\\/2026\\\/04\\\/cropped-cropped-Logo-Mira-MKTG-Digital.png\",\"width\":255,\"height\":284,\"caption\":\"Mira\"},\"image\":{\"@id\":\"https:\\\/\\\/wordpress.h3campus.fr\\\/carla-simon\\\/#\\\/schema\\\/logo\\\/image\\\/\"}}]}<\/script>\n<!-- \/ Yoast SEO plugin. -->","yoast_head_json":{"title":"D'o\u00f9 viennent nos fleurs ? - Mira","robots":{"index":"index","follow":"follow","max-snippet":"max-snippet:-1","max-image-preview":"max-image-preview:large","max-video-preview":"max-video-preview:-1"},"canonical":"https:\/\/wordpress.h3campus.fr\/carla-simon\/dou-viennent-nos-fleurs\/","og_locale":"fr_FR","og_type":"article","og_title":"D'o\u00f9 viennent nos fleurs ? - Mira","og_description":"D&rsquo;o\u00f9 viennent nos fleurs ? Chez un fleuriste, la provenance des fleurs est bien plus qu\u2019un d\u00e9tail. C\u2019est une question [&hellip;]","og_url":"https:\/\/wordpress.h3campus.fr\/carla-simon\/dou-viennent-nos-fleurs\/","og_site_name":"Mira","article_modified_time":"2026-04-30T07:37:52+00:00","og_image":[{"width":736,"height":1274,"url":"https:\/\/wordpress.h3campus.fr\/carla-simon\/wp-content\/uploads\/sites\/28\/2026\/04\/1-2.jpeg","type":"image\/jpeg"}],"twitter_card":"summary_large_image","twitter_misc":{"Est. reading time":"2 minutes"},"schema":{"@context":"https:\/\/schema.org","@graph":[{"@type":"WebPage","@id":"https:\/\/wordpress.h3campus.fr\/carla-simon\/dou-viennent-nos-fleurs\/","url":"https:\/\/wordpress.h3campus.fr\/carla-simon\/dou-viennent-nos-fleurs\/","name":"D'o\u00f9 viennent nos fleurs ? - Mira","isPartOf":{"@id":"https:\/\/wordpress.h3campus.fr\/carla-simon\/#website"},"primaryImageOfPage":{"@id":"https:\/\/wordpress.h3campus.fr\/carla-simon\/dou-viennent-nos-fleurs\/#primaryimage"},"image":{"@id":"https:\/\/wordpress.h3campus.fr\/carla-simon\/dou-viennent-nos-fleurs\/#primaryimage"},"thumbnailUrl":"https:\/\/wordpress.h3campus.fr\/carla-simon\/wp-content\/uploads\/sites\/28\/2026\/04\/1-2-592x1024.jpeg","datePublished":"2026-04-10T09:59:12+00:00","dateModified":"2026-04-30T07:37:52+00:00","breadcrumb":{"@id":"https:\/\/wordpress.h3campus.fr\/carla-simon\/dou-viennent-nos-fleurs\/#breadcrumb"},"inLanguage":"fr-FR","potentialAction":[{"@type":"ReadAction","target":["https:\/\/wordpress.h3campus.fr\/carla-simon\/dou-viennent-nos-fleurs\/"]}]},{"@type":"ImageObject","inLanguage":"fr-FR","@id":"https:\/\/wordpress.h3campus.fr\/carla-simon\/dou-viennent-nos-fleurs\/#primaryimage","url":"https:\/\/wordpress.h3campus.fr\/carla-simon\/wp-content\/uploads\/sites\/28\/2026\/04\/1-2.jpeg","contentUrl":"https:\/\/wordpress.h3campus.fr\/carla-simon\/wp-content\/uploads\/sites\/28\/2026\/04\/1-2.jpeg","width":736,"height":1274},{"@type":"BreadcrumbList","@id":"https:\/\/wordpress.h3campus.fr\/carla-simon\/dou-viennent-nos-fleurs\/#breadcrumb","itemListElement":[{"@type":"ListItem","position":1,"name":"Home","item":"https:\/\/wordpress.h3campus.fr\/carla-simon\/"},{"@type":"ListItem","position":2,"name":"D&rsquo;o\u00f9 viennent nos fleurs ?"}]},{"@type":"WebSite","@id":"https:\/\/wordpress.h3campus.fr\/carla-simon\/#website","url":"https:\/\/wordpress.h3campus.fr\/carla-simon\/","name":"Mira","description":"Le bouquet qui fait la diff\u00e9rence !","publisher":{"@id":"https:\/\/wordpress.h3campus.fr\/carla-simon\/#organization"},"potentialAction":[{"@type":"SearchAction","target":{"@type":"EntryPoint","urlTemplate":"https:\/\/wordpress.h3campus.fr\/carla-simon\/?s={search_term_string}"},"query-input":{"@type":"PropertyValueSpecification","valueRequired":true,"valueName":"search_term_string"}}],"inLanguage":"fr-FR"},{"@type":"Organization","@id":"https:\/\/wordpress.h3campus.fr\/carla-simon\/#organization","name":"Mira","url":"https:\/\/wordpress.h3campus.fr\/carla-simon\/","logo":{"@type":"ImageObject","inLanguage":"fr-FR","@id":"https:\/\/wordpress.h3campus.fr\/carla-simon\/#\/schema\/logo\/image\/","url":"https:\/\/wordpress.h3campus.fr\/carla-simon\/wp-content\/uploads\/sites\/28\/2026\/04\/cropped-cropped-Logo-Mira-MKTG-Digital.png","contentUrl":"https:\/\/wordpress.h3campus.fr\/carla-simon\/wp-content\/uploads\/sites\/28\/2026\/04\/cropped-cropped-Logo-Mira-MKTG-Digital.png","width":255,"height":284,"caption":"Mira"},"image":{"@id":"https:\/\/wordpress.h3campus.fr\/carla-simon\/#\/schema\/logo\/image\/"}}]}},"_links":{"self":[{"href":"https:\/\/wordpress.h3campus.fr\/carla-simon\/wp-json\/wp\/v2\/pages\/61","targetHints":{"allow":["GET"]}}],"collection":[{"href":"https:\/\/wordpress.h3campus.fr\/carla-simon\/wp-json\/wp\/v2\/pages"}],"about":[{"href":"https:\/\/wordpress.h3campus.fr\/carla-simon\/wp-json\/wp\/v2\/types\/page"}],"author":[{"embeddable":true,"href":"https:\/\/wordpress.h3campus.fr\/carla-simon\/wp-json\/wp\/v2\/users\/25"}],"replies":[{"embeddable":true,"href":"https:\/\/wordpress.h3campus.fr\/carla-simon\/wp-json\/wp\/v2\/comments?post=61"}],"version-history":[{"count":14,"href":"https:\/\/wordpress.h3campus.fr\/carla-simon\/wp-json\/wp\/v2\/pages\/61\/revisions"}],"predecessor-version":[{"id":254,"href":"https:\/\/wordpress.h3campus.fr\/carla-simon\/wp-json\/wp\/v2\/pages\/61\/revisions\/254"}],"wp:attachment":[{"href":"https:\/\/wordpress.h3campus.fr\/carla-simon\/wp-json\/wp\/v2\/media?parent=61"}],"curies":[{"name":"wp","href":"https:\/\/api.w.org\/{rel}","templated":true}]}}