{"id":76,"date":"2026-04-30T09:40:18","date_gmt":"2026-04-30T07:40:18","guid":{"rendered":"https:\/\/wordpress.h3campus.fr\/anais-gimenez\/?page_id=76"},"modified":"2026-04-30T12:20:26","modified_gmt":"2026-04-30T10:20:26","slug":"articles","status":"publish","type":"page","link":"https:\/\/wordpress.h3campus.fr\/anais-gimenez\/articles\/","title":{"rendered":"Articles"},"content":{"rendered":"\n<figure class=\"wp-block-image aligncenter size-full is-resized\"><img fetchpriority=\"high\" decoding=\"async\" width=\"1000\" height=\"667\" src=\"https:\/\/wordpress.h3campus.fr\/anais-gimenez\/wp-content\/uploads\/sites\/18\/2026\/04\/50616.jpg\" alt=\"\" class=\"wp-image-107\" style=\"aspect-ratio:1.4992852201982938;width:1188px;height:auto\" srcset=\"https:\/\/wordpress.h3campus.fr\/anais-gimenez\/wp-content\/uploads\/sites\/18\/2026\/04\/50616.jpg 1000w, https:\/\/wordpress.h3campus.fr\/anais-gimenez\/wp-content\/uploads\/sites\/18\/2026\/04\/50616-300x200.jpg 300w, https:\/\/wordpress.h3campus.fr\/anais-gimenez\/wp-content\/uploads\/sites\/18\/2026\/04\/50616-768x512.jpg 768w, https:\/\/wordpress.h3campus.fr\/anais-gimenez\/wp-content\/uploads\/sites\/18\/2026\/04\/50616-600x400.jpg 600w\" sizes=\"(max-width: 1000px) 100vw, 1000px\" \/><\/figure>\n\n\n\n<div class=\"wp-block-columns is-layout-flex wp-container-core-columns-is-layout-28f84493 wp-block-columns-is-layout-flex\">\n<div class=\"wp-block-column is-layout-flow wp-block-column-is-layout-flow\"><ul style=\"padding-top:0;padding-bottom:0;padding-left:var(--wp--preset--spacing--40);padding-right:var(--wp--preset--spacing--40);\" class=\"wp-block-latest-posts__list wp-block-latest-posts has-small-font-size\"><li><a class=\"wp-block-latest-posts__post-title\" href=\"https:\/\/wordpress.h3campus.fr\/anais-gimenez\/2026\/04\/30\/lidentite-du-blog\/\">L&rsquo;identit\u00e9 du blog<\/a><div class=\"wp-block-latest-posts__post-excerpt\">BONGO\u00dbT, c\u2019est avant tout mon carnet de bord gourmand. Je m\u2019appelle Ana\u00efs et j\u2019ai toujours eu cette habitude un peu instinctive de chercher les bonnes adresses, celles o\u00f9\u2026 <a class=\"wp-block-latest-posts__read-more\" href=\"https:\/\/wordpress.h3campus.fr\/anais-gimenez\/2026\/04\/30\/lidentite-du-blog\/\" rel=\"noopener noreferrer\">Lire la suite<span class=\"screen-reader-text\">\u00a0: L&rsquo;identit\u00e9 du blog<\/span><\/a><\/div><\/li>\n<li><a class=\"wp-block-latest-posts__post-title\" href=\"https:\/\/wordpress.h3campus.fr\/anais-gimenez\/2026\/04\/30\/nos-bons-plans-gourmands\/\">Nos bons plans gourmands<\/a><div class=\"wp-block-latest-posts__post-excerpt\">Se r\u00e9galer sans se ruiner : mes 5 astuces pour trouver des adresses pas ch\u00e8res 1. S\u2019\u00e9loigner des zones trop touristiques Les restaurants situ\u00e9s dans les centres tr\u00e8s\u2026 <a class=\"wp-block-latest-posts__read-more\" href=\"https:\/\/wordpress.h3campus.fr\/anais-gimenez\/2026\/04\/30\/nos-bons-plans-gourmands\/\" rel=\"noopener noreferrer\">Lire la suite<span class=\"screen-reader-text\">\u00a0: Nos bons plans gourmands<\/span><\/a><\/div><\/li>\n<li><a class=\"wp-block-latest-posts__post-title\" href=\"https:\/\/wordpress.h3campus.fr\/anais-gimenez\/2026\/04\/30\/la-pepite-du-mois\/\">La p\u00e9pite du mois !<\/a><div class=\"wp-block-latest-posts__post-excerpt\">Une belle d\u00e9couverte \u00e0 Angers Ce mois-ci, j\u2019ai pos\u00e9 mes valises \u00e0 Angers, une ville o\u00f9 la cuisine r\u00e9serve de tr\u00e8s belles surprises. Parmi toutes les adresses test\u00e9es,\u2026 <a class=\"wp-block-latest-posts__read-more\" href=\"https:\/\/wordpress.h3campus.fr\/anais-gimenez\/2026\/04\/30\/la-pepite-du-mois\/\" rel=\"noopener noreferrer\">Lire la suite<span class=\"screen-reader-text\">\u00a0: La p\u00e9pite du mois !<\/span><\/a><\/div><\/li>\n<li><a class=\"wp-block-latest-posts__post-title\" href=\"https:\/\/wordpress.h3campus.fr\/anais-gimenez\/2026\/03\/27\/bonjour-tout-le-monde\/\">Enchant\u00e9e\u00a0!<\/a><div class=\"wp-block-latest-posts__post-excerpt\">Hello, moi c\u2019est Ana\u00efs ! Si tu es ici, il y a de grandes chances qu\u2019on ait d\u00e9j\u00e0 un point commun : on aime bien manger. Et pas\u2026 <a class=\"wp-block-latest-posts__read-more\" href=\"https:\/\/wordpress.h3campus.fr\/anais-gimenez\/2026\/03\/27\/bonjour-tout-le-monde\/\" rel=\"noopener noreferrer\">Lire la suite<span class=\"screen-reader-text\">\u00a0: Enchant\u00e9e\u00a0!<\/span><\/a><\/div><\/li>\n<\/ul><\/div>\n\n\n\n<div class=\"wp-block-column is-layout-flow wp-block-column-is-layout-flow\"><\/div>\n<\/div>\n","protected":false},"excerpt":{"rendered":"","protected":false},"author":15,"featured_media":0,"parent":0,"menu_order":0,"comment_status":"closed","ping_status":"closed","template":"","meta":{"site-sidebar-layout":"default","site-content-layout":"","ast-site-content-layout":"default","site-content-style":"default","site-sidebar-style":"default","ast-global-header-display":"","ast-banner-title-visibility":"","ast-main-header-display":"","ast-hfb-above-header-display":"","ast-hfb-below-header-display":"","ast-hfb-mobile-header-display":"","site-post-title":"","ast-breadcrumbs-content":"","ast-featured-img":"","footer-sml-layout":"","ast-disable-related-posts":"","theme-transparent-header-meta":"","adv-header-id-meta":"","stick-header-meta":"","header-above-stick-meta":"","header-main-stick-meta":"","header-below-stick-meta":"","astra-migrate-meta-layouts":"default","ast-page-background-enabled":"default","ast-page-background-meta":{"desktop":{"background-color":"var(--ast-global-color-5)","background-image":"","background-repeat":"repeat","background-position":"center center","background-size":"auto","background-attachment":"scroll","background-type":"","background-media":"","overlay-type":"","overlay-color":"","overlay-opacity":"","overlay-gradient":""},"tablet":{"background-color":"","background-image":"","background-repeat":"repeat","background-position":"center center","background-size":"auto","background-attachment":"scroll","background-type":"","background-media":"","overlay-type":"","overlay-color":"","overlay-opacity":"","overlay-gradient":""},"mobile":{"background-color":"","background-image":"","background-repeat":"repeat","background-position":"center center","background-size":"auto","background-attachment":"scroll","background-type":"","background-media":"","overlay-type":"","overlay-color":"","overlay-opacity":"","overlay-gradient":""}},"ast-content-background-meta":{"desktop":{"background-color":"var(--ast-global-color-4)","background-image":"","background-repeat":"repeat","background-position":"center center","background-size":"auto","background-attachment":"scroll","background-type":"","background-media":"","overlay-type":"","overlay-color":"","overlay-opacity":"","overlay-gradient":""},"tablet":{"background-color":"var(--ast-global-color-4)","background-image":"","background-repeat":"repeat","background-position":"center center","background-size":"auto","background-attachment":"scroll","background-type":"","background-media":"","overlay-type":"","overlay-color":"","overlay-opacity":"","overlay-gradient":""},"mobile":{"background-color":"var(--ast-global-color-4)","background-image":"","background-repeat":"repeat","background-position":"center center","background-size":"auto","background-attachment":"scroll","background-type":"","background-media":"","overlay-type":"","overlay-color":"","overlay-opacity":"","overlay-gradient":""}},"footnotes":""},"class_list":["post-76","page","type-page","status-publish","hentry"],"yoast_head":"<!-- This site is optimized with the Yoast SEO plugin v27.4 - https:\/\/yoast.com\/product\/yoast-seo-wordpress\/ -->\n<title>Articles - bongo\u00fbt<\/title>\n<meta name=\"robots\" content=\"index, follow, max-snippet:-1, max-image-preview:large, max-video-preview:-1\" \/>\n<link rel=\"canonical\" href=\"https:\/\/wordpress.h3campus.fr\/anais-gimenez\/articles\/\" \/>\n<meta property=\"og:locale\" content=\"fr_FR\" \/>\n<meta property=\"og:type\" content=\"article\" \/>\n<meta property=\"og:title\" content=\"Articles - bongo\u00fbt\" \/>\n<meta property=\"og:url\" content=\"https:\/\/wordpress.h3campus.fr\/anais-gimenez\/articles\/\" \/>\n<meta property=\"og:site_name\" content=\"bongo\u00fbt\" \/>\n<meta property=\"article:modified_time\" content=\"2026-04-30T10:20:26+00:00\" \/>\n<meta property=\"og:image\" content=\"https:\/\/wordpress.h3campus.fr\/anais-gimenez\/wp-content\/uploads\/sites\/18\/2026\/04\/50616.jpg\" \/>\n\t<meta property=\"og:image:width\" content=\"1000\" \/>\n\t<meta property=\"og:image:height\" content=\"667\" \/>\n\t<meta property=\"og:image:type\" content=\"image\/jpeg\" \/>\n<meta name=\"twitter:card\" content=\"summary_large_image\" \/>\n<meta name=\"twitter:label1\" content=\"Est. reading time\" \/>\n\t<meta name=\"twitter:data1\" content=\"1 minute\" \/>\n<script type=\"application\/ld+json\" class=\"yoast-schema-graph\">{\"@context\":\"https:\\\/\\\/schema.org\",\"@graph\":[{\"@type\":\"WebPage\",\"@id\":\"https:\\\/\\\/wordpress.h3campus.fr\\\/anais-gimenez\\\/articles\\\/\",\"url\":\"https:\\\/\\\/wordpress.h3campus.fr\\\/anais-gimenez\\\/articles\\\/\",\"name\":\"Articles - bongo\u00fbt\",\"isPartOf\":{\"@id\":\"https:\\\/\\\/wordpress.h3campus.fr\\\/anais-gimenez\\\/#website\"},\"primaryImageOfPage\":{\"@id\":\"https:\\\/\\\/wordpress.h3campus.fr\\\/anais-gimenez\\\/articles\\\/#primaryimage\"},\"image\":{\"@id\":\"https:\\\/\\\/wordpress.h3campus.fr\\\/anais-gimenez\\\/articles\\\/#primaryimage\"},\"thumbnailUrl\":\"https:\\\/\\\/wordpress.h3campus.fr\\\/anais-gimenez\\\/wp-content\\\/uploads\\\/sites\\\/18\\\/2026\\\/04\\\/50616.jpg\",\"datePublished\":\"2026-04-30T07:40:18+00:00\",\"dateModified\":\"2026-04-30T10:20:26+00:00\",\"breadcrumb\":{\"@id\":\"https:\\\/\\\/wordpress.h3campus.fr\\\/anais-gimenez\\\/articles\\\/#breadcrumb\"},\"inLanguage\":\"fr-FR\",\"potentialAction\":[{\"@type\":\"ReadAction\",\"target\":[\"https:\\\/\\\/wordpress.h3campus.fr\\\/anais-gimenez\\\/articles\\\/\"]}]},{\"@type\":\"ImageObject\",\"inLanguage\":\"fr-FR\",\"@id\":\"https:\\\/\\\/wordpress.h3campus.fr\\\/anais-gimenez\\\/articles\\\/#primaryimage\",\"url\":\"https:\\\/\\\/wordpress.h3campus.fr\\\/anais-gimenez\\\/wp-content\\\/uploads\\\/sites\\\/18\\\/2026\\\/04\\\/50616.jpg\",\"contentUrl\":\"https:\\\/\\\/wordpress.h3campus.fr\\\/anais-gimenez\\\/wp-content\\\/uploads\\\/sites\\\/18\\\/2026\\\/04\\\/50616.jpg\",\"width\":1000,\"height\":667},{\"@type\":\"BreadcrumbList\",\"@id\":\"https:\\\/\\\/wordpress.h3campus.fr\\\/anais-gimenez\\\/articles\\\/#breadcrumb\",\"itemListElement\":[{\"@type\":\"ListItem\",\"position\":1,\"name\":\"Home\",\"item\":\"https:\\\/\\\/wordpress.h3campus.fr\\\/anais-gimenez\\\/\"},{\"@type\":\"ListItem\",\"position\":2,\"name\":\"Articles\"}]},{\"@type\":\"WebSite\",\"@id\":\"https:\\\/\\\/wordpress.h3campus.fr\\\/anais-gimenez\\\/#website\",\"url\":\"https:\\\/\\\/wordpress.h3campus.fr\\\/anais-gimenez\\\/\",\"name\":\"bongo\u00fbt\",\"description\":\"Ce blog est n\u00e9 de cette passion : d\u00e9couvrir des restaurants, tester des lieux vari\u00e9s et partager mes vraies impressions. Pas de recommandations \u201cparce qu\u2019il faut en parler\u201d, mais uniquement des adresses que j\u2019ai aim\u00e9es, ou qui valent sinc\u00e8rement le d\u00e9tour.&lt;br&gt;\u00c0 travers votre \u00e9cran, je vous emm\u00e8ne avec moi dans mes explorations culinaires partout en France. Vous y trouverez des restaurants simples, des p\u00e9pites cach\u00e9es, des concepts originaux, mais aussi parfois des lieux plus connus revisit\u00e9s avec mon regard. \",\"publisher\":{\"@id\":\"https:\\\/\\\/wordpress.h3campus.fr\\\/anais-gimenez\\\/#organization\"},\"potentialAction\":[{\"@type\":\"SearchAction\",\"target\":{\"@type\":\"EntryPoint\",\"urlTemplate\":\"https:\\\/\\\/wordpress.h3campus.fr\\\/anais-gimenez\\\/?s={search_term_string}\"},\"query-input\":{\"@type\":\"PropertyValueSpecification\",\"valueRequired\":true,\"valueName\":\"search_term_string\"}}],\"inLanguage\":\"fr-FR\"},{\"@type\":\"Organization\",\"@id\":\"https:\\\/\\\/wordpress.h3campus.fr\\\/anais-gimenez\\\/#organization\",\"name\":\"bongo\u00fbt\",\"url\":\"https:\\\/\\\/wordpress.h3campus.fr\\\/anais-gimenez\\\/\",\"logo\":{\"@type\":\"ImageObject\",\"inLanguage\":\"fr-FR\",\"@id\":\"https:\\\/\\\/wordpress.h3campus.fr\\\/anais-gimenez\\\/#\\\/schema\\\/logo\\\/image\\\/\",\"url\":\"https:\\\/\\\/wordpress.h3campus.fr\\\/anais-gimenez\\\/wp-content\\\/uploads\\\/sites\\\/18\\\/2026\\\/04\\\/cropped-cropped-logo-1.png\",\"contentUrl\":\"https:\\\/\\\/wordpress.h3campus.fr\\\/anais-gimenez\\\/wp-content\\\/uploads\\\/sites\\\/18\\\/2026\\\/04\\\/cropped-cropped-logo-1.png\",\"width\":1079,\"height\":1551,\"caption\":\"bongo\u00fbt\"},\"image\":{\"@id\":\"https:\\\/\\\/wordpress.h3campus.fr\\\/anais-gimenez\\\/#\\\/schema\\\/logo\\\/image\\\/\"}}]}<\/script>\n<!-- \/ Yoast SEO plugin. -->","yoast_head_json":{"title":"Articles - bongo\u00fbt","robots":{"index":"index","follow":"follow","max-snippet":"max-snippet:-1","max-image-preview":"max-image-preview:large","max-video-preview":"max-video-preview:-1"},"canonical":"https:\/\/wordpress.h3campus.fr\/anais-gimenez\/articles\/","og_locale":"fr_FR","og_type":"article","og_title":"Articles - bongo\u00fbt","og_url":"https:\/\/wordpress.h3campus.fr\/anais-gimenez\/articles\/","og_site_name":"bongo\u00fbt","article_modified_time":"2026-04-30T10:20:26+00:00","og_image":[{"width":1000,"height":667,"url":"https:\/\/wordpress.h3campus.fr\/anais-gimenez\/wp-content\/uploads\/sites\/18\/2026\/04\/50616.jpg","type":"image\/jpeg"}],"twitter_card":"summary_large_image","twitter_misc":{"Est. reading time":"1 minute"},"schema":{"@context":"https:\/\/schema.org","@graph":[{"@type":"WebPage","@id":"https:\/\/wordpress.h3campus.fr\/anais-gimenez\/articles\/","url":"https:\/\/wordpress.h3campus.fr\/anais-gimenez\/articles\/","name":"Articles - bongo\u00fbt","isPartOf":{"@id":"https:\/\/wordpress.h3campus.fr\/anais-gimenez\/#website"},"primaryImageOfPage":{"@id":"https:\/\/wordpress.h3campus.fr\/anais-gimenez\/articles\/#primaryimage"},"image":{"@id":"https:\/\/wordpress.h3campus.fr\/anais-gimenez\/articles\/#primaryimage"},"thumbnailUrl":"https:\/\/wordpress.h3campus.fr\/anais-gimenez\/wp-content\/uploads\/sites\/18\/2026\/04\/50616.jpg","datePublished":"2026-04-30T07:40:18+00:00","dateModified":"2026-04-30T10:20:26+00:00","breadcrumb":{"@id":"https:\/\/wordpress.h3campus.fr\/anais-gimenez\/articles\/#breadcrumb"},"inLanguage":"fr-FR","potentialAction":[{"@type":"ReadAction","target":["https:\/\/wordpress.h3campus.fr\/anais-gimenez\/articles\/"]}]},{"@type":"ImageObject","inLanguage":"fr-FR","@id":"https:\/\/wordpress.h3campus.fr\/anais-gimenez\/articles\/#primaryimage","url":"https:\/\/wordpress.h3campus.fr\/anais-gimenez\/wp-content\/uploads\/sites\/18\/2026\/04\/50616.jpg","contentUrl":"https:\/\/wordpress.h3campus.fr\/anais-gimenez\/wp-content\/uploads\/sites\/18\/2026\/04\/50616.jpg","width":1000,"height":667},{"@type":"BreadcrumbList","@id":"https:\/\/wordpress.h3campus.fr\/anais-gimenez\/articles\/#breadcrumb","itemListElement":[{"@type":"ListItem","position":1,"name":"Home","item":"https:\/\/wordpress.h3campus.fr\/anais-gimenez\/"},{"@type":"ListItem","position":2,"name":"Articles"}]},{"@type":"WebSite","@id":"https:\/\/wordpress.h3campus.fr\/anais-gimenez\/#website","url":"https:\/\/wordpress.h3campus.fr\/anais-gimenez\/","name":"bongo\u00fbt","description":"Ce blog est n\u00e9 de cette passion : d\u00e9couvrir des restaurants, tester des lieux vari\u00e9s et partager mes vraies impressions. Pas de recommandations \u201cparce qu\u2019il faut en parler\u201d, mais uniquement des adresses que j\u2019ai aim\u00e9es, ou qui valent sinc\u00e8rement le d\u00e9tour.&lt;br&gt;\u00c0 travers votre \u00e9cran, je vous emm\u00e8ne avec moi dans mes explorations culinaires partout en France. Vous y trouverez des restaurants simples, des p\u00e9pites cach\u00e9es, des concepts originaux, mais aussi parfois des lieux plus connus revisit\u00e9s avec mon regard. ","publisher":{"@id":"https:\/\/wordpress.h3campus.fr\/anais-gimenez\/#organization"},"potentialAction":[{"@type":"SearchAction","target":{"@type":"EntryPoint","urlTemplate":"https:\/\/wordpress.h3campus.fr\/anais-gimenez\/?s={search_term_string}"},"query-input":{"@type":"PropertyValueSpecification","valueRequired":true,"valueName":"search_term_string"}}],"inLanguage":"fr-FR"},{"@type":"Organization","@id":"https:\/\/wordpress.h3campus.fr\/anais-gimenez\/#organization","name":"bongo\u00fbt","url":"https:\/\/wordpress.h3campus.fr\/anais-gimenez\/","logo":{"@type":"ImageObject","inLanguage":"fr-FR","@id":"https:\/\/wordpress.h3campus.fr\/anais-gimenez\/#\/schema\/logo\/image\/","url":"https:\/\/wordpress.h3campus.fr\/anais-gimenez\/wp-content\/uploads\/sites\/18\/2026\/04\/cropped-cropped-logo-1.png","contentUrl":"https:\/\/wordpress.h3campus.fr\/anais-gimenez\/wp-content\/uploads\/sites\/18\/2026\/04\/cropped-cropped-logo-1.png","width":1079,"height":1551,"caption":"bongo\u00fbt"},"image":{"@id":"https:\/\/wordpress.h3campus.fr\/anais-gimenez\/#\/schema\/logo\/image\/"}}]}},"_links":{"self":[{"href":"https:\/\/wordpress.h3campus.fr\/anais-gimenez\/wp-json\/wp\/v2\/pages\/76","targetHints":{"allow":["GET"]}}],"collection":[{"href":"https:\/\/wordpress.h3campus.fr\/anais-gimenez\/wp-json\/wp\/v2\/pages"}],"about":[{"href":"https:\/\/wordpress.h3campus.fr\/anais-gimenez\/wp-json\/wp\/v2\/types\/page"}],"author":[{"embeddable":true,"href":"https:\/\/wordpress.h3campus.fr\/anais-gimenez\/wp-json\/wp\/v2\/users\/15"}],"replies":[{"embeddable":true,"href":"https:\/\/wordpress.h3campus.fr\/anais-gimenez\/wp-json\/wp\/v2\/comments?post=76"}],"version-history":[{"count":4,"href":"https:\/\/wordpress.h3campus.fr\/anais-gimenez\/wp-json\/wp\/v2\/pages\/76\/revisions"}],"predecessor-version":[{"id":139,"href":"https:\/\/wordpress.h3campus.fr\/anais-gimenez\/wp-json\/wp\/v2\/pages\/76\/revisions\/139"}],"wp:attachment":[{"href":"https:\/\/wordpress.h3campus.fr\/anais-gimenez\/wp-json\/wp\/v2\/media?parent=76"}],"curies":[{"name":"wp","href":"https:\/\/api.w.org\/{rel}","templated":true}]}}