{"id":28,"date":"2026-04-03T09:36:11","date_gmt":"2026-04-03T07:36:11","guid":{"rendered":"https:\/\/wordpress.h3campus.fr\/anais-gimenez\/?page_id=28"},"modified":"2026-05-02T14:40:12","modified_gmt":"2026-05-02T12:40:12","slug":"politique-de-confidentialite","status":"publish","type":"page","link":"https:\/\/wordpress.h3campus.fr\/anais-gimenez\/politique-de-confidentialite\/","title":{"rendered":"Politique de confidentialit\u00e9"},"content":{"rendered":"\n<p>Le site BONGO\u00dbT accorde une grande importance \u00e0 la protection de vos donn\u00e9es personnelles et au respect de votre vie priv\u00e9e.<\/p>\n\n\n\n<p>Lorsque vous vous inscrivez \u00e0 la newsletter ou que vous utilisez les formulaires du site, certaines informations peuvent \u00eatre collect\u00e9es, comme votre adresse e-mail ou votre pr\u00e9nom. Ces donn\u00e9es sont uniquement utilis\u00e9es pour vous envoyer des actualit\u00e9s, des articles r\u00e9cents et des contenus li\u00e9s aux bonnes adresses gourmandes propos\u00e9es sur le blog.<\/p>\n\n\n\n<p>Vos donn\u00e9es ne sont en aucun cas revendues ou transmises \u00e0 des tiers sans votre consentement. Elles sont conserv\u00e9es de mani\u00e8re s\u00e9curis\u00e9e et uniquement pendant la dur\u00e9e n\u00e9cessaire \u00e0 leur utilisation.<\/p>\n\n\n\n<p>Vous pouvez \u00e0 tout moment vous d\u00e9sinscrire de la newsletter en cliquant sur le lien pr\u00e9vu \u00e0 cet effet dans chaque email, ou demander la suppression de vos donn\u00e9es en nous contactant directement.<\/p>\n\n\n\n<p>Le site peut utiliser des outils d\u2019analyse afin de mieux comprendre la fr\u00e9quentation et am\u00e9liorer l\u2019exp\u00e9rience utilisateur, dans le respect des r\u00e8gles de confidentialit\u00e9 en vigueur.<\/p>\n\n\n\n<p>Pour toute question concernant vos donn\u00e9es personnelles, vous pouvez nous contacter \u00e0 l\u2019adresse suivante : bongo\u00fbt@gmail.fr.<\/p>\n","protected":false},"excerpt":{"rendered":"<p>Le site BONGO\u00dbT accorde une grande importance \u00e0 la protection de vos donn\u00e9es personnelles et au respect de votre vie [&hellip;]<\/p>\n","protected":false},"author":15,"featured_media":0,"parent":0,"menu_order":0,"comment_status":"closed","ping_status":"closed","template":"","meta":{"site-sidebar-layout":"default","site-content-layout":"","ast-site-content-layout":"default","site-content-style":"default","site-sidebar-style":"default","ast-global-header-display":"","ast-banner-title-visibility":"","ast-main-header-display":"","ast-hfb-above-header-display":"","ast-hfb-below-header-display":"","ast-hfb-mobile-header-display":"","site-post-title":"","ast-breadcrumbs-content":"","ast-featured-img":"","footer-sml-layout":"","ast-disable-related-posts":"","theme-transparent-header-meta":"","adv-header-id-meta":"","stick-header-meta":"","header-above-stick-meta":"","header-main-stick-meta":"","header-below-stick-meta":"","astra-migrate-meta-layouts":"default","ast-page-background-enabled":"default","ast-page-background-meta":{"desktop":{"background-color":"var(--ast-global-color-5)","background-image":"","background-repeat":"repeat","background-position":"center center","background-size":"auto","background-attachment":"scroll","background-type":"","background-media":"","overlay-type":"","overlay-color":"","overlay-opacity":"","overlay-gradient":""},"tablet":{"background-color":"","background-image":"","background-repeat":"repeat","background-position":"center center","background-size":"auto","background-attachment":"scroll","background-type":"","background-media":"","overlay-type":"","overlay-color":"","overlay-opacity":"","overlay-gradient":""},"mobile":{"background-color":"","background-image":"","background-repeat":"repeat","background-position":"center center","background-size":"auto","background-attachment":"scroll","background-type":"","background-media":"","overlay-type":"","overlay-color":"","overlay-opacity":"","overlay-gradient":""}},"ast-content-background-meta":{"desktop":{"background-color":"var(--ast-global-color-4)","background-image":"","background-repeat":"repeat","background-position":"center center","background-size":"auto","background-attachment":"scroll","background-type":"","background-media":"","overlay-type":"","overlay-color":"","overlay-opacity":"","overlay-gradient":""},"tablet":{"background-color":"var(--ast-global-color-4)","background-image":"","background-repeat":"repeat","background-position":"center center","background-size":"auto","background-attachment":"scroll","background-type":"","background-media":"","overlay-type":"","overlay-color":"","overlay-opacity":"","overlay-gradient":""},"mobile":{"background-color":"var(--ast-global-color-4)","background-image":"","background-repeat":"repeat","background-position":"center center","background-size":"auto","background-attachment":"scroll","background-type":"","background-media":"","overlay-type":"","overlay-color":"","overlay-opacity":"","overlay-gradient":""}},"footnotes":""},"class_list":["post-28","page","type-page","status-publish","hentry"],"yoast_head":"<!-- This site is optimized with the Yoast SEO plugin v27.4 - https:\/\/yoast.com\/product\/yoast-seo-wordpress\/ -->\n<title>Politique de confidentialit\u00e9 - bongo\u00fbt<\/title>\n<meta name=\"robots\" content=\"index, follow, max-snippet:-1, max-image-preview:large, max-video-preview:-1\" \/>\n<link rel=\"canonical\" href=\"https:\/\/wordpress.h3campus.fr\/anais-gimenez\/politique-de-confidentialite\/\" \/>\n<meta property=\"og:locale\" content=\"fr_FR\" \/>\n<meta property=\"og:type\" content=\"article\" \/>\n<meta property=\"og:title\" content=\"Politique de confidentialit\u00e9 - bongo\u00fbt\" \/>\n<meta property=\"og:description\" content=\"Le site BONGO\u00dbT accorde une grande importance \u00e0 la protection de vos donn\u00e9es personnelles et au respect de votre vie [&hellip;]\" \/>\n<meta property=\"og:url\" content=\"https:\/\/wordpress.h3campus.fr\/anais-gimenez\/politique-de-confidentialite\/\" \/>\n<meta property=\"og:site_name\" content=\"bongo\u00fbt\" \/>\n<meta property=\"article:modified_time\" content=\"2026-05-02T12:40:12+00:00\" \/>\n<meta name=\"twitter:card\" content=\"summary_large_image\" \/>\n<meta name=\"twitter:label1\" content=\"Est. reading time\" \/>\n\t<meta name=\"twitter:data1\" content=\"1 minute\" \/>\n<script type=\"application\/ld+json\" class=\"yoast-schema-graph\">{\"@context\":\"https:\\\/\\\/schema.org\",\"@graph\":[{\"@type\":\"WebPage\",\"@id\":\"https:\\\/\\\/wordpress.h3campus.fr\\\/anais-gimenez\\\/politique-de-confidentialite\\\/\",\"url\":\"https:\\\/\\\/wordpress.h3campus.fr\\\/anais-gimenez\\\/politique-de-confidentialite\\\/\",\"name\":\"Politique de confidentialit\u00e9 - bongo\u00fbt\",\"isPartOf\":{\"@id\":\"https:\\\/\\\/wordpress.h3campus.fr\\\/anais-gimenez\\\/#website\"},\"datePublished\":\"2026-04-03T07:36:11+00:00\",\"dateModified\":\"2026-05-02T12:40:12+00:00\",\"breadcrumb\":{\"@id\":\"https:\\\/\\\/wordpress.h3campus.fr\\\/anais-gimenez\\\/politique-de-confidentialite\\\/#breadcrumb\"},\"inLanguage\":\"fr-FR\",\"potentialAction\":[{\"@type\":\"ReadAction\",\"target\":[\"https:\\\/\\\/wordpress.h3campus.fr\\\/anais-gimenez\\\/politique-de-confidentialite\\\/\"]}]},{\"@type\":\"BreadcrumbList\",\"@id\":\"https:\\\/\\\/wordpress.h3campus.fr\\\/anais-gimenez\\\/politique-de-confidentialite\\\/#breadcrumb\",\"itemListElement\":[{\"@type\":\"ListItem\",\"position\":1,\"name\":\"Home\",\"item\":\"https:\\\/\\\/wordpress.h3campus.fr\\\/anais-gimenez\\\/\"},{\"@type\":\"ListItem\",\"position\":2,\"name\":\"Politique de confidentialit\u00e9\"}]},{\"@type\":\"WebSite\",\"@id\":\"https:\\\/\\\/wordpress.h3campus.fr\\\/anais-gimenez\\\/#website\",\"url\":\"https:\\\/\\\/wordpress.h3campus.fr\\\/anais-gimenez\\\/\",\"name\":\"bongo\u00fbt\",\"description\":\"Ce blog est n\u00e9 de cette passion : d\u00e9couvrir des restaurants, tester des lieux vari\u00e9s et partager mes vraies impressions. Pas de recommandations \u201cparce qu\u2019il faut en parler\u201d, mais uniquement des adresses que j\u2019ai aim\u00e9es, ou qui valent sinc\u00e8rement le d\u00e9tour.&lt;br&gt;\u00c0 travers votre \u00e9cran, je vous emm\u00e8ne avec moi dans mes explorations culinaires partout en France. Vous y trouverez des restaurants simples, des p\u00e9pites cach\u00e9es, des concepts originaux, mais aussi parfois des lieux plus connus revisit\u00e9s avec mon regard. \",\"publisher\":{\"@id\":\"https:\\\/\\\/wordpress.h3campus.fr\\\/anais-gimenez\\\/#organization\"},\"potentialAction\":[{\"@type\":\"SearchAction\",\"target\":{\"@type\":\"EntryPoint\",\"urlTemplate\":\"https:\\\/\\\/wordpress.h3campus.fr\\\/anais-gimenez\\\/?s={search_term_string}\"},\"query-input\":{\"@type\":\"PropertyValueSpecification\",\"valueRequired\":true,\"valueName\":\"search_term_string\"}}],\"inLanguage\":\"fr-FR\"},{\"@type\":\"Organization\",\"@id\":\"https:\\\/\\\/wordpress.h3campus.fr\\\/anais-gimenez\\\/#organization\",\"name\":\"bongo\u00fbt\",\"url\":\"https:\\\/\\\/wordpress.h3campus.fr\\\/anais-gimenez\\\/\",\"logo\":{\"@type\":\"ImageObject\",\"inLanguage\":\"fr-FR\",\"@id\":\"https:\\\/\\\/wordpress.h3campus.fr\\\/anais-gimenez\\\/#\\\/schema\\\/logo\\\/image\\\/\",\"url\":\"https:\\\/\\\/wordpress.h3campus.fr\\\/anais-gimenez\\\/wp-content\\\/uploads\\\/sites\\\/18\\\/2026\\\/04\\\/cropped-cropped-logo-1.png\",\"contentUrl\":\"https:\\\/\\\/wordpress.h3campus.fr\\\/anais-gimenez\\\/wp-content\\\/uploads\\\/sites\\\/18\\\/2026\\\/04\\\/cropped-cropped-logo-1.png\",\"width\":1079,\"height\":1551,\"caption\":\"bongo\u00fbt\"},\"image\":{\"@id\":\"https:\\\/\\\/wordpress.h3campus.fr\\\/anais-gimenez\\\/#\\\/schema\\\/logo\\\/image\\\/\"}}]}<\/script>\n<!-- \/ Yoast SEO plugin. -->","yoast_head_json":{"title":"Politique de confidentialit\u00e9 - bongo\u00fbt","robots":{"index":"index","follow":"follow","max-snippet":"max-snippet:-1","max-image-preview":"max-image-preview:large","max-video-preview":"max-video-preview:-1"},"canonical":"https:\/\/wordpress.h3campus.fr\/anais-gimenez\/politique-de-confidentialite\/","og_locale":"fr_FR","og_type":"article","og_title":"Politique de confidentialit\u00e9 - bongo\u00fbt","og_description":"Le site BONGO\u00dbT accorde une grande importance \u00e0 la protection de vos donn\u00e9es personnelles et au respect de votre vie [&hellip;]","og_url":"https:\/\/wordpress.h3campus.fr\/anais-gimenez\/politique-de-confidentialite\/","og_site_name":"bongo\u00fbt","article_modified_time":"2026-05-02T12:40:12+00:00","twitter_card":"summary_large_image","twitter_misc":{"Est. reading time":"1 minute"},"schema":{"@context":"https:\/\/schema.org","@graph":[{"@type":"WebPage","@id":"https:\/\/wordpress.h3campus.fr\/anais-gimenez\/politique-de-confidentialite\/","url":"https:\/\/wordpress.h3campus.fr\/anais-gimenez\/politique-de-confidentialite\/","name":"Politique de confidentialit\u00e9 - bongo\u00fbt","isPartOf":{"@id":"https:\/\/wordpress.h3campus.fr\/anais-gimenez\/#website"},"datePublished":"2026-04-03T07:36:11+00:00","dateModified":"2026-05-02T12:40:12+00:00","breadcrumb":{"@id":"https:\/\/wordpress.h3campus.fr\/anais-gimenez\/politique-de-confidentialite\/#breadcrumb"},"inLanguage":"fr-FR","potentialAction":[{"@type":"ReadAction","target":["https:\/\/wordpress.h3campus.fr\/anais-gimenez\/politique-de-confidentialite\/"]}]},{"@type":"BreadcrumbList","@id":"https:\/\/wordpress.h3campus.fr\/anais-gimenez\/politique-de-confidentialite\/#breadcrumb","itemListElement":[{"@type":"ListItem","position":1,"name":"Home","item":"https:\/\/wordpress.h3campus.fr\/anais-gimenez\/"},{"@type":"ListItem","position":2,"name":"Politique de confidentialit\u00e9"}]},{"@type":"WebSite","@id":"https:\/\/wordpress.h3campus.fr\/anais-gimenez\/#website","url":"https:\/\/wordpress.h3campus.fr\/anais-gimenez\/","name":"bongo\u00fbt","description":"Ce blog est n\u00e9 de cette passion : d\u00e9couvrir des restaurants, tester des lieux vari\u00e9s et partager mes vraies impressions. Pas de recommandations \u201cparce qu\u2019il faut en parler\u201d, mais uniquement des adresses que j\u2019ai aim\u00e9es, ou qui valent sinc\u00e8rement le d\u00e9tour.&lt;br&gt;\u00c0 travers votre \u00e9cran, je vous emm\u00e8ne avec moi dans mes explorations culinaires partout en France. Vous y trouverez des restaurants simples, des p\u00e9pites cach\u00e9es, des concepts originaux, mais aussi parfois des lieux plus connus revisit\u00e9s avec mon regard. ","publisher":{"@id":"https:\/\/wordpress.h3campus.fr\/anais-gimenez\/#organization"},"potentialAction":[{"@type":"SearchAction","target":{"@type":"EntryPoint","urlTemplate":"https:\/\/wordpress.h3campus.fr\/anais-gimenez\/?s={search_term_string}"},"query-input":{"@type":"PropertyValueSpecification","valueRequired":true,"valueName":"search_term_string"}}],"inLanguage":"fr-FR"},{"@type":"Organization","@id":"https:\/\/wordpress.h3campus.fr\/anais-gimenez\/#organization","name":"bongo\u00fbt","url":"https:\/\/wordpress.h3campus.fr\/anais-gimenez\/","logo":{"@type":"ImageObject","inLanguage":"fr-FR","@id":"https:\/\/wordpress.h3campus.fr\/anais-gimenez\/#\/schema\/logo\/image\/","url":"https:\/\/wordpress.h3campus.fr\/anais-gimenez\/wp-content\/uploads\/sites\/18\/2026\/04\/cropped-cropped-logo-1.png","contentUrl":"https:\/\/wordpress.h3campus.fr\/anais-gimenez\/wp-content\/uploads\/sites\/18\/2026\/04\/cropped-cropped-logo-1.png","width":1079,"height":1551,"caption":"bongo\u00fbt"},"image":{"@id":"https:\/\/wordpress.h3campus.fr\/anais-gimenez\/#\/schema\/logo\/image\/"}}]}},"_links":{"self":[{"href":"https:\/\/wordpress.h3campus.fr\/anais-gimenez\/wp-json\/wp\/v2\/pages\/28","targetHints":{"allow":["GET"]}}],"collection":[{"href":"https:\/\/wordpress.h3campus.fr\/anais-gimenez\/wp-json\/wp\/v2\/pages"}],"about":[{"href":"https:\/\/wordpress.h3campus.fr\/anais-gimenez\/wp-json\/wp\/v2\/types\/page"}],"author":[{"embeddable":true,"href":"https:\/\/wordpress.h3campus.fr\/anais-gimenez\/wp-json\/wp\/v2\/users\/15"}],"replies":[{"embeddable":true,"href":"https:\/\/wordpress.h3campus.fr\/anais-gimenez\/wp-json\/wp\/v2\/comments?post=28"}],"version-history":[{"count":2,"href":"https:\/\/wordpress.h3campus.fr\/anais-gimenez\/wp-json\/wp\/v2\/pages\/28\/revisions"}],"predecessor-version":[{"id":162,"href":"https:\/\/wordpress.h3campus.fr\/anais-gimenez\/wp-json\/wp\/v2\/pages\/28\/revisions\/162"}],"wp:attachment":[{"href":"https:\/\/wordpress.h3campus.fr\/anais-gimenez\/wp-json\/wp\/v2\/media?parent=28"}],"curies":[{"name":"wp","href":"https:\/\/api.w.org\/{rel}","templated":true}]}}