{"id":15,"date":"2026-04-03T09:16:07","date_gmt":"2026-04-03T07:16:07","guid":{"rendered":"https:\/\/wordpress.h3campus.fr\/anais-gimenez\/?page_id=15"},"modified":"2026-05-02T10:04:19","modified_gmt":"2026-05-02T08:04:19","slug":"collaborations","status":"publish","type":"page","link":"https:\/\/wordpress.h3campus.fr\/anais-gimenez\/collaborations\/","title":{"rendered":"Collaborations"},"content":{"rendered":"\n<div class=\"wp-block-cover alignfull\" style=\"min-height:270px;aspect-ratio:unset;\"><img fetchpriority=\"high\" decoding=\"async\" width=\"1000\" height=\"665\" class=\"wp-block-cover__image-background wp-image-141\" alt=\"\" src=\"https:\/\/wordpress.h3campus.fr\/anais-gimenez\/wp-content\/uploads\/sites\/18\/2026\/05\/2149277919.jpg\" data-object-fit=\"cover\" srcset=\"https:\/\/wordpress.h3campus.fr\/anais-gimenez\/wp-content\/uploads\/sites\/18\/2026\/05\/2149277919.jpg 1000w, https:\/\/wordpress.h3campus.fr\/anais-gimenez\/wp-content\/uploads\/sites\/18\/2026\/05\/2149277919-300x200.jpg 300w, https:\/\/wordpress.h3campus.fr\/anais-gimenez\/wp-content\/uploads\/sites\/18\/2026\/05\/2149277919-768x511.jpg 768w, https:\/\/wordpress.h3campus.fr\/anais-gimenez\/wp-content\/uploads\/sites\/18\/2026\/05\/2149277919-600x399.jpg 600w\" sizes=\"(max-width: 1000px) 100vw, 1000px\" \/><span aria-hidden=\"true\" class=\"wp-block-cover__background has-background-dim\"><\/span><div class=\"wp-block-cover__inner-container is-layout-flow wp-block-cover-is-layout-flow\">\n<p><\/p>\n\n\n\n<div class=\"wp-block-buttons is-layout-flex wp-block-buttons-is-layout-flex\">\n<div class=\"wp-block-button has-custom-width wp-block-button__width-100\"><a class=\"wp-block-button__link has-medium-font-size has-custom-font-size wp-element-button\" style=\"padding-top:var(--wp--preset--spacing--60);padding-right:0;padding-bottom:var(--wp--preset--spacing--60);padding-left:0\">Collaborons !<\/a><\/div>\n<\/div>\n<\/div><\/div>\n\n\n\n<h1 class=\"wp-block-heading has-medium-font-size\" style=\"border-top-left-radius:0px;border-top-right-radius:0px;border-bottom-left-radius:0px;border-bottom-right-radius:0px;margin-top:var(--wp--preset--spacing--60);margin-right:0;margin-bottom:var(--wp--preset--spacing--60);margin-left:0;padding-top:0;padding-right:var(--wp--preset--spacing--40);padding-bottom:0;padding-left:var(--wp--preset--spacing--40)\">Vous \u00eates restaurateur et souhaitez faire d\u00e9couvrir votre \u00e9tablissement ?<\/h1>\n\n\n\n<p class=\"has-ast-global-color-5-background-color has-background has-small-font-size\" style=\"padding-top:var(--wp--preset--spacing--30);padding-bottom:var(--wp--preset--spacing--30)\">BONGO\u00dbT met en avant des adresses s\u00e9lectionn\u00e9es avec soin \u00e0 travers des articles, des recommandations et du contenu authentique. Chaque lieu est test\u00e9 afin de proposer une exp\u00e9rience r\u00e9elle et qualitative \u00e0 une communaut\u00e9 de passionn\u00e9s de gastronomie.<\/p>\n\n\n\n<p class=\"has-small-font-size\">Je propose diff\u00e9rents types de collaborations :<\/p>\n\n\n\n<ul class=\"wp-block-list has-small-font-size\">\n<li>test de restaurant avec article d\u00e9di\u00e9<\/li>\n\n\n\n<li style=\"margin-top:0;margin-right:0;margin-bottom:0;margin-left:0\">mise en avant sur les r\u00e9seaux sociaux<\/li>\n\n\n\n<li>cr\u00e9ation de contenu (photos et vid\u00e9os)<\/li>\n\n\n\n<li>int\u00e9gration dans des guides th\u00e9matiques<\/li>\n<\/ul>\n\n\n\n<p class=\"has-small-font-size\" style=\"margin-top:0;margin-bottom:0\">Ces collaborations permettent de valoriser votre \u00e9tablissement, d\u2019augmenter votre visibilit\u00e9 et de toucher une audience cibl\u00e9e \u00e0 la recherche de nouvelles adresses.<\/p>\n\n\n\n<p class=\"has-small-font-size\">Les partenariats peuvent prendre la forme d\u2019une invitation, d\u2019une collaboration ponctuelle ou d\u2019un projet sur le long terme.<\/p>\n\n\n\n<p class=\"has-ast-global-color-4-background-color has-background\">Pour toute demande, vous pouvez me contacter \u00e0 l\u2019adresse suivante :<br>\ud83d\udce9\u00a0<a>bongout@gmail.fr<\/a><\/p>\n\n\n\n<p><\/p>\n","protected":false},"excerpt":{"rendered":"<p>Vous \u00eates restaurateur et souhaitez faire d\u00e9couvrir votre \u00e9tablissement ? BONGO\u00dbT met en avant des adresses s\u00e9lectionn\u00e9es avec soin \u00e0 [&hellip;]<\/p>\n","protected":false},"author":15,"featured_media":0,"parent":0,"menu_order":0,"comment_status":"closed","ping_status":"closed","template":"","meta":{"site-sidebar-layout":"default","site-content-layout":"","ast-site-content-layout":"default","site-content-style":"default","site-sidebar-style":"default","ast-global-header-display":"","ast-banner-title-visibility":"","ast-main-header-display":"","ast-hfb-above-header-display":"","ast-hfb-below-header-display":"","ast-hfb-mobile-header-display":"","site-post-title":"","ast-breadcrumbs-content":"","ast-featured-img":"","footer-sml-layout":"","ast-disable-related-posts":"","theme-transparent-header-meta":"","adv-header-id-meta":"","stick-header-meta":"","header-above-stick-meta":"","header-main-stick-meta":"","header-below-stick-meta":"","astra-migrate-meta-layouts":"default","ast-page-background-enabled":"default","ast-page-background-meta":{"desktop":{"background-color":"var(--ast-global-color-5)","background-image":"","background-repeat":"repeat","background-position":"center center","background-size":"auto","background-attachment":"scroll","background-type":"","background-media":"","overlay-type":"","overlay-color":"","overlay-opacity":"","overlay-gradient":""},"tablet":{"background-color":"","background-image":"","background-repeat":"repeat","background-position":"center center","background-size":"auto","background-attachment":"scroll","background-type":"","background-media":"","overlay-type":"","overlay-color":"","overlay-opacity":"","overlay-gradient":""},"mobile":{"background-color":"","background-image":"","background-repeat":"repeat","background-position":"center center","background-size":"auto","background-attachment":"scroll","background-type":"","background-media":"","overlay-type":"","overlay-color":"","overlay-opacity":"","overlay-gradient":""}},"ast-content-background-meta":{"desktop":{"background-color":"var(--ast-global-color-4)","background-image":"","background-repeat":"repeat","background-position":"center center","background-size":"auto","background-attachment":"scroll","background-type":"","background-media":"","overlay-type":"","overlay-color":"","overlay-opacity":"","overlay-gradient":""},"tablet":{"background-color":"var(--ast-global-color-4)","background-image":"","background-repeat":"repeat","background-position":"center center","background-size":"auto","background-attachment":"scroll","background-type":"","background-media":"","overlay-type":"","overlay-color":"","overlay-opacity":"","overlay-gradient":""},"mobile":{"background-color":"var(--ast-global-color-4)","background-image":"","background-repeat":"repeat","background-position":"center center","background-size":"auto","background-attachment":"scroll","background-type":"","background-media":"","overlay-type":"","overlay-color":"","overlay-opacity":"","overlay-gradient":""}},"footnotes":""},"class_list":["post-15","page","type-page","status-publish","hentry"],"yoast_head":"<!-- This site is optimized with the Yoast SEO plugin v27.4 - https:\/\/yoast.com\/product\/yoast-seo-wordpress\/ -->\n<title>Collaborations - bongo\u00fbt<\/title>\n<meta name=\"robots\" content=\"index, follow, max-snippet:-1, max-image-preview:large, max-video-preview:-1\" \/>\n<link rel=\"canonical\" href=\"https:\/\/wordpress.h3campus.fr\/anais-gimenez\/collaborations\/\" \/>\n<meta property=\"og:locale\" content=\"fr_FR\" \/>\n<meta property=\"og:type\" content=\"article\" \/>\n<meta property=\"og:title\" content=\"Collaborations - bongo\u00fbt\" \/>\n<meta property=\"og:description\" content=\"Vous \u00eates restaurateur et souhaitez faire d\u00e9couvrir votre \u00e9tablissement ? BONGO\u00dbT met en avant des adresses s\u00e9lectionn\u00e9es avec soin \u00e0 [&hellip;]\" \/>\n<meta property=\"og:url\" content=\"https:\/\/wordpress.h3campus.fr\/anais-gimenez\/collaborations\/\" \/>\n<meta property=\"og:site_name\" content=\"bongo\u00fbt\" \/>\n<meta property=\"article:modified_time\" content=\"2026-05-02T08:04:19+00:00\" \/>\n<meta property=\"og:image\" content=\"https:\/\/wordpress.h3campus.fr\/anais-gimenez\/wp-content\/uploads\/sites\/18\/2026\/05\/2149277919.jpg\" \/>\n\t<meta property=\"og:image:width\" content=\"1000\" \/>\n\t<meta property=\"og:image:height\" content=\"665\" \/>\n\t<meta property=\"og:image:type\" content=\"image\/jpeg\" \/>\n<meta name=\"twitter:card\" content=\"summary_large_image\" \/>\n<meta name=\"twitter:label1\" content=\"Est. reading time\" \/>\n\t<meta name=\"twitter:data1\" content=\"1 minute\" \/>\n<script type=\"application\/ld+json\" class=\"yoast-schema-graph\">{\"@context\":\"https:\\\/\\\/schema.org\",\"@graph\":[{\"@type\":\"WebPage\",\"@id\":\"https:\\\/\\\/wordpress.h3campus.fr\\\/anais-gimenez\\\/collaborations\\\/\",\"url\":\"https:\\\/\\\/wordpress.h3campus.fr\\\/anais-gimenez\\\/collaborations\\\/\",\"name\":\"Collaborations - bongo\u00fbt\",\"isPartOf\":{\"@id\":\"https:\\\/\\\/wordpress.h3campus.fr\\\/anais-gimenez\\\/#website\"},\"primaryImageOfPage\":{\"@id\":\"https:\\\/\\\/wordpress.h3campus.fr\\\/anais-gimenez\\\/collaborations\\\/#primaryimage\"},\"image\":{\"@id\":\"https:\\\/\\\/wordpress.h3campus.fr\\\/anais-gimenez\\\/collaborations\\\/#primaryimage\"},\"thumbnailUrl\":\"https:\\\/\\\/wordpress.h3campus.fr\\\/anais-gimenez\\\/wp-content\\\/uploads\\\/sites\\\/18\\\/2026\\\/05\\\/2149277919.jpg\",\"datePublished\":\"2026-04-03T07:16:07+00:00\",\"dateModified\":\"2026-05-02T08:04:19+00:00\",\"breadcrumb\":{\"@id\":\"https:\\\/\\\/wordpress.h3campus.fr\\\/anais-gimenez\\\/collaborations\\\/#breadcrumb\"},\"inLanguage\":\"fr-FR\",\"potentialAction\":[{\"@type\":\"ReadAction\",\"target\":[\"https:\\\/\\\/wordpress.h3campus.fr\\\/anais-gimenez\\\/collaborations\\\/\"]}]},{\"@type\":\"ImageObject\",\"inLanguage\":\"fr-FR\",\"@id\":\"https:\\\/\\\/wordpress.h3campus.fr\\\/anais-gimenez\\\/collaborations\\\/#primaryimage\",\"url\":\"https:\\\/\\\/wordpress.h3campus.fr\\\/anais-gimenez\\\/wp-content\\\/uploads\\\/sites\\\/18\\\/2026\\\/05\\\/2149277919.jpg\",\"contentUrl\":\"https:\\\/\\\/wordpress.h3campus.fr\\\/anais-gimenez\\\/wp-content\\\/uploads\\\/sites\\\/18\\\/2026\\\/05\\\/2149277919.jpg\",\"width\":1000,\"height\":665},{\"@type\":\"BreadcrumbList\",\"@id\":\"https:\\\/\\\/wordpress.h3campus.fr\\\/anais-gimenez\\\/collaborations\\\/#breadcrumb\",\"itemListElement\":[{\"@type\":\"ListItem\",\"position\":1,\"name\":\"Home\",\"item\":\"https:\\\/\\\/wordpress.h3campus.fr\\\/anais-gimenez\\\/\"},{\"@type\":\"ListItem\",\"position\":2,\"name\":\"Collaborations\"}]},{\"@type\":\"WebSite\",\"@id\":\"https:\\\/\\\/wordpress.h3campus.fr\\\/anais-gimenez\\\/#website\",\"url\":\"https:\\\/\\\/wordpress.h3campus.fr\\\/anais-gimenez\\\/\",\"name\":\"bongo\u00fbt\",\"description\":\"Ce blog est n\u00e9 de cette passion : d\u00e9couvrir des restaurants, tester des lieux vari\u00e9s et partager mes vraies impressions. Pas de recommandations \u201cparce qu\u2019il faut en parler\u201d, mais uniquement des adresses que j\u2019ai aim\u00e9es, ou qui valent sinc\u00e8rement le d\u00e9tour.&lt;br&gt;\u00c0 travers votre \u00e9cran, je vous emm\u00e8ne avec moi dans mes explorations culinaires partout en France. Vous y trouverez des restaurants simples, des p\u00e9pites cach\u00e9es, des concepts originaux, mais aussi parfois des lieux plus connus revisit\u00e9s avec mon regard. \",\"publisher\":{\"@id\":\"https:\\\/\\\/wordpress.h3campus.fr\\\/anais-gimenez\\\/#organization\"},\"potentialAction\":[{\"@type\":\"SearchAction\",\"target\":{\"@type\":\"EntryPoint\",\"urlTemplate\":\"https:\\\/\\\/wordpress.h3campus.fr\\\/anais-gimenez\\\/?s={search_term_string}\"},\"query-input\":{\"@type\":\"PropertyValueSpecification\",\"valueRequired\":true,\"valueName\":\"search_term_string\"}}],\"inLanguage\":\"fr-FR\"},{\"@type\":\"Organization\",\"@id\":\"https:\\\/\\\/wordpress.h3campus.fr\\\/anais-gimenez\\\/#organization\",\"name\":\"bongo\u00fbt\",\"url\":\"https:\\\/\\\/wordpress.h3campus.fr\\\/anais-gimenez\\\/\",\"logo\":{\"@type\":\"ImageObject\",\"inLanguage\":\"fr-FR\",\"@id\":\"https:\\\/\\\/wordpress.h3campus.fr\\\/anais-gimenez\\\/#\\\/schema\\\/logo\\\/image\\\/\",\"url\":\"https:\\\/\\\/wordpress.h3campus.fr\\\/anais-gimenez\\\/wp-content\\\/uploads\\\/sites\\\/18\\\/2026\\\/04\\\/cropped-cropped-logo-1.png\",\"contentUrl\":\"https:\\\/\\\/wordpress.h3campus.fr\\\/anais-gimenez\\\/wp-content\\\/uploads\\\/sites\\\/18\\\/2026\\\/04\\\/cropped-cropped-logo-1.png\",\"width\":1079,\"height\":1551,\"caption\":\"bongo\u00fbt\"},\"image\":{\"@id\":\"https:\\\/\\\/wordpress.h3campus.fr\\\/anais-gimenez\\\/#\\\/schema\\\/logo\\\/image\\\/\"}}]}<\/script>\n<!-- \/ Yoast SEO plugin. -->","yoast_head_json":{"title":"Collaborations - bongo\u00fbt","robots":{"index":"index","follow":"follow","max-snippet":"max-snippet:-1","max-image-preview":"max-image-preview:large","max-video-preview":"max-video-preview:-1"},"canonical":"https:\/\/wordpress.h3campus.fr\/anais-gimenez\/collaborations\/","og_locale":"fr_FR","og_type":"article","og_title":"Collaborations - bongo\u00fbt","og_description":"Vous \u00eates restaurateur et souhaitez faire d\u00e9couvrir votre \u00e9tablissement ? BONGO\u00dbT met en avant des adresses s\u00e9lectionn\u00e9es avec soin \u00e0 [&hellip;]","og_url":"https:\/\/wordpress.h3campus.fr\/anais-gimenez\/collaborations\/","og_site_name":"bongo\u00fbt","article_modified_time":"2026-05-02T08:04:19+00:00","og_image":[{"width":1000,"height":665,"url":"https:\/\/wordpress.h3campus.fr\/anais-gimenez\/wp-content\/uploads\/sites\/18\/2026\/05\/2149277919.jpg","type":"image\/jpeg"}],"twitter_card":"summary_large_image","twitter_misc":{"Est. reading time":"1 minute"},"schema":{"@context":"https:\/\/schema.org","@graph":[{"@type":"WebPage","@id":"https:\/\/wordpress.h3campus.fr\/anais-gimenez\/collaborations\/","url":"https:\/\/wordpress.h3campus.fr\/anais-gimenez\/collaborations\/","name":"Collaborations - bongo\u00fbt","isPartOf":{"@id":"https:\/\/wordpress.h3campus.fr\/anais-gimenez\/#website"},"primaryImageOfPage":{"@id":"https:\/\/wordpress.h3campus.fr\/anais-gimenez\/collaborations\/#primaryimage"},"image":{"@id":"https:\/\/wordpress.h3campus.fr\/anais-gimenez\/collaborations\/#primaryimage"},"thumbnailUrl":"https:\/\/wordpress.h3campus.fr\/anais-gimenez\/wp-content\/uploads\/sites\/18\/2026\/05\/2149277919.jpg","datePublished":"2026-04-03T07:16:07+00:00","dateModified":"2026-05-02T08:04:19+00:00","breadcrumb":{"@id":"https:\/\/wordpress.h3campus.fr\/anais-gimenez\/collaborations\/#breadcrumb"},"inLanguage":"fr-FR","potentialAction":[{"@type":"ReadAction","target":["https:\/\/wordpress.h3campus.fr\/anais-gimenez\/collaborations\/"]}]},{"@type":"ImageObject","inLanguage":"fr-FR","@id":"https:\/\/wordpress.h3campus.fr\/anais-gimenez\/collaborations\/#primaryimage","url":"https:\/\/wordpress.h3campus.fr\/anais-gimenez\/wp-content\/uploads\/sites\/18\/2026\/05\/2149277919.jpg","contentUrl":"https:\/\/wordpress.h3campus.fr\/anais-gimenez\/wp-content\/uploads\/sites\/18\/2026\/05\/2149277919.jpg","width":1000,"height":665},{"@type":"BreadcrumbList","@id":"https:\/\/wordpress.h3campus.fr\/anais-gimenez\/collaborations\/#breadcrumb","itemListElement":[{"@type":"ListItem","position":1,"name":"Home","item":"https:\/\/wordpress.h3campus.fr\/anais-gimenez\/"},{"@type":"ListItem","position":2,"name":"Collaborations"}]},{"@type":"WebSite","@id":"https:\/\/wordpress.h3campus.fr\/anais-gimenez\/#website","url":"https:\/\/wordpress.h3campus.fr\/anais-gimenez\/","name":"bongo\u00fbt","description":"Ce blog est n\u00e9 de cette passion : d\u00e9couvrir des restaurants, tester des lieux vari\u00e9s et partager mes vraies impressions. Pas de recommandations \u201cparce qu\u2019il faut en parler\u201d, mais uniquement des adresses que j\u2019ai aim\u00e9es, ou qui valent sinc\u00e8rement le d\u00e9tour.&lt;br&gt;\u00c0 travers votre \u00e9cran, je vous emm\u00e8ne avec moi dans mes explorations culinaires partout en France. Vous y trouverez des restaurants simples, des p\u00e9pites cach\u00e9es, des concepts originaux, mais aussi parfois des lieux plus connus revisit\u00e9s avec mon regard. ","publisher":{"@id":"https:\/\/wordpress.h3campus.fr\/anais-gimenez\/#organization"},"potentialAction":[{"@type":"SearchAction","target":{"@type":"EntryPoint","urlTemplate":"https:\/\/wordpress.h3campus.fr\/anais-gimenez\/?s={search_term_string}"},"query-input":{"@type":"PropertyValueSpecification","valueRequired":true,"valueName":"search_term_string"}}],"inLanguage":"fr-FR"},{"@type":"Organization","@id":"https:\/\/wordpress.h3campus.fr\/anais-gimenez\/#organization","name":"bongo\u00fbt","url":"https:\/\/wordpress.h3campus.fr\/anais-gimenez\/","logo":{"@type":"ImageObject","inLanguage":"fr-FR","@id":"https:\/\/wordpress.h3campus.fr\/anais-gimenez\/#\/schema\/logo\/image\/","url":"https:\/\/wordpress.h3campus.fr\/anais-gimenez\/wp-content\/uploads\/sites\/18\/2026\/04\/cropped-cropped-logo-1.png","contentUrl":"https:\/\/wordpress.h3campus.fr\/anais-gimenez\/wp-content\/uploads\/sites\/18\/2026\/04\/cropped-cropped-logo-1.png","width":1079,"height":1551,"caption":"bongo\u00fbt"},"image":{"@id":"https:\/\/wordpress.h3campus.fr\/anais-gimenez\/#\/schema\/logo\/image\/"}}]}},"_links":{"self":[{"href":"https:\/\/wordpress.h3campus.fr\/anais-gimenez\/wp-json\/wp\/v2\/pages\/15","targetHints":{"allow":["GET"]}}],"collection":[{"href":"https:\/\/wordpress.h3campus.fr\/anais-gimenez\/wp-json\/wp\/v2\/pages"}],"about":[{"href":"https:\/\/wordpress.h3campus.fr\/anais-gimenez\/wp-json\/wp\/v2\/types\/page"}],"author":[{"embeddable":true,"href":"https:\/\/wordpress.h3campus.fr\/anais-gimenez\/wp-json\/wp\/v2\/users\/15"}],"replies":[{"embeddable":true,"href":"https:\/\/wordpress.h3campus.fr\/anais-gimenez\/wp-json\/wp\/v2\/comments?post=15"}],"version-history":[{"count":3,"href":"https:\/\/wordpress.h3campus.fr\/anais-gimenez\/wp-json\/wp\/v2\/pages\/15\/revisions"}],"predecessor-version":[{"id":144,"href":"https:\/\/wordpress.h3campus.fr\/anais-gimenez\/wp-json\/wp\/v2\/pages\/15\/revisions\/144"}],"wp:attachment":[{"href":"https:\/\/wordpress.h3campus.fr\/anais-gimenez\/wp-json\/wp\/v2\/media?parent=15"}],"curies":[{"name":"wp","href":"https:\/\/api.w.org\/{rel}","templated":true}]}}