{"id":13,"date":"2026-04-03T09:15:44","date_gmt":"2026-04-03T07:15:44","guid":{"rendered":"https:\/\/wordpress.h3campus.fr\/anais-gimenez\/?page_id=13"},"modified":"2026-04-30T09:23:53","modified_gmt":"2026-04-30T07:23:53","slug":"guides","status":"publish","type":"page","link":"https:\/\/wordpress.h3campus.fr\/anais-gimenez\/guides\/","title":{"rendered":"Guides"},"content":{"rendered":"\n<div class=\"wp-block-media-text is-stacked-on-mobile is-image-fill-element\" style=\"border-style:none;border-width:0px;border-top-left-radius:0px;border-top-right-radius:0px;border-bottom-left-radius:0px;border-bottom-right-radius:0px;padding-top:0;padding-bottom:0;grid-template-columns:54% auto\"><figure class=\"wp-block-media-text__media\"><img fetchpriority=\"high\" decoding=\"async\" width=\"1000\" height=\"560\" src=\"https:\/\/wordpress.h3campus.fr\/anais-gimenez\/wp-content\/uploads\/sites\/18\/2026\/04\/32938.jpg\" alt=\"\" class=\"wp-image-61 size-full\" style=\"object-position:50% 50%\" srcset=\"https:\/\/wordpress.h3campus.fr\/anais-gimenez\/wp-content\/uploads\/sites\/18\/2026\/04\/32938.jpg 1000w, https:\/\/wordpress.h3campus.fr\/anais-gimenez\/wp-content\/uploads\/sites\/18\/2026\/04\/32938-300x168.jpg 300w, https:\/\/wordpress.h3campus.fr\/anais-gimenez\/wp-content\/uploads\/sites\/18\/2026\/04\/32938-768x430.jpg 768w, https:\/\/wordpress.h3campus.fr\/anais-gimenez\/wp-content\/uploads\/sites\/18\/2026\/04\/32938-600x336.jpg 600w\" sizes=\"(max-width: 1000px) 100vw, 1000px\" \/><\/figure><div class=\"wp-block-media-text__content\">\n<p class=\"has-text-align-left\">Dans la rubrique \u201cGuides\u201d, je vous propose des s\u00e9lections th\u00e9matiques pour vous aider \u00e0 trouver facilement le restaurant parfait selon vos envies. Que vous cherchiez un bon brunch, une adresse romantique, un resto pas cher ou une p\u00e9pite cach\u00e9e, je partage avec vous mes meilleures recommandations, test\u00e9es et approuv\u00e9es, pour chaque occasion.<\/p>\n<\/div><\/div>\n\n\n\n<ul class=\"wp-block-list\">\n<li><\/li>\n<\/ul>\n\n\n\n<p><\/p>\n","protected":false},"excerpt":{"rendered":"<p>Dans la rubrique \u201cGuides\u201d, je vous propose des s\u00e9lections th\u00e9matiques pour vous aider \u00e0 trouver facilement le restaurant parfait selon [&hellip;]<\/p>\n","protected":false},"author":15,"featured_media":0,"parent":0,"menu_order":0,"comment_status":"closed","ping_status":"closed","template":"","meta":{"site-sidebar-layout":"default","site-content-layout":"","ast-site-content-layout":"default","site-content-style":"default","site-sidebar-style":"default","ast-global-header-display":"","ast-banner-title-visibility":"","ast-main-header-display":"","ast-hfb-above-header-display":"","ast-hfb-below-header-display":"","ast-hfb-mobile-header-display":"","site-post-title":"","ast-breadcrumbs-content":"","ast-featured-img":"","footer-sml-layout":"","ast-disable-related-posts":"","theme-transparent-header-meta":"","adv-header-id-meta":"","stick-header-meta":"","header-above-stick-meta":"","header-main-stick-meta":"","header-below-stick-meta":"","astra-migrate-meta-layouts":"default","ast-page-background-enabled":"default","ast-page-background-meta":{"desktop":{"background-color":"var(--ast-global-color-5)","background-image":"","background-repeat":"repeat","background-position":"center center","background-size":"auto","background-attachment":"scroll","background-type":"","background-media":"","overlay-type":"","overlay-color":"","overlay-opacity":"","overlay-gradient":""},"tablet":{"background-color":"","background-image":"","background-repeat":"repeat","background-position":"center center","background-size":"auto","background-attachment":"scroll","background-type":"","background-media":"","overlay-type":"","overlay-color":"","overlay-opacity":"","overlay-gradient":""},"mobile":{"background-color":"","background-image":"","background-repeat":"repeat","background-position":"center center","background-size":"auto","background-attachment":"scroll","background-type":"","background-media":"","overlay-type":"","overlay-color":"","overlay-opacity":"","overlay-gradient":""}},"ast-content-background-meta":{"desktop":{"background-color":"var(--ast-global-color-4)","background-image":"","background-repeat":"repeat","background-position":"center center","background-size":"auto","background-attachment":"scroll","background-type":"","background-media":"","overlay-type":"","overlay-color":"","overlay-opacity":"","overlay-gradient":""},"tablet":{"background-color":"var(--ast-global-color-4)","background-image":"","background-repeat":"repeat","background-position":"center center","background-size":"auto","background-attachment":"scroll","background-type":"","background-media":"","overlay-type":"","overlay-color":"","overlay-opacity":"","overlay-gradient":""},"mobile":{"background-color":"var(--ast-global-color-4)","background-image":"","background-repeat":"repeat","background-position":"center center","background-size":"auto","background-attachment":"scroll","background-type":"","background-media":"","overlay-type":"","overlay-color":"","overlay-opacity":"","overlay-gradient":""}},"footnotes":""},"class_list":["post-13","page","type-page","status-publish","hentry"],"yoast_head":"<!-- This site is optimized with the Yoast SEO plugin v27.4 - https:\/\/yoast.com\/product\/yoast-seo-wordpress\/ -->\n<title>Guides - bongo\u00fbt<\/title>\n<meta name=\"robots\" content=\"index, follow, max-snippet:-1, max-image-preview:large, max-video-preview:-1\" \/>\n<link rel=\"canonical\" href=\"https:\/\/wordpress.h3campus.fr\/anais-gimenez\/guides\/\" \/>\n<meta property=\"og:locale\" content=\"fr_FR\" \/>\n<meta property=\"og:type\" content=\"article\" \/>\n<meta property=\"og:title\" content=\"Guides - bongo\u00fbt\" \/>\n<meta property=\"og:description\" content=\"Dans la rubrique \u201cGuides\u201d, je vous propose des s\u00e9lections th\u00e9matiques pour vous aider \u00e0 trouver facilement le restaurant parfait selon [&hellip;]\" \/>\n<meta property=\"og:url\" content=\"https:\/\/wordpress.h3campus.fr\/anais-gimenez\/guides\/\" \/>\n<meta property=\"og:site_name\" content=\"bongo\u00fbt\" \/>\n<meta property=\"article:modified_time\" content=\"2026-04-30T07:23:53+00:00\" \/>\n<meta property=\"og:image\" content=\"https:\/\/wordpress.h3campus.fr\/anais-gimenez\/wp-content\/uploads\/sites\/18\/2026\/04\/32938.jpg\" \/>\n\t<meta property=\"og:image:width\" content=\"1000\" \/>\n\t<meta property=\"og:image:height\" content=\"560\" \/>\n\t<meta property=\"og:image:type\" content=\"image\/jpeg\" \/>\n<meta name=\"twitter:card\" content=\"summary_large_image\" \/>\n<meta name=\"twitter:label1\" content=\"Est. reading time\" \/>\n\t<meta name=\"twitter:data1\" content=\"1 minute\" \/>\n<script type=\"application\/ld+json\" class=\"yoast-schema-graph\">{\"@context\":\"https:\\\/\\\/schema.org\",\"@graph\":[{\"@type\":\"WebPage\",\"@id\":\"https:\\\/\\\/wordpress.h3campus.fr\\\/anais-gimenez\\\/guides\\\/\",\"url\":\"https:\\\/\\\/wordpress.h3campus.fr\\\/anais-gimenez\\\/guides\\\/\",\"name\":\"Guides - bongo\u00fbt\",\"isPartOf\":{\"@id\":\"https:\\\/\\\/wordpress.h3campus.fr\\\/anais-gimenez\\\/#website\"},\"primaryImageOfPage\":{\"@id\":\"https:\\\/\\\/wordpress.h3campus.fr\\\/anais-gimenez\\\/guides\\\/#primaryimage\"},\"image\":{\"@id\":\"https:\\\/\\\/wordpress.h3campus.fr\\\/anais-gimenez\\\/guides\\\/#primaryimage\"},\"thumbnailUrl\":\"https:\\\/\\\/wordpress.h3campus.fr\\\/anais-gimenez\\\/wp-content\\\/uploads\\\/sites\\\/18\\\/2026\\\/04\\\/32938.jpg\",\"datePublished\":\"2026-04-03T07:15:44+00:00\",\"dateModified\":\"2026-04-30T07:23:53+00:00\",\"breadcrumb\":{\"@id\":\"https:\\\/\\\/wordpress.h3campus.fr\\\/anais-gimenez\\\/guides\\\/#breadcrumb\"},\"inLanguage\":\"fr-FR\",\"potentialAction\":[{\"@type\":\"ReadAction\",\"target\":[\"https:\\\/\\\/wordpress.h3campus.fr\\\/anais-gimenez\\\/guides\\\/\"]}]},{\"@type\":\"ImageObject\",\"inLanguage\":\"fr-FR\",\"@id\":\"https:\\\/\\\/wordpress.h3campus.fr\\\/anais-gimenez\\\/guides\\\/#primaryimage\",\"url\":\"https:\\\/\\\/wordpress.h3campus.fr\\\/anais-gimenez\\\/wp-content\\\/uploads\\\/sites\\\/18\\\/2026\\\/04\\\/32938.jpg\",\"contentUrl\":\"https:\\\/\\\/wordpress.h3campus.fr\\\/anais-gimenez\\\/wp-content\\\/uploads\\\/sites\\\/18\\\/2026\\\/04\\\/32938.jpg\",\"width\":1000,\"height\":560},{\"@type\":\"BreadcrumbList\",\"@id\":\"https:\\\/\\\/wordpress.h3campus.fr\\\/anais-gimenez\\\/guides\\\/#breadcrumb\",\"itemListElement\":[{\"@type\":\"ListItem\",\"position\":1,\"name\":\"Home\",\"item\":\"https:\\\/\\\/wordpress.h3campus.fr\\\/anais-gimenez\\\/\"},{\"@type\":\"ListItem\",\"position\":2,\"name\":\"Guides\"}]},{\"@type\":\"WebSite\",\"@id\":\"https:\\\/\\\/wordpress.h3campus.fr\\\/anais-gimenez\\\/#website\",\"url\":\"https:\\\/\\\/wordpress.h3campus.fr\\\/anais-gimenez\\\/\",\"name\":\"bongo\u00fbt\",\"description\":\"Ce blog est n\u00e9 de cette passion : d\u00e9couvrir des restaurants, tester des lieux vari\u00e9s et partager mes vraies impressions. Pas de recommandations \u201cparce qu\u2019il faut en parler\u201d, mais uniquement des adresses que j\u2019ai aim\u00e9es, ou qui valent sinc\u00e8rement le d\u00e9tour.&lt;br&gt;\u00c0 travers votre \u00e9cran, je vous emm\u00e8ne avec moi dans mes explorations culinaires partout en France. Vous y trouverez des restaurants simples, des p\u00e9pites cach\u00e9es, des concepts originaux, mais aussi parfois des lieux plus connus revisit\u00e9s avec mon regard. \",\"publisher\":{\"@id\":\"https:\\\/\\\/wordpress.h3campus.fr\\\/anais-gimenez\\\/#organization\"},\"potentialAction\":[{\"@type\":\"SearchAction\",\"target\":{\"@type\":\"EntryPoint\",\"urlTemplate\":\"https:\\\/\\\/wordpress.h3campus.fr\\\/anais-gimenez\\\/?s={search_term_string}\"},\"query-input\":{\"@type\":\"PropertyValueSpecification\",\"valueRequired\":true,\"valueName\":\"search_term_string\"}}],\"inLanguage\":\"fr-FR\"},{\"@type\":\"Organization\",\"@id\":\"https:\\\/\\\/wordpress.h3campus.fr\\\/anais-gimenez\\\/#organization\",\"name\":\"bongo\u00fbt\",\"url\":\"https:\\\/\\\/wordpress.h3campus.fr\\\/anais-gimenez\\\/\",\"logo\":{\"@type\":\"ImageObject\",\"inLanguage\":\"fr-FR\",\"@id\":\"https:\\\/\\\/wordpress.h3campus.fr\\\/anais-gimenez\\\/#\\\/schema\\\/logo\\\/image\\\/\",\"url\":\"https:\\\/\\\/wordpress.h3campus.fr\\\/anais-gimenez\\\/wp-content\\\/uploads\\\/sites\\\/18\\\/2026\\\/04\\\/cropped-cropped-logo-1.png\",\"contentUrl\":\"https:\\\/\\\/wordpress.h3campus.fr\\\/anais-gimenez\\\/wp-content\\\/uploads\\\/sites\\\/18\\\/2026\\\/04\\\/cropped-cropped-logo-1.png\",\"width\":1079,\"height\":1551,\"caption\":\"bongo\u00fbt\"},\"image\":{\"@id\":\"https:\\\/\\\/wordpress.h3campus.fr\\\/anais-gimenez\\\/#\\\/schema\\\/logo\\\/image\\\/\"}}]}<\/script>\n<!-- \/ Yoast SEO plugin. -->","yoast_head_json":{"title":"Guides - bongo\u00fbt","robots":{"index":"index","follow":"follow","max-snippet":"max-snippet:-1","max-image-preview":"max-image-preview:large","max-video-preview":"max-video-preview:-1"},"canonical":"https:\/\/wordpress.h3campus.fr\/anais-gimenez\/guides\/","og_locale":"fr_FR","og_type":"article","og_title":"Guides - bongo\u00fbt","og_description":"Dans la rubrique \u201cGuides\u201d, je vous propose des s\u00e9lections th\u00e9matiques pour vous aider \u00e0 trouver facilement le restaurant parfait selon [&hellip;]","og_url":"https:\/\/wordpress.h3campus.fr\/anais-gimenez\/guides\/","og_site_name":"bongo\u00fbt","article_modified_time":"2026-04-30T07:23:53+00:00","og_image":[{"width":1000,"height":560,"url":"https:\/\/wordpress.h3campus.fr\/anais-gimenez\/wp-content\/uploads\/sites\/18\/2026\/04\/32938.jpg","type":"image\/jpeg"}],"twitter_card":"summary_large_image","twitter_misc":{"Est. reading time":"1 minute"},"schema":{"@context":"https:\/\/schema.org","@graph":[{"@type":"WebPage","@id":"https:\/\/wordpress.h3campus.fr\/anais-gimenez\/guides\/","url":"https:\/\/wordpress.h3campus.fr\/anais-gimenez\/guides\/","name":"Guides - bongo\u00fbt","isPartOf":{"@id":"https:\/\/wordpress.h3campus.fr\/anais-gimenez\/#website"},"primaryImageOfPage":{"@id":"https:\/\/wordpress.h3campus.fr\/anais-gimenez\/guides\/#primaryimage"},"image":{"@id":"https:\/\/wordpress.h3campus.fr\/anais-gimenez\/guides\/#primaryimage"},"thumbnailUrl":"https:\/\/wordpress.h3campus.fr\/anais-gimenez\/wp-content\/uploads\/sites\/18\/2026\/04\/32938.jpg","datePublished":"2026-04-03T07:15:44+00:00","dateModified":"2026-04-30T07:23:53+00:00","breadcrumb":{"@id":"https:\/\/wordpress.h3campus.fr\/anais-gimenez\/guides\/#breadcrumb"},"inLanguage":"fr-FR","potentialAction":[{"@type":"ReadAction","target":["https:\/\/wordpress.h3campus.fr\/anais-gimenez\/guides\/"]}]},{"@type":"ImageObject","inLanguage":"fr-FR","@id":"https:\/\/wordpress.h3campus.fr\/anais-gimenez\/guides\/#primaryimage","url":"https:\/\/wordpress.h3campus.fr\/anais-gimenez\/wp-content\/uploads\/sites\/18\/2026\/04\/32938.jpg","contentUrl":"https:\/\/wordpress.h3campus.fr\/anais-gimenez\/wp-content\/uploads\/sites\/18\/2026\/04\/32938.jpg","width":1000,"height":560},{"@type":"BreadcrumbList","@id":"https:\/\/wordpress.h3campus.fr\/anais-gimenez\/guides\/#breadcrumb","itemListElement":[{"@type":"ListItem","position":1,"name":"Home","item":"https:\/\/wordpress.h3campus.fr\/anais-gimenez\/"},{"@type":"ListItem","position":2,"name":"Guides"}]},{"@type":"WebSite","@id":"https:\/\/wordpress.h3campus.fr\/anais-gimenez\/#website","url":"https:\/\/wordpress.h3campus.fr\/anais-gimenez\/","name":"bongo\u00fbt","description":"Ce blog est n\u00e9 de cette passion : d\u00e9couvrir des restaurants, tester des lieux vari\u00e9s et partager mes vraies impressions. Pas de recommandations \u201cparce qu\u2019il faut en parler\u201d, mais uniquement des adresses que j\u2019ai aim\u00e9es, ou qui valent sinc\u00e8rement le d\u00e9tour.&lt;br&gt;\u00c0 travers votre \u00e9cran, je vous emm\u00e8ne avec moi dans mes explorations culinaires partout en France. Vous y trouverez des restaurants simples, des p\u00e9pites cach\u00e9es, des concepts originaux, mais aussi parfois des lieux plus connus revisit\u00e9s avec mon regard. ","publisher":{"@id":"https:\/\/wordpress.h3campus.fr\/anais-gimenez\/#organization"},"potentialAction":[{"@type":"SearchAction","target":{"@type":"EntryPoint","urlTemplate":"https:\/\/wordpress.h3campus.fr\/anais-gimenez\/?s={search_term_string}"},"query-input":{"@type":"PropertyValueSpecification","valueRequired":true,"valueName":"search_term_string"}}],"inLanguage":"fr-FR"},{"@type":"Organization","@id":"https:\/\/wordpress.h3campus.fr\/anais-gimenez\/#organization","name":"bongo\u00fbt","url":"https:\/\/wordpress.h3campus.fr\/anais-gimenez\/","logo":{"@type":"ImageObject","inLanguage":"fr-FR","@id":"https:\/\/wordpress.h3campus.fr\/anais-gimenez\/#\/schema\/logo\/image\/","url":"https:\/\/wordpress.h3campus.fr\/anais-gimenez\/wp-content\/uploads\/sites\/18\/2026\/04\/cropped-cropped-logo-1.png","contentUrl":"https:\/\/wordpress.h3campus.fr\/anais-gimenez\/wp-content\/uploads\/sites\/18\/2026\/04\/cropped-cropped-logo-1.png","width":1079,"height":1551,"caption":"bongo\u00fbt"},"image":{"@id":"https:\/\/wordpress.h3campus.fr\/anais-gimenez\/#\/schema\/logo\/image\/"}}]}},"_links":{"self":[{"href":"https:\/\/wordpress.h3campus.fr\/anais-gimenez\/wp-json\/wp\/v2\/pages\/13","targetHints":{"allow":["GET"]}}],"collection":[{"href":"https:\/\/wordpress.h3campus.fr\/anais-gimenez\/wp-json\/wp\/v2\/pages"}],"about":[{"href":"https:\/\/wordpress.h3campus.fr\/anais-gimenez\/wp-json\/wp\/v2\/types\/page"}],"author":[{"embeddable":true,"href":"https:\/\/wordpress.h3campus.fr\/anais-gimenez\/wp-json\/wp\/v2\/users\/15"}],"replies":[{"embeddable":true,"href":"https:\/\/wordpress.h3campus.fr\/anais-gimenez\/wp-json\/wp\/v2\/comments?post=13"}],"version-history":[{"count":2,"href":"https:\/\/wordpress.h3campus.fr\/anais-gimenez\/wp-json\/wp\/v2\/pages\/13\/revisions"}],"predecessor-version":[{"id":62,"href":"https:\/\/wordpress.h3campus.fr\/anais-gimenez\/wp-json\/wp\/v2\/pages\/13\/revisions\/62"}],"wp:attachment":[{"href":"https:\/\/wordpress.h3campus.fr\/anais-gimenez\/wp-json\/wp\/v2\/media?parent=13"}],"curies":[{"name":"wp","href":"https:\/\/api.w.org\/{rel}","templated":true}]}}